{"id":96,"date":"2018-04-12T10:30:55","date_gmt":"2018-04-12T08:30:55","guid":{"rendered":"https:\/\/colombahotel.com\/?page_id=96"},"modified":"2026-05-11T14:30:08","modified_gmt":"2026-05-11T12:30:08","slug":"services-et-equipements","status":"publish","type":"page","link":"https:\/\/colombahotel.com\/fr\/services-et-equipements\/","title":{"rendered":"Services et \u00e9quipements"},"content":{"rendered":"<p>Notre H\u00f4tel offre \u00e0 tous ses clients des services de qualit\u00e9 \u00e0 l&rsquo;int\u00e9rieur et \u00e0 l&rsquo;ext\u00e9rieur des chambres. Nous avons toujours \u00e9t\u00e9 soucieux de rendre votre s\u00e9jour inoubliable.<\/p>\n","protected":false},"excerpt":{"rendered":"<p>Notre H\u00f4tel offre \u00e0 tous ses clients des services de qualit\u00e9 \u00e0 l&rsquo;int\u00e9rieur et \u00e0 l&rsquo;ext\u00e9rieur des chambres. Nous avons toujours \u00e9t\u00e9 soucieux de rendre votre s\u00e9jour inoubliable.<\/p>\n","protected":false},"author":1,"featured_media":99,"parent":0,"menu_order":0,"comment_status":"closed","ping_status":"closed","template":"page-services2.php","meta":{"_acf_changed":false,"footnotes":""},"class_list":["post-96","page","type-page","status-publish","has-post-thumbnail","hentry"],"acf":[],"yoast_head":"<!-- This site is optimized with the Yoast SEO plugin v24.6 - https:\/\/yoast.com\/wordpress\/plugins\/seo\/ -->\n<title>Services et \u00e9quipements - Hotel Colomba d&#039;Oro - Fra<\/title>\n<meta name=\"robots\" content=\"index, follow, max-snippet:-1, max-image-preview:large, max-video-preview:-1\" \/>\n<link rel=\"canonical\" href=\"https:\/\/colombahotel.com\/fr\/services-et-equipements\/\" \/>\n<meta property=\"og:locale\" content=\"fr_FR\" \/>\n<meta property=\"og:type\" content=\"article\" \/>\n<meta property=\"og:title\" content=\"Services et \u00e9quipements - Hotel Colomba d&#039;Oro - Fra\" \/>\n<meta property=\"og:description\" content=\"Notre H\u00f4tel offre \u00e0 tous ses clients des services de qualit\u00e9 \u00e0 l&rsquo;int\u00e9rieur et \u00e0 l&rsquo;ext\u00e9rieur des chambres. Nous avons toujours \u00e9t\u00e9 soucieux de rendre votre s\u00e9jour inoubliable.\" \/>\n<meta property=\"og:url\" content=\"https:\/\/colombahotel.com\/fr\/services-et-equipements\/\" \/>\n<meta property=\"og:site_name\" content=\"Hotel Colomba d&#039;Oro - Fra\" \/>\n<meta property=\"article:modified_time\" content=\"2026-05-11T12:30:08+00:00\" \/>\n<meta property=\"og:image\" content=\"https:\/\/colombahotel.com\/fr\/wp-content\/uploads\/sites\/5\/2018\/04\/229c854ebd5a4e8702322c4e8ae9108fab1ff8a9-1024x683.png\" \/>\n\t<meta property=\"og:image:width\" content=\"1024\" \/>\n\t<meta property=\"og:image:height\" content=\"683\" \/>\n\t<meta property=\"og:image:type\" content=\"image\/png\" \/>\n<meta name=\"twitter:card\" content=\"summary_large_image\" \/>\n<meta name=\"twitter:label1\" content=\"Dur\u00e9e de lecture estim\u00e9e\" \/>\n\t<meta name=\"twitter:data1\" content=\"1 minute\" \/>\n<script type=\"application\/ld+json\" class=\"yoast-schema-graph\">{\"@context\":\"https:\/\/schema.org\",\"@graph\":[{\"@type\":\"WebPage\",\"@id\":\"https:\/\/colombahotel.com\/fr\/services-et-equipements\/\",\"url\":\"https:\/\/colombahotel.com\/fr\/services-et-equipements\/\",\"name\":\"Services et \u00e9quipements - Hotel Colomba d&#039;Oro - Fra\",\"isPartOf\":{\"@id\":\"https:\/\/colombahotel.com\/fr\/#website\"},\"primaryImageOfPage\":{\"@id\":\"https:\/\/colombahotel.com\/fr\/services-et-equipements\/#primaryimage\"},\"image\":{\"@id\":\"https:\/\/colombahotel.com\/fr\/services-et-equipements\/#primaryimage\"},\"thumbnailUrl\":\"https:\/\/colombahotel.com\/fr\/wp-content\/uploads\/sites\/5\/2018\/04\/229c854ebd5a4e8702322c4e8ae9108fab1ff8a9.png\",\"datePublished\":\"2018-04-12T08:30:55+00:00\",\"dateModified\":\"2026-05-11T12:30:08+00:00\",\"inLanguage\":\"fr-FR\",\"potentialAction\":[{\"@type\":\"ReadAction\",\"target\":[\"https:\/\/colombahotel.com\/fr\/services-et-equipements\/\"]}]},{\"@type\":\"ImageObject\",\"inLanguage\":\"fr-FR\",\"@id\":\"https:\/\/colombahotel.com\/fr\/services-et-equipements\/#primaryimage\",\"url\":\"https:\/\/colombahotel.com\/fr\/wp-content\/uploads\/sites\/5\/2018\/04\/229c854ebd5a4e8702322c4e8ae9108fab1ff8a9.png\",\"contentUrl\":\"https:\/\/colombahotel.com\/fr\/wp-content\/uploads\/sites\/5\/2018\/04\/229c854ebd5a4e8702322c4e8ae9108fab1ff8a9.png\",\"width\":1920,\"height\":1280,\"caption\":\"Colazione all'Hotel Colomba d'Oro a Verona\"},{\"@type\":\"WebSite\",\"@id\":\"https:\/\/colombahotel.com\/fr\/#website\",\"url\":\"https:\/\/colombahotel.com\/fr\/\",\"name\":\"Hotel Colomba d'Oro\",\"description\":\"\",\"potentialAction\":[{\"@type\":\"SearchAction\",\"target\":{\"@type\":\"EntryPoint\",\"urlTemplate\":\"https:\/\/colombahotel.com\/fr\/?s={search_term_string}\"},\"query-input\":{\"@type\":\"PropertyValueSpecification\",\"valueRequired\":true,\"valueName\":\"search_term_string\"}}],\"inLanguage\":\"fr-FR\"}]}<\/script>\n<!-- \/ Yoast SEO plugin. -->","yoast_head_json":{"title":"Services et \u00e9quipements - Hotel Colomba d&#039;Oro - Fra","robots":{"index":"index","follow":"follow","max-snippet":"max-snippet:-1","max-image-preview":"max-image-preview:large","max-video-preview":"max-video-preview:-1"},"canonical":"https:\/\/colombahotel.com\/fr\/services-et-equipements\/","og_locale":"fr_FR","og_type":"article","og_title":"Services et \u00e9quipements - Hotel Colomba d&#039;Oro - Fra","og_description":"Notre H\u00f4tel offre \u00e0 tous ses clients des services de qualit\u00e9 \u00e0 l&rsquo;int\u00e9rieur et \u00e0 l&rsquo;ext\u00e9rieur des chambres. Nous avons toujours \u00e9t\u00e9 soucieux de rendre votre s\u00e9jour inoubliable.","og_url":"https:\/\/colombahotel.com\/fr\/services-et-equipements\/","og_site_name":"Hotel Colomba d&#039;Oro - Fra","article_modified_time":"2026-05-11T12:30:08+00:00","og_image":[{"width":1024,"height":683,"url":"https:\/\/colombahotel.com\/fr\/wp-content\/uploads\/sites\/5\/2018\/04\/229c854ebd5a4e8702322c4e8ae9108fab1ff8a9-1024x683.png","type":"image\/png"}],"twitter_card":"summary_large_image","twitter_misc":{"Dur\u00e9e de lecture estim\u00e9e":"1 minute"},"schema":{"@context":"https:\/\/schema.org","@graph":[{"@type":"WebPage","@id":"https:\/\/colombahotel.com\/fr\/services-et-equipements\/","url":"https:\/\/colombahotel.com\/fr\/services-et-equipements\/","name":"Services et \u00e9quipements - Hotel Colomba d&#039;Oro - Fra","isPartOf":{"@id":"https:\/\/colombahotel.com\/fr\/#website"},"primaryImageOfPage":{"@id":"https:\/\/colombahotel.com\/fr\/services-et-equipements\/#primaryimage"},"image":{"@id":"https:\/\/colombahotel.com\/fr\/services-et-equipements\/#primaryimage"},"thumbnailUrl":"https:\/\/colombahotel.com\/fr\/wp-content\/uploads\/sites\/5\/2018\/04\/229c854ebd5a4e8702322c4e8ae9108fab1ff8a9.png","datePublished":"2018-04-12T08:30:55+00:00","dateModified":"2026-05-11T12:30:08+00:00","inLanguage":"fr-FR","potentialAction":[{"@type":"ReadAction","target":["https:\/\/colombahotel.com\/fr\/services-et-equipements\/"]}]},{"@type":"ImageObject","inLanguage":"fr-FR","@id":"https:\/\/colombahotel.com\/fr\/services-et-equipements\/#primaryimage","url":"https:\/\/colombahotel.com\/fr\/wp-content\/uploads\/sites\/5\/2018\/04\/229c854ebd5a4e8702322c4e8ae9108fab1ff8a9.png","contentUrl":"https:\/\/colombahotel.com\/fr\/wp-content\/uploads\/sites\/5\/2018\/04\/229c854ebd5a4e8702322c4e8ae9108fab1ff8a9.png","width":1920,"height":1280,"caption":"Colazione all'Hotel Colomba d'Oro a Verona"},{"@type":"WebSite","@id":"https:\/\/colombahotel.com\/fr\/#website","url":"https:\/\/colombahotel.com\/fr\/","name":"Hotel Colomba d'Oro","description":"","potentialAction":[{"@type":"SearchAction","target":{"@type":"EntryPoint","urlTemplate":"https:\/\/colombahotel.com\/fr\/?s={search_term_string}"},"query-input":{"@type":"PropertyValueSpecification","valueRequired":true,"valueName":"search_term_string"}}],"inLanguage":"fr-FR"}]}},"_links":{"self":[{"href":"https:\/\/colombahotel.com\/fr\/wp-json\/wp\/v2\/pages\/96","targetHints":{"allow":["GET"]}}],"collection":[{"href":"https:\/\/colombahotel.com\/fr\/wp-json\/wp\/v2\/pages"}],"about":[{"href":"https:\/\/colombahotel.com\/fr\/wp-json\/wp\/v2\/types\/page"}],"author":[{"embeddable":true,"href":"https:\/\/colombahotel.com\/fr\/wp-json\/wp\/v2\/users\/1"}],"replies":[{"embeddable":true,"href":"https:\/\/colombahotel.com\/fr\/wp-json\/wp\/v2\/comments?post=96"}],"version-history":[{"count":6,"href":"https:\/\/colombahotel.com\/fr\/wp-json\/wp\/v2\/pages\/96\/revisions"}],"predecessor-version":[{"id":828,"href":"https:\/\/colombahotel.com\/fr\/wp-json\/wp\/v2\/pages\/96\/revisions\/828"}],"wp:featuredmedia":[{"embeddable":true,"href":"https:\/\/colombahotel.com\/fr\/wp-json\/wp\/v2\/media\/99"}],"wp:attachment":[{"href":"https:\/\/colombahotel.com\/fr\/wp-json\/wp\/v2\/media?parent=96"}],"curies":[{"name":"wp","href":"https:\/\/api.w.org\/{rel}","templated":true}]}}