{"id":920,"date":"2023-01-12T12:13:42","date_gmt":"2023-01-12T11:13:42","guid":{"rendered":"https:\/\/colombahotel.com\/fr\/?page_id=920"},"modified":"2023-01-17T14:18:05","modified_gmt":"2023-01-17T13:18:05","slug":"emplacement","status":"publish","type":"page","link":"https:\/\/colombahotel.com\/fr\/emplacement\/","title":{"rendered":"Emplacement"},"content":{"rendered":"<p>Plus qu&rsquo;une adresse, le <strong>Colomba d&rsquo;Oro<\/strong> est une destination. Nich\u00e9 au c\u0153ur de <strong>V\u00e9rone<\/strong>, il b\u00e9n\u00e9ficie d&rsquo;un emplacement unique \u00e0 proximit\u00e9 imm\u00e9diate des c\u00e9l\u00e8bres <strong>Ar\u00e8nes<\/strong>. Ce lieu privil\u00e9gi\u00e9 permet de profiter confortablement, \u00e0 pied ou <a href=\"https:\/\/colombahotel.com\/servizi\/lets-bike\/\">\u00e0 v\u00e9lo<\/a>, le temps d&rsquo;un s\u00e9jour d&rsquo;affaires ou de loisirs, du centre historique avec ses nombreux monuments, commerces et <a href=\"https:\/\/colombahotel.com\/breakfast-bar\/\">restaurants<\/a>. Notre personnel de r\u00e9ception se fera un plaisir de vous conseiller et de vous aider \u00e0 choisir et \u00e0 r\u00e9server tout ce qu&rsquo;il y a de mieux, rendant votre exp\u00e9rience \u00e0 V\u00e9rone unique et inoubliable.<\/p>\n","protected":false},"excerpt":{"rendered":"<p>Plus qu&rsquo;une adresse, le Colomba d&rsquo;Oro est une destination. Nich\u00e9 au c\u0153ur de V\u00e9rone, il b\u00e9n\u00e9ficie d&rsquo;un emplacement unique \u00e0 proximit\u00e9 imm\u00e9diate des c\u00e9l\u00e8bres Ar\u00e8nes. Ce lieu privil\u00e9gi\u00e9 permet de profiter confortablement, \u00e0 pied ou \u00e0 v\u00e9lo, le temps d&rsquo;un s\u00e9jour d&rsquo;affaires ou de loisirs, du centre historique avec ses nombreux monuments, commerces et restaurants. [&hellip;]<\/p>\n","protected":false},"author":1,"featured_media":975,"parent":0,"menu_order":0,"comment_status":"closed","ping_status":"closed","template":"page-location.php","meta":{"_acf_changed":false,"footnotes":""},"class_list":["post-920","page","type-page","status-publish","has-post-thumbnail","hentry"],"acf":[],"yoast_head":"<!-- This site is optimized with the Yoast SEO plugin v24.6 - https:\/\/yoast.com\/wordpress\/plugins\/seo\/ -->\n<title>Emplacement - Hotel Colomba d&#039;Oro - Fra<\/title>\n<meta name=\"robots\" content=\"index, follow, max-snippet:-1, max-image-preview:large, max-video-preview:-1\" \/>\n<link rel=\"canonical\" href=\"https:\/\/colombahotel.com\/fr\/emplacement\/\" \/>\n<meta property=\"og:locale\" content=\"fr_FR\" \/>\n<meta property=\"og:type\" content=\"article\" \/>\n<meta property=\"og:title\" content=\"Emplacement - Hotel Colomba d&#039;Oro - Fra\" \/>\n<meta property=\"og:description\" content=\"Plus qu&rsquo;une adresse, le Colomba d&rsquo;Oro est une destination. Nich\u00e9 au c\u0153ur de V\u00e9rone, il b\u00e9n\u00e9ficie d&rsquo;un emplacement unique \u00e0 proximit\u00e9 imm\u00e9diate des c\u00e9l\u00e8bres Ar\u00e8nes. Ce lieu privil\u00e9gi\u00e9 permet de profiter confortablement, \u00e0 pied ou \u00e0 v\u00e9lo, le temps d&rsquo;un s\u00e9jour d&rsquo;affaires ou de loisirs, du centre historique avec ses nombreux monuments, commerces et restaurants. [&hellip;]\" \/>\n<meta property=\"og:url\" content=\"https:\/\/colombahotel.com\/fr\/emplacement\/\" \/>\n<meta property=\"og:site_name\" content=\"Hotel Colomba d&#039;Oro - Fra\" \/>\n<meta property=\"article:modified_time\" content=\"2023-01-17T13:18:05+00:00\" \/>\n<meta property=\"og:image\" content=\"https:\/\/colombahotel.com\/fr\/wp-content\/uploads\/sites\/5\/2023\/01\/aerial2.jpg\" \/>\n\t<meta property=\"og:image:width\" content=\"1826\" \/>\n\t<meta property=\"og:image:height\" content=\"953\" \/>\n\t<meta property=\"og:image:type\" content=\"image\/jpeg\" \/>\n<meta name=\"twitter:card\" content=\"summary_large_image\" \/>\n<meta name=\"twitter:label1\" content=\"Dur\u00e9e de lecture estim\u00e9e\" \/>\n\t<meta name=\"twitter:data1\" content=\"1 minute\" \/>\n<script type=\"application\/ld+json\" class=\"yoast-schema-graph\">{\"@context\":\"https:\/\/schema.org\",\"@graph\":[{\"@type\":\"WebPage\",\"@id\":\"https:\/\/colombahotel.com\/fr\/emplacement\/\",\"url\":\"https:\/\/colombahotel.com\/fr\/emplacement\/\",\"name\":\"Emplacement - Hotel Colomba d&#039;Oro - Fra\",\"isPartOf\":{\"@id\":\"https:\/\/colombahotel.com\/fr\/#website\"},\"primaryImageOfPage\":{\"@id\":\"https:\/\/colombahotel.com\/fr\/emplacement\/#primaryimage\"},\"image\":{\"@id\":\"https:\/\/colombahotel.com\/fr\/emplacement\/#primaryimage\"},\"thumbnailUrl\":\"https:\/\/colombahotel.com\/fr\/wp-content\/uploads\/sites\/5\/2023\/01\/aerial2.jpg\",\"datePublished\":\"2023-01-12T11:13:42+00:00\",\"dateModified\":\"2023-01-17T13:18:05+00:00\",\"inLanguage\":\"fr-FR\",\"potentialAction\":[{\"@type\":\"ReadAction\",\"target\":[\"https:\/\/colombahotel.com\/fr\/emplacement\/\"]}]},{\"@type\":\"ImageObject\",\"inLanguage\":\"fr-FR\",\"@id\":\"https:\/\/colombahotel.com\/fr\/emplacement\/#primaryimage\",\"url\":\"https:\/\/colombahotel.com\/fr\/wp-content\/uploads\/sites\/5\/2023\/01\/aerial2.jpg\",\"contentUrl\":\"https:\/\/colombahotel.com\/fr\/wp-content\/uploads\/sites\/5\/2023\/01\/aerial2.jpg\",\"width\":1826,\"height\":953},{\"@type\":\"WebSite\",\"@id\":\"https:\/\/colombahotel.com\/fr\/#website\",\"url\":\"https:\/\/colombahotel.com\/fr\/\",\"name\":\"Hotel Colomba d'Oro\",\"description\":\"\",\"potentialAction\":[{\"@type\":\"SearchAction\",\"target\":{\"@type\":\"EntryPoint\",\"urlTemplate\":\"https:\/\/colombahotel.com\/fr\/?s={search_term_string}\"},\"query-input\":{\"@type\":\"PropertyValueSpecification\",\"valueRequired\":true,\"valueName\":\"search_term_string\"}}],\"inLanguage\":\"fr-FR\"}]}<\/script>\n<!-- \/ Yoast SEO plugin. -->","yoast_head_json":{"title":"Emplacement - Hotel Colomba d&#039;Oro - Fra","robots":{"index":"index","follow":"follow","max-snippet":"max-snippet:-1","max-image-preview":"max-image-preview:large","max-video-preview":"max-video-preview:-1"},"canonical":"https:\/\/colombahotel.com\/fr\/emplacement\/","og_locale":"fr_FR","og_type":"article","og_title":"Emplacement - Hotel Colomba d&#039;Oro - Fra","og_description":"Plus qu&rsquo;une adresse, le Colomba d&rsquo;Oro est une destination. Nich\u00e9 au c\u0153ur de V\u00e9rone, il b\u00e9n\u00e9ficie d&rsquo;un emplacement unique \u00e0 proximit\u00e9 imm\u00e9diate des c\u00e9l\u00e8bres Ar\u00e8nes. Ce lieu privil\u00e9gi\u00e9 permet de profiter confortablement, \u00e0 pied ou \u00e0 v\u00e9lo, le temps d&rsquo;un s\u00e9jour d&rsquo;affaires ou de loisirs, du centre historique avec ses nombreux monuments, commerces et restaurants. [&hellip;]","og_url":"https:\/\/colombahotel.com\/fr\/emplacement\/","og_site_name":"Hotel Colomba d&#039;Oro - Fra","article_modified_time":"2023-01-17T13:18:05+00:00","og_image":[{"width":1826,"height":953,"url":"https:\/\/colombahotel.com\/fr\/wp-content\/uploads\/sites\/5\/2023\/01\/aerial2.jpg","type":"image\/jpeg"}],"twitter_card":"summary_large_image","twitter_misc":{"Dur\u00e9e de lecture estim\u00e9e":"1 minute"},"schema":{"@context":"https:\/\/schema.org","@graph":[{"@type":"WebPage","@id":"https:\/\/colombahotel.com\/fr\/emplacement\/","url":"https:\/\/colombahotel.com\/fr\/emplacement\/","name":"Emplacement - Hotel Colomba d&#039;Oro - Fra","isPartOf":{"@id":"https:\/\/colombahotel.com\/fr\/#website"},"primaryImageOfPage":{"@id":"https:\/\/colombahotel.com\/fr\/emplacement\/#primaryimage"},"image":{"@id":"https:\/\/colombahotel.com\/fr\/emplacement\/#primaryimage"},"thumbnailUrl":"https:\/\/colombahotel.com\/fr\/wp-content\/uploads\/sites\/5\/2023\/01\/aerial2.jpg","datePublished":"2023-01-12T11:13:42+00:00","dateModified":"2023-01-17T13:18:05+00:00","inLanguage":"fr-FR","potentialAction":[{"@type":"ReadAction","target":["https:\/\/colombahotel.com\/fr\/emplacement\/"]}]},{"@type":"ImageObject","inLanguage":"fr-FR","@id":"https:\/\/colombahotel.com\/fr\/emplacement\/#primaryimage","url":"https:\/\/colombahotel.com\/fr\/wp-content\/uploads\/sites\/5\/2023\/01\/aerial2.jpg","contentUrl":"https:\/\/colombahotel.com\/fr\/wp-content\/uploads\/sites\/5\/2023\/01\/aerial2.jpg","width":1826,"height":953},{"@type":"WebSite","@id":"https:\/\/colombahotel.com\/fr\/#website","url":"https:\/\/colombahotel.com\/fr\/","name":"Hotel Colomba d'Oro","description":"","potentialAction":[{"@type":"SearchAction","target":{"@type":"EntryPoint","urlTemplate":"https:\/\/colombahotel.com\/fr\/?s={search_term_string}"},"query-input":{"@type":"PropertyValueSpecification","valueRequired":true,"valueName":"search_term_string"}}],"inLanguage":"fr-FR"}]}},"_links":{"self":[{"href":"https:\/\/colombahotel.com\/fr\/wp-json\/wp\/v2\/pages\/920","targetHints":{"allow":["GET"]}}],"collection":[{"href":"https:\/\/colombahotel.com\/fr\/wp-json\/wp\/v2\/pages"}],"about":[{"href":"https:\/\/colombahotel.com\/fr\/wp-json\/wp\/v2\/types\/page"}],"author":[{"embeddable":true,"href":"https:\/\/colombahotel.com\/fr\/wp-json\/wp\/v2\/users\/1"}],"replies":[{"embeddable":true,"href":"https:\/\/colombahotel.com\/fr\/wp-json\/wp\/v2\/comments?post=920"}],"version-history":[{"count":6,"href":"https:\/\/colombahotel.com\/fr\/wp-json\/wp\/v2\/pages\/920\/revisions"}],"predecessor-version":[{"id":974,"href":"https:\/\/colombahotel.com\/fr\/wp-json\/wp\/v2\/pages\/920\/revisions\/974"}],"wp:featuredmedia":[{"embeddable":true,"href":"https:\/\/colombahotel.com\/fr\/wp-json\/wp\/v2\/media\/975"}],"wp:attachment":[{"href":"https:\/\/colombahotel.com\/fr\/wp-json\/wp\/v2\/media?parent=920"}],"curies":[{"name":"wp","href":"https:\/\/api.w.org\/{rel}","templated":true}]}}