{"id":69,"date":"2018-04-10T10:05:55","date_gmt":"2018-04-10T08:05:55","guid":{"rendered":"https:\/\/colombahotel.com\/?page_id=69"},"modified":"2023-09-07T15:27:38","modified_gmt":"2023-09-07T13:27:38","slug":"histoire","status":"publish","type":"page","link":"https:\/\/colombahotel.com\/fr\/histoire\/","title":{"rendered":"Histoire"},"content":{"rendered":"<h3>V\u00e9rone, son histoire, l&rsquo;h\u00f4tel Colomba D&rsquo;Oro<\/h3>\n<p>L\u2019histoire d\u2019un h\u00f4tel est comme notre personnalit\u00e9: soit on la poss\u00e8de on soi-m\u00eame, soit on ne l\u2019a pas\u00a0: c\u2019est quelque chose qu\u2019on ne peut pas acheter. \u00c0 l\u2019H\u00f4tel Colomba d\u2019Oro, nous sommes fiers de conserver et d\u2019honorer un double h\u00e9ritage : l\u2019histoire du palais de la Renaissance que nous appelons notre maison, et l\u2019histoire de notre h\u00f4tel, qui a ouvert ses portes en 1837 et accueille depuis presque deux si\u00e8cles les voyageurs les plus illustres et les plus exigeants.<\/p>\n<p>Ce qui suit est la \u00ab double histoire \u00bb\u00a0: celle du Palais historique et celle de notre h\u00f4tel, ic\u00f4ne de l\u2019hospitalit\u00e9 italienne.<\/p>\n","protected":false},"excerpt":{"rendered":"<p>V\u00e9rone, son histoire, l&rsquo;h\u00f4tel Colomba D&rsquo;Oro L\u2019histoire d\u2019un h\u00f4tel est comme notre personnalit\u00e9: soit on la poss\u00e8de on soi-m\u00eame, soit on ne l\u2019a pas\u00a0: c\u2019est quelque chose qu\u2019on ne peut pas acheter. \u00c0 l\u2019H\u00f4tel Colomba d\u2019Oro, nous sommes fiers de conserver et d\u2019honorer un double h\u00e9ritage : l\u2019histoire du palais de la Renaissance que nous [&hellip;]<\/p>\n","protected":false},"author":1,"featured_media":0,"parent":0,"menu_order":0,"comment_status":"closed","ping_status":"closed","template":"page-timeline.php","meta":{"_acf_changed":false,"footnotes":""},"class_list":["post-69","page","type-page","status-publish","hentry"],"acf":[],"yoast_head":"<!-- This site is optimized with the Yoast SEO plugin v24.6 - https:\/\/yoast.com\/wordpress\/plugins\/seo\/ -->\n<title>Histoire - Hotel Colomba d&#039;Oro - Fra<\/title>\n<meta name=\"robots\" content=\"index, follow, max-snippet:-1, max-image-preview:large, max-video-preview:-1\" \/>\n<link rel=\"canonical\" href=\"https:\/\/colombahotel.com\/fr\/histoire\/\" \/>\n<meta property=\"og:locale\" content=\"fr_FR\" \/>\n<meta property=\"og:type\" content=\"article\" \/>\n<meta property=\"og:title\" content=\"Histoire - Hotel Colomba d&#039;Oro - Fra\" \/>\n<meta property=\"og:description\" content=\"V\u00e9rone, son histoire, l&rsquo;h\u00f4tel Colomba D&rsquo;Oro L\u2019histoire d\u2019un h\u00f4tel est comme notre personnalit\u00e9: soit on la poss\u00e8de on soi-m\u00eame, soit on ne l\u2019a pas\u00a0: c\u2019est quelque chose qu\u2019on ne peut pas acheter. \u00c0 l\u2019H\u00f4tel Colomba d\u2019Oro, nous sommes fiers de conserver et d\u2019honorer un double h\u00e9ritage : l\u2019histoire du palais de la Renaissance que nous [&hellip;]\" \/>\n<meta property=\"og:url\" content=\"https:\/\/colombahotel.com\/fr\/histoire\/\" \/>\n<meta property=\"og:site_name\" content=\"Hotel Colomba d&#039;Oro - Fra\" \/>\n<meta property=\"article:modified_time\" content=\"2023-09-07T13:27:38+00:00\" \/>\n<meta name=\"twitter:card\" content=\"summary_large_image\" \/>\n<meta name=\"twitter:label1\" content=\"Dur\u00e9e de lecture estim\u00e9e\" \/>\n\t<meta name=\"twitter:data1\" content=\"1 minute\" \/>\n<script type=\"application\/ld+json\" class=\"yoast-schema-graph\">{\"@context\":\"https:\/\/schema.org\",\"@graph\":[{\"@type\":\"WebPage\",\"@id\":\"https:\/\/colombahotel.com\/fr\/histoire\/\",\"url\":\"https:\/\/colombahotel.com\/fr\/histoire\/\",\"name\":\"Histoire - Hotel Colomba d&#039;Oro - Fra\",\"isPartOf\":{\"@id\":\"https:\/\/colombahotel.com\/fr\/#website\"},\"datePublished\":\"2018-04-10T08:05:55+00:00\",\"dateModified\":\"2023-09-07T13:27:38+00:00\",\"inLanguage\":\"fr-FR\",\"potentialAction\":[{\"@type\":\"ReadAction\",\"target\":[\"https:\/\/colombahotel.com\/fr\/histoire\/\"]}]},{\"@type\":\"WebSite\",\"@id\":\"https:\/\/colombahotel.com\/fr\/#website\",\"url\":\"https:\/\/colombahotel.com\/fr\/\",\"name\":\"Hotel Colomba d'Oro\",\"description\":\"\",\"potentialAction\":[{\"@type\":\"SearchAction\",\"target\":{\"@type\":\"EntryPoint\",\"urlTemplate\":\"https:\/\/colombahotel.com\/fr\/?s={search_term_string}\"},\"query-input\":{\"@type\":\"PropertyValueSpecification\",\"valueRequired\":true,\"valueName\":\"search_term_string\"}}],\"inLanguage\":\"fr-FR\"}]}<\/script>\n<!-- \/ Yoast SEO plugin. -->","yoast_head_json":{"title":"Histoire - Hotel Colomba d&#039;Oro - Fra","robots":{"index":"index","follow":"follow","max-snippet":"max-snippet:-1","max-image-preview":"max-image-preview:large","max-video-preview":"max-video-preview:-1"},"canonical":"https:\/\/colombahotel.com\/fr\/histoire\/","og_locale":"fr_FR","og_type":"article","og_title":"Histoire - Hotel Colomba d&#039;Oro - Fra","og_description":"V\u00e9rone, son histoire, l&rsquo;h\u00f4tel Colomba D&rsquo;Oro L\u2019histoire d\u2019un h\u00f4tel est comme notre personnalit\u00e9: soit on la poss\u00e8de on soi-m\u00eame, soit on ne l\u2019a pas\u00a0: c\u2019est quelque chose qu\u2019on ne peut pas acheter. \u00c0 l\u2019H\u00f4tel Colomba d\u2019Oro, nous sommes fiers de conserver et d\u2019honorer un double h\u00e9ritage : l\u2019histoire du palais de la Renaissance que nous [&hellip;]","og_url":"https:\/\/colombahotel.com\/fr\/histoire\/","og_site_name":"Hotel Colomba d&#039;Oro - Fra","article_modified_time":"2023-09-07T13:27:38+00:00","twitter_card":"summary_large_image","twitter_misc":{"Dur\u00e9e de lecture estim\u00e9e":"1 minute"},"schema":{"@context":"https:\/\/schema.org","@graph":[{"@type":"WebPage","@id":"https:\/\/colombahotel.com\/fr\/histoire\/","url":"https:\/\/colombahotel.com\/fr\/histoire\/","name":"Histoire - Hotel Colomba d&#039;Oro - Fra","isPartOf":{"@id":"https:\/\/colombahotel.com\/fr\/#website"},"datePublished":"2018-04-10T08:05:55+00:00","dateModified":"2023-09-07T13:27:38+00:00","inLanguage":"fr-FR","potentialAction":[{"@type":"ReadAction","target":["https:\/\/colombahotel.com\/fr\/histoire\/"]}]},{"@type":"WebSite","@id":"https:\/\/colombahotel.com\/fr\/#website","url":"https:\/\/colombahotel.com\/fr\/","name":"Hotel Colomba d'Oro","description":"","potentialAction":[{"@type":"SearchAction","target":{"@type":"EntryPoint","urlTemplate":"https:\/\/colombahotel.com\/fr\/?s={search_term_string}"},"query-input":{"@type":"PropertyValueSpecification","valueRequired":true,"valueName":"search_term_string"}}],"inLanguage":"fr-FR"}]}},"_links":{"self":[{"href":"https:\/\/colombahotel.com\/fr\/wp-json\/wp\/v2\/pages\/69","targetHints":{"allow":["GET"]}}],"collection":[{"href":"https:\/\/colombahotel.com\/fr\/wp-json\/wp\/v2\/pages"}],"about":[{"href":"https:\/\/colombahotel.com\/fr\/wp-json\/wp\/v2\/types\/page"}],"author":[{"embeddable":true,"href":"https:\/\/colombahotel.com\/fr\/wp-json\/wp\/v2\/users\/1"}],"replies":[{"embeddable":true,"href":"https:\/\/colombahotel.com\/fr\/wp-json\/wp\/v2\/comments?post=69"}],"version-history":[{"count":9,"href":"https:\/\/colombahotel.com\/fr\/wp-json\/wp\/v2\/pages\/69\/revisions"}],"predecessor-version":[{"id":1023,"href":"https:\/\/colombahotel.com\/fr\/wp-json\/wp\/v2\/pages\/69\/revisions\/1023"}],"wp:attachment":[{"href":"https:\/\/colombahotel.com\/fr\/wp-json\/wp\/v2\/media?parent=69"}],"curies":[{"name":"wp","href":"https:\/\/api.w.org\/{rel}","templated":true}]}}