{"id":6,"date":"2018-04-04T10:41:12","date_gmt":"2018-04-04T08:41:12","guid":{"rendered":"https:\/\/colombahotel.com\/?page_id=6"},"modified":"2026-03-12T14:40:12","modified_gmt":"2026-03-12T13:40:12","slug":"home-page","status":"publish","type":"page","link":"https:\/\/colombahotel.com\/fr\/","title":{"rendered":"L&rsquo;H\u00f4tel"},"content":{"rendered":"<h3>H\u00f4tel Colomba d\u2019Oro<\/h3>\n<h4>El\u00e9gance et charme, au coeur de V\u00e9rone<\/h4>\n<p>L\u2019H\u00f4tel Colomba d\u2019Oro, le seul h\u00f4tel 4 \u00e9toiles \u00e0 deux pas des Ar\u00e8nes de V\u00e9rone, est depuis toujours un point de r\u00e9f\u00e9rence pour les voyageurs les plus exigeants, gr\u00e2ce \u00e0 ses ambiances \u00e9l\u00e9gantes et romantiques qui maintiennent intact le charme de leur <a href=\"https:\/\/colombahotel.com\/histoire\/\">histoire<\/a>. Offrez-vous le privil\u00e8ge de s\u00e9journer dans un endroit si pr\u00e9cieux, qui a fait tomber amoureux des artistes et des \u00e9crivains, des stars du spectacle, des rois et des princesses.<\/p>\n","protected":false},"excerpt":{"rendered":"<p>H\u00f4tel Colomba d\u2019Oro El\u00e9gance et charme, au coeur de V\u00e9rone L\u2019H\u00f4tel Colomba d\u2019Oro, le seul h\u00f4tel 4 \u00e9toiles \u00e0 deux pas des Ar\u00e8nes de V\u00e9rone, est depuis toujours un point de r\u00e9f\u00e9rence pour les voyageurs les plus exigeants, gr\u00e2ce \u00e0 ses ambiances \u00e9l\u00e9gantes et romantiques qui maintiennent intact le charme de leur histoire. Offrez-vous le [&hellip;]<\/p>\n","protected":false},"author":1,"featured_media":0,"parent":0,"menu_order":0,"comment_status":"closed","ping_status":"closed","template":"page-home.php","meta":{"_acf_changed":false,"footnotes":""},"class_list":["post-6","page","type-page","status-publish","hentry"],"acf":[],"yoast_head":"<!-- This site is optimized with the Yoast SEO plugin v24.6 - https:\/\/yoast.com\/wordpress\/plugins\/seo\/ -->\n<title>L&#039;H\u00f4tel - Hotel Colomba d&#039;Oro - Fra<\/title>\n<meta name=\"robots\" content=\"index, follow, max-snippet:-1, max-image-preview:large, max-video-preview:-1\" \/>\n<link rel=\"canonical\" href=\"https:\/\/colombahotel.com\/fr\/\" \/>\n<meta property=\"og:locale\" content=\"fr_FR\" \/>\n<meta property=\"og:type\" content=\"article\" \/>\n<meta property=\"og:title\" content=\"L&#039;H\u00f4tel - Hotel Colomba d&#039;Oro - Fra\" \/>\n<meta property=\"og:description\" content=\"H\u00f4tel Colomba d\u2019Oro El\u00e9gance et charme, au coeur de V\u00e9rone L\u2019H\u00f4tel Colomba d\u2019Oro, le seul h\u00f4tel 4 \u00e9toiles \u00e0 deux pas des Ar\u00e8nes de V\u00e9rone, est depuis toujours un point de r\u00e9f\u00e9rence pour les voyageurs les plus exigeants, gr\u00e2ce \u00e0 ses ambiances \u00e9l\u00e9gantes et romantiques qui maintiennent intact le charme de leur histoire. Offrez-vous le [&hellip;]\" \/>\n<meta property=\"og:url\" content=\"https:\/\/colombahotel.com\/fr\/\" \/>\n<meta property=\"og:site_name\" content=\"Hotel Colomba d&#039;Oro - Fra\" \/>\n<meta property=\"article:modified_time\" content=\"2026-03-12T13:40:12+00:00\" \/>\n<meta name=\"twitter:card\" content=\"summary_large_image\" \/>\n<meta name=\"twitter:label1\" content=\"Dur\u00e9e de lecture estim\u00e9e\" \/>\n\t<meta name=\"twitter:data1\" content=\"1 minute\" \/>\n<script type=\"application\/ld+json\" class=\"yoast-schema-graph\">{\"@context\":\"https:\/\/schema.org\",\"@graph\":[{\"@type\":\"WebPage\",\"@id\":\"https:\/\/colombahotel.com\/fr\/\",\"url\":\"https:\/\/colombahotel.com\/fr\/\",\"name\":\"L'H\u00f4tel - Hotel Colomba d&#039;Oro - Fra\",\"isPartOf\":{\"@id\":\"https:\/\/colombahotel.com\/fr\/#website\"},\"datePublished\":\"2018-04-04T08:41:12+00:00\",\"dateModified\":\"2026-03-12T13:40:12+00:00\",\"inLanguage\":\"fr-FR\",\"potentialAction\":[{\"@type\":\"ReadAction\",\"target\":[\"https:\/\/colombahotel.com\/fr\/\"]}]},{\"@type\":\"WebSite\",\"@id\":\"https:\/\/colombahotel.com\/fr\/#website\",\"url\":\"https:\/\/colombahotel.com\/fr\/\",\"name\":\"Hotel Colomba d'Oro\",\"description\":\"\",\"potentialAction\":[{\"@type\":\"SearchAction\",\"target\":{\"@type\":\"EntryPoint\",\"urlTemplate\":\"https:\/\/colombahotel.com\/fr\/?s={search_term_string}\"},\"query-input\":{\"@type\":\"PropertyValueSpecification\",\"valueRequired\":true,\"valueName\":\"search_term_string\"}}],\"inLanguage\":\"fr-FR\"}]}<\/script>\n<!-- \/ Yoast SEO plugin. -->","yoast_head_json":{"title":"L'H\u00f4tel - Hotel Colomba d&#039;Oro - Fra","robots":{"index":"index","follow":"follow","max-snippet":"max-snippet:-1","max-image-preview":"max-image-preview:large","max-video-preview":"max-video-preview:-1"},"canonical":"https:\/\/colombahotel.com\/fr\/","og_locale":"fr_FR","og_type":"article","og_title":"L'H\u00f4tel - Hotel Colomba d&#039;Oro - Fra","og_description":"H\u00f4tel Colomba d\u2019Oro El\u00e9gance et charme, au coeur de V\u00e9rone L\u2019H\u00f4tel Colomba d\u2019Oro, le seul h\u00f4tel 4 \u00e9toiles \u00e0 deux pas des Ar\u00e8nes de V\u00e9rone, est depuis toujours un point de r\u00e9f\u00e9rence pour les voyageurs les plus exigeants, gr\u00e2ce \u00e0 ses ambiances \u00e9l\u00e9gantes et romantiques qui maintiennent intact le charme de leur histoire. Offrez-vous le [&hellip;]","og_url":"https:\/\/colombahotel.com\/fr\/","og_site_name":"Hotel Colomba d&#039;Oro - Fra","article_modified_time":"2026-03-12T13:40:12+00:00","twitter_card":"summary_large_image","twitter_misc":{"Dur\u00e9e de lecture estim\u00e9e":"1 minute"},"schema":{"@context":"https:\/\/schema.org","@graph":[{"@type":"WebPage","@id":"https:\/\/colombahotel.com\/fr\/","url":"https:\/\/colombahotel.com\/fr\/","name":"L'H\u00f4tel - Hotel Colomba d&#039;Oro - Fra","isPartOf":{"@id":"https:\/\/colombahotel.com\/fr\/#website"},"datePublished":"2018-04-04T08:41:12+00:00","dateModified":"2026-03-12T13:40:12+00:00","inLanguage":"fr-FR","potentialAction":[{"@type":"ReadAction","target":["https:\/\/colombahotel.com\/fr\/"]}]},{"@type":"WebSite","@id":"https:\/\/colombahotel.com\/fr\/#website","url":"https:\/\/colombahotel.com\/fr\/","name":"Hotel Colomba d'Oro","description":"","potentialAction":[{"@type":"SearchAction","target":{"@type":"EntryPoint","urlTemplate":"https:\/\/colombahotel.com\/fr\/?s={search_term_string}"},"query-input":{"@type":"PropertyValueSpecification","valueRequired":true,"valueName":"search_term_string"}}],"inLanguage":"fr-FR"}]}},"_links":{"self":[{"href":"https:\/\/colombahotel.com\/fr\/wp-json\/wp\/v2\/pages\/6","targetHints":{"allow":["GET"]}}],"collection":[{"href":"https:\/\/colombahotel.com\/fr\/wp-json\/wp\/v2\/pages"}],"about":[{"href":"https:\/\/colombahotel.com\/fr\/wp-json\/wp\/v2\/types\/page"}],"author":[{"embeddable":true,"href":"https:\/\/colombahotel.com\/fr\/wp-json\/wp\/v2\/users\/1"}],"replies":[{"embeddable":true,"href":"https:\/\/colombahotel.com\/fr\/wp-json\/wp\/v2\/comments?post=6"}],"version-history":[{"count":6,"href":"https:\/\/colombahotel.com\/fr\/wp-json\/wp\/v2\/pages\/6\/revisions"}],"predecessor-version":[{"id":1168,"href":"https:\/\/colombahotel.com\/fr\/wp-json\/wp\/v2\/pages\/6\/revisions\/1168"}],"wp:attachment":[{"href":"https:\/\/colombahotel.com\/fr\/wp-json\/wp\/v2\/media?parent=6"}],"curies":[{"name":"wp","href":"https:\/\/api.w.org\/{rel}","templated":true}]}}