{"id":2,"date":"2018-04-03T17:08:43","date_gmt":"2018-04-03T15:08:43","guid":{"rendered":"https:\/\/colombahotel.com\/?page_id=2"},"modified":"2023-07-26T17:08:38","modified_gmt":"2023-07-26T15:08:38","slug":"politique-de-confidentialite","status":"publish","type":"page","link":"https:\/\/colombahotel.com\/fr\/politique-de-confidentialite\/","title":{"rendered":"Politique de confidentialit\u00e9"},"content":{"rendered":"<p style=\"text-align: left;\">Cher client ,<br \/>\nNous souhaitons vous informer, en vertu de l&rsquo;article 13 du R\u00e8glement UE 2016\/679 \u00a0\u00bb GDPR \u00ab\u00a0, que le traitement de vos donn\u00e9es \u00e0 caract\u00e8re personnel sera fond\u00e9 sur les principes d&rsquo;exactitude, de lic\u00e9it\u00e9 et de transparence dans le plein respect de votre droit \u00e0 la vie priv\u00e9e.<\/p>\n<p style=\"text-align: left;\"><strong>Contr\u00f4leur des donn\u00e9es<\/strong><\/p>\n<p style=\"text-align: left;\">H\u00f4tel Colomba d&rsquo;Oro SPA<br \/>\nVia Carlo Cattaneo n \u00b0 10 (VR)<\/p>\n<p style=\"text-align: left;\"><strong>Objectif du traitement<\/strong><\/p>\n<ul>\n<li style=\"text-align: left;\">Recevoir des informations ou une offre sur la base de votre demande.<\/li>\n<\/ul>\n<p style=\"text-align: left;\"><strong>Type de donn\u00e9es trait\u00e9es<\/strong><\/p>\n<ul>\n<li style=\"text-align: left;\">Nom, pr\u00e9nom, ville, \u00e9tat, t\u00e9l\u00e9phone, e-mail.<\/li>\n<\/ul>\n<p style=\"text-align: left;\"><strong>Nature du traitement<\/strong><\/p>\n<ul>\n<li style=\"text-align: left;\">N\u00e9cessaires pour nous permettre de vous r\u00e9pondre ou de vous envoyer une offre sur la base de votre demande.<\/li>\n<\/ul>\n<p style=\"text-align: left;\"><strong>Acc\u00e8s aux donn\u00e9es<\/strong><\/p>\n<p style=\"text-align: left;\">Aux m\u00eames fins, les donn\u00e9es pourront \u00eatre rendues accessibles aux employ\u00e9s et collaborateurs du Propri\u00e9taire, en leur qualit\u00e9 de sujets autoris\u00e9s au traitement et\/ou de responsables du traitement. Tous les sujets nomm\u00e9s effectueront exclusivement les traitements, pour le compte du propri\u00e9taire et\/ou du responsable, dans les limites, avec les formes et selon les proc\u00e9dures express\u00e9ment indiqu\u00e9es dans les nominations respectives.<br \/>\nPour exercer les droits vis\u00e9s \u00e0 l&rsquo;art. 12 et\/ou pour tout \u00e9claircissement concernant la protection des donn\u00e9es personnelles, les int\u00e9ress\u00e9s sont joignables \u00e0 l&rsquo;adresse <a href=\"mailto:privacy@colombahotel.com\">privacy@colombahotel.com<\/a><\/p>\n<p style=\"text-align: left;\"><strong>Obligation de fournir des donn\u00e9es dans le cas des mineurs<\/strong><\/p>\n<p style=\"text-align: left;\">Lorsque la personne qui fournit les donn\u00e9es est \u00e2g\u00e9e de moins de 16 ans, le traitement n&rsquo;est licite que si et dans la mesure o\u00f9 le consentement est donn\u00e9 et autoris\u00e9 par le titulaire de la responsabilit\u00e9 parentale pour lequel les donn\u00e9es d&rsquo;identification et les copies des documents d&rsquo;identification sont acquises.<\/p>\n<p style=\"text-align: left;\"><strong>M\u00e9thode de traitement<\/strong><\/p>\n<p style=\"text-align: left;\">Le traitement est effectu\u00e9 \u00e0 l&rsquo;aide d&rsquo;outils manuels, informatiques et t\u00e9l\u00e9matiques avec une logique d&rsquo;organisation et de traitement strictement li\u00e9e aux finalit\u00e9s poursuivies et, en tout \u00e9tat de cause, de mani\u00e8re \u00e0 garantir la s\u00e9curit\u00e9, l&rsquo;int\u00e9grit\u00e9 et la confidentialit\u00e9 des donn\u00e9es elles-m\u00eames dans le respect des mesures organisationnelles, physiques et logiques pr\u00e9vues par les dispositions en vigueur.<\/p>\n<p style=\"text-align: left;\"><strong>Conservation des donn\u00e9es<\/strong><\/p>\n<p style=\"text-align: left;\">Les donn\u00e9es personnelles collect\u00e9es ici, aux fins indiqu\u00e9es ci-dessus, sont conserv\u00e9es \u00e0 l&rsquo;h\u00f4tel pendant la dur\u00e9e de la relation et, en cas de r\u00e9vocation et\/ou d&rsquo;autre type de cessation de la relation, dans les d\u00e9lais de prescription:<\/p>\n<ul>\n<li style=\"text-align: left;\">10 ans pour les documents conform\u00e9ment au Code civil (ex article 2214 du Code civil).<\/li>\n<\/ul>\n<p style=\"text-align: left;\"><strong>Droits de l&rsquo;int\u00e9ress\u00e9<\/strong><\/p>\n<p style=\"text-align: left;\">Vous pouvez, \u00e0 tout moment, exercer les droits suivants:<\/p>\n<p style=\"text-align: left;\">a. d&rsquo;acc\u00e9der aux donn\u00e9es personnelles (Art.15) ;<br \/>\nb. d&rsquo;obtenir la rectification (art. 16) ou l&rsquo;effacement (art. 17) de celles-ci ou la limitation du traitement (art. 18) ;<br \/>\nc. \u00e0 la portabilit\u00e9 des donn\u00e9es (Art.20) ;<br \/>\nd. de s&rsquo;opposer au traitement (Art.21) ;<br \/>\ne. de r\u00e9voquer le consentement (article 7, paragraphe 3), \u00e0 condition que le retrait du consentement n&rsquo;affecte pas la l\u00e9galit\u00e9 du traitement fond\u00e9 sur le consentement accord\u00e9 avant la r\u00e9vocation ;<br \/>\nf. d&rsquo;introduire une r\u00e9clamation aupr\u00e8s de l&rsquo;autorit\u00e9 de contr\u00f4le (article 77).<\/p>\n","protected":false},"excerpt":{"rendered":"<p>Cher client , Nous souhaitons vous informer, en vertu de l&rsquo;article 13 du R\u00e8glement UE 2016\/679 \u00a0\u00bb GDPR \u00ab\u00a0, que le traitement de vos donn\u00e9es \u00e0 caract\u00e8re personnel sera fond\u00e9 sur les principes d&rsquo;exactitude, de lic\u00e9it\u00e9 et de transparence dans le plein respect de votre droit \u00e0 la vie priv\u00e9e. Contr\u00f4leur des donn\u00e9es H\u00f4tel Colomba [&hellip;]<\/p>\n","protected":false},"author":1,"featured_media":0,"parent":0,"menu_order":0,"comment_status":"closed","ping_status":"closed","template":"","meta":{"_acf_changed":false,"footnotes":""},"class_list":["post-2","page","type-page","status-publish","hentry"],"acf":[],"yoast_head":"<!-- This site is optimized with the Yoast SEO plugin v24.6 - https:\/\/yoast.com\/wordpress\/plugins\/seo\/ -->\n<title>Politique de confidentialit\u00e9 - Hotel Colomba d&#039;Oro - Fra<\/title>\n<meta name=\"robots\" content=\"index, follow, max-snippet:-1, max-image-preview:large, max-video-preview:-1\" \/>\n<link rel=\"canonical\" href=\"https:\/\/colombahotel.com\/fr\/politique-de-confidentialite\/\" \/>\n<meta property=\"og:locale\" content=\"fr_FR\" \/>\n<meta property=\"og:type\" content=\"article\" \/>\n<meta property=\"og:title\" content=\"Politique de confidentialit\u00e9 - Hotel Colomba d&#039;Oro - Fra\" \/>\n<meta property=\"og:description\" content=\"Cher client , Nous souhaitons vous informer, en vertu de l&rsquo;article 13 du R\u00e8glement UE 2016\/679 \u00a0\u00bb GDPR \u00ab\u00a0, que le traitement de vos donn\u00e9es \u00e0 caract\u00e8re personnel sera fond\u00e9 sur les principes d&rsquo;exactitude, de lic\u00e9it\u00e9 et de transparence dans le plein respect de votre droit \u00e0 la vie priv\u00e9e. Contr\u00f4leur des donn\u00e9es H\u00f4tel Colomba [&hellip;]\" \/>\n<meta property=\"og:url\" content=\"https:\/\/colombahotel.com\/fr\/politique-de-confidentialite\/\" \/>\n<meta property=\"og:site_name\" content=\"Hotel Colomba d&#039;Oro - Fra\" \/>\n<meta property=\"article:modified_time\" content=\"2023-07-26T15:08:38+00:00\" \/>\n<meta name=\"twitter:card\" content=\"summary_large_image\" \/>\n<meta name=\"twitter:label1\" content=\"Dur\u00e9e de lecture estim\u00e9e\" \/>\n\t<meta name=\"twitter:data1\" content=\"3 minutes\" \/>\n<script type=\"application\/ld+json\" class=\"yoast-schema-graph\">{\"@context\":\"https:\/\/schema.org\",\"@graph\":[{\"@type\":\"WebPage\",\"@id\":\"https:\/\/colombahotel.com\/fr\/politique-de-confidentialite\/\",\"url\":\"https:\/\/colombahotel.com\/fr\/politique-de-confidentialite\/\",\"name\":\"Politique de confidentialit\u00e9 - Hotel Colomba d&#039;Oro - Fra\",\"isPartOf\":{\"@id\":\"https:\/\/colombahotel.com\/fr\/#website\"},\"datePublished\":\"2018-04-03T15:08:43+00:00\",\"dateModified\":\"2023-07-26T15:08:38+00:00\",\"inLanguage\":\"fr-FR\",\"potentialAction\":[{\"@type\":\"ReadAction\",\"target\":[\"https:\/\/colombahotel.com\/fr\/politique-de-confidentialite\/\"]}]},{\"@type\":\"WebSite\",\"@id\":\"https:\/\/colombahotel.com\/fr\/#website\",\"url\":\"https:\/\/colombahotel.com\/fr\/\",\"name\":\"Hotel Colomba d'Oro\",\"description\":\"\",\"potentialAction\":[{\"@type\":\"SearchAction\",\"target\":{\"@type\":\"EntryPoint\",\"urlTemplate\":\"https:\/\/colombahotel.com\/fr\/?s={search_term_string}\"},\"query-input\":{\"@type\":\"PropertyValueSpecification\",\"valueRequired\":true,\"valueName\":\"search_term_string\"}}],\"inLanguage\":\"fr-FR\"}]}<\/script>\n<!-- \/ Yoast SEO plugin. -->","yoast_head_json":{"title":"Politique de confidentialit\u00e9 - Hotel Colomba d&#039;Oro - Fra","robots":{"index":"index","follow":"follow","max-snippet":"max-snippet:-1","max-image-preview":"max-image-preview:large","max-video-preview":"max-video-preview:-1"},"canonical":"https:\/\/colombahotel.com\/fr\/politique-de-confidentialite\/","og_locale":"fr_FR","og_type":"article","og_title":"Politique de confidentialit\u00e9 - Hotel Colomba d&#039;Oro - Fra","og_description":"Cher client , Nous souhaitons vous informer, en vertu de l&rsquo;article 13 du R\u00e8glement UE 2016\/679 \u00a0\u00bb GDPR \u00ab\u00a0, que le traitement de vos donn\u00e9es \u00e0 caract\u00e8re personnel sera fond\u00e9 sur les principes d&rsquo;exactitude, de lic\u00e9it\u00e9 et de transparence dans le plein respect de votre droit \u00e0 la vie priv\u00e9e. Contr\u00f4leur des donn\u00e9es H\u00f4tel Colomba [&hellip;]","og_url":"https:\/\/colombahotel.com\/fr\/politique-de-confidentialite\/","og_site_name":"Hotel Colomba d&#039;Oro - Fra","article_modified_time":"2023-07-26T15:08:38+00:00","twitter_card":"summary_large_image","twitter_misc":{"Dur\u00e9e de lecture estim\u00e9e":"3 minutes"},"schema":{"@context":"https:\/\/schema.org","@graph":[{"@type":"WebPage","@id":"https:\/\/colombahotel.com\/fr\/politique-de-confidentialite\/","url":"https:\/\/colombahotel.com\/fr\/politique-de-confidentialite\/","name":"Politique de confidentialit\u00e9 - Hotel Colomba d&#039;Oro - Fra","isPartOf":{"@id":"https:\/\/colombahotel.com\/fr\/#website"},"datePublished":"2018-04-03T15:08:43+00:00","dateModified":"2023-07-26T15:08:38+00:00","inLanguage":"fr-FR","potentialAction":[{"@type":"ReadAction","target":["https:\/\/colombahotel.com\/fr\/politique-de-confidentialite\/"]}]},{"@type":"WebSite","@id":"https:\/\/colombahotel.com\/fr\/#website","url":"https:\/\/colombahotel.com\/fr\/","name":"Hotel Colomba d'Oro","description":"","potentialAction":[{"@type":"SearchAction","target":{"@type":"EntryPoint","urlTemplate":"https:\/\/colombahotel.com\/fr\/?s={search_term_string}"},"query-input":{"@type":"PropertyValueSpecification","valueRequired":true,"valueName":"search_term_string"}}],"inLanguage":"fr-FR"}]}},"_links":{"self":[{"href":"https:\/\/colombahotel.com\/fr\/wp-json\/wp\/v2\/pages\/2","targetHints":{"allow":["GET"]}}],"collection":[{"href":"https:\/\/colombahotel.com\/fr\/wp-json\/wp\/v2\/pages"}],"about":[{"href":"https:\/\/colombahotel.com\/fr\/wp-json\/wp\/v2\/types\/page"}],"author":[{"embeddable":true,"href":"https:\/\/colombahotel.com\/fr\/wp-json\/wp\/v2\/users\/1"}],"replies":[{"embeddable":true,"href":"https:\/\/colombahotel.com\/fr\/wp-json\/wp\/v2\/comments?post=2"}],"version-history":[{"count":13,"href":"https:\/\/colombahotel.com\/fr\/wp-json\/wp\/v2\/pages\/2\/revisions"}],"predecessor-version":[{"id":1066,"href":"https:\/\/colombahotel.com\/fr\/wp-json\/wp\/v2\/pages\/2\/revisions\/1066"}],"wp:attachment":[{"href":"https:\/\/colombahotel.com\/fr\/wp-json\/wp\/v2\/media?parent=2"}],"curies":[{"name":"wp","href":"https:\/\/api.w.org\/{rel}","templated":true}]}}