{"id":179,"date":"2018-04-23T12:50:03","date_gmt":"2018-04-23T10:50:03","guid":{"rendered":"https:\/\/colombahotel.com\/?page_id=179"},"modified":"2025-09-04T12:16:43","modified_gmt":"2025-09-04T10:16:43","slug":"chambre-superieure","status":"publish","type":"page","link":"https:\/\/colombahotel.com\/fr\/chambres\/chambre-superieure\/","title":{"rendered":"Chambre Sup\u00e9rieure"},"content":{"rendered":"<p>G\u00e9n\u00e9reuses en taille et en luxe, les chambres Sup\u00e9rieures de l\u2019H\u00f4tel Colomba d\u2019Oro sont nos \u00ab\u00a0Junior Suites\u00a0\u00bb, nos demeures les plus spacieuses et les plus \u00e9l\u00e9gantes. Elles sont enrichies d\u2019un espace salon s\u00e9par\u00e9 avec un canap\u00e9, pour le divertissement et la d\u00e9tente. Le coin salon est parfait pour profiter du petit d\u00e9jeuner servi en chambre; un bureau confortable en fait \u00e9galement un espace id\u00e9al pour travailler. Le canap\u00e9 peut \u00eatre ouvert en le transformant en un lit d\u2019appoint, de sorte que ce type de chambre peut accueillir confortablement trois personnes. En plus des conforts pr\u00e9sents dans les autres chambres, les Chambres Sup\u00e9rieures ont une s\u00e9rie d\u2019\u00e9quipements suppl\u00e9mentaires r\u00e9serv\u00e9s exclusivement \u00e0 ce type de chambre, comme la bouilloire avec caf\u00e9, th\u00e9 et infusions, et les peignoirs en \u00e9ponge.<\/p>\n","protected":false},"excerpt":{"rendered":"<p>G\u00e9n\u00e9reuses en taille et en luxe, les chambres Sup\u00e9rieures de l\u2019H\u00f4tel Colomba d\u2019Oro sont nos \u00ab\u00a0Junior Suites\u00a0\u00bb, nos demeures les plus spacieuses et les plus \u00e9l\u00e9gantes. Elles sont enrichies d\u2019un espace salon s\u00e9par\u00e9 avec un canap\u00e9, pour le divertissement et la d\u00e9tente. Le coin salon est parfait pour profiter du petit d\u00e9jeuner servi en chambre; [&hellip;]<\/p>\n","protected":false},"author":2,"featured_media":960,"parent":152,"menu_order":30,"comment_status":"closed","ping_status":"closed","template":"page-room.php","meta":{"_acf_changed":false,"footnotes":""},"class_list":["post-179","page","type-page","status-publish","has-post-thumbnail","hentry"],"acf":[],"yoast_head":"<!-- This site is optimized with the Yoast SEO plugin v24.6 - https:\/\/yoast.com\/wordpress\/plugins\/seo\/ -->\n<title>Chambre Sup\u00e9rieure - Hotel Colomba d&#039;Oro - Fra<\/title>\n<meta name=\"robots\" content=\"index, follow, max-snippet:-1, max-image-preview:large, max-video-preview:-1\" \/>\n<link rel=\"canonical\" href=\"https:\/\/colombahotel.com\/fr\/chambres\/chambre-superieure\/\" \/>\n<meta property=\"og:locale\" content=\"fr_FR\" \/>\n<meta property=\"og:type\" content=\"article\" \/>\n<meta property=\"og:title\" content=\"Chambre Sup\u00e9rieure - Hotel Colomba d&#039;Oro - Fra\" \/>\n<meta property=\"og:description\" content=\"G\u00e9n\u00e9reuses en taille et en luxe, les chambres Sup\u00e9rieures de l\u2019H\u00f4tel Colomba d\u2019Oro sont nos \u00ab\u00a0Junior Suites\u00a0\u00bb, nos demeures les plus spacieuses et les plus \u00e9l\u00e9gantes. Elles sont enrichies d\u2019un espace salon s\u00e9par\u00e9 avec un canap\u00e9, pour le divertissement et la d\u00e9tente. Le coin salon est parfait pour profiter du petit d\u00e9jeuner servi en chambre; [&hellip;]\" \/>\n<meta property=\"og:url\" content=\"https:\/\/colombahotel.com\/fr\/chambres\/chambre-superieure\/\" \/>\n<meta property=\"og:site_name\" content=\"Hotel Colomba d&#039;Oro - Fra\" \/>\n<meta property=\"article:modified_time\" content=\"2025-09-04T10:16:43+00:00\" \/>\n<meta property=\"og:image\" content=\"https:\/\/colombahotel.com\/fr\/wp-content\/uploads\/sites\/5\/2023\/01\/COPERTINA-1.jpg\" \/>\n\t<meta property=\"og:image:width\" content=\"1400\" \/>\n\t<meta property=\"og:image:height\" content=\"929\" \/>\n\t<meta property=\"og:image:type\" content=\"image\/jpeg\" \/>\n<meta name=\"twitter:card\" content=\"summary_large_image\" \/>\n<meta name=\"twitter:label1\" content=\"Dur\u00e9e de lecture estim\u00e9e\" \/>\n\t<meta name=\"twitter:data1\" content=\"1 minute\" \/>\n<script type=\"application\/ld+json\" class=\"yoast-schema-graph\">{\"@context\":\"https:\/\/schema.org\",\"@graph\":[{\"@type\":\"WebPage\",\"@id\":\"https:\/\/colombahotel.com\/fr\/chambres\/chambre-superieure\/\",\"url\":\"https:\/\/colombahotel.com\/fr\/chambres\/chambre-superieure\/\",\"name\":\"Chambre Sup\u00e9rieure - Hotel Colomba d&#039;Oro - Fra\",\"isPartOf\":{\"@id\":\"https:\/\/colombahotel.com\/fr\/#website\"},\"primaryImageOfPage\":{\"@id\":\"https:\/\/colombahotel.com\/fr\/chambres\/chambre-superieure\/#primaryimage\"},\"image\":{\"@id\":\"https:\/\/colombahotel.com\/fr\/chambres\/chambre-superieure\/#primaryimage\"},\"thumbnailUrl\":\"https:\/\/colombahotel.com\/fr\/wp-content\/uploads\/sites\/5\/2023\/01\/COPERTINA-1.jpg\",\"datePublished\":\"2018-04-23T10:50:03+00:00\",\"dateModified\":\"2025-09-04T10:16:43+00:00\",\"breadcrumb\":{\"@id\":\"https:\/\/colombahotel.com\/fr\/chambres\/chambre-superieure\/#breadcrumb\"},\"inLanguage\":\"fr-FR\",\"potentialAction\":[{\"@type\":\"ReadAction\",\"target\":[\"https:\/\/colombahotel.com\/fr\/chambres\/chambre-superieure\/\"]}]},{\"@type\":\"ImageObject\",\"inLanguage\":\"fr-FR\",\"@id\":\"https:\/\/colombahotel.com\/fr\/chambres\/chambre-superieure\/#primaryimage\",\"url\":\"https:\/\/colombahotel.com\/fr\/wp-content\/uploads\/sites\/5\/2023\/01\/COPERTINA-1.jpg\",\"contentUrl\":\"https:\/\/colombahotel.com\/fr\/wp-content\/uploads\/sites\/5\/2023\/01\/COPERTINA-1.jpg\",\"width\":1400,\"height\":929},{\"@type\":\"BreadcrumbList\",\"@id\":\"https:\/\/colombahotel.com\/fr\/chambres\/chambre-superieure\/#breadcrumb\",\"itemListElement\":[{\"@type\":\"ListItem\",\"position\":1,\"name\":\"Chambres\",\"item\":\"https:\/\/colombahotel.com\/fr\/chambres\/\"},{\"@type\":\"ListItem\",\"position\":2,\"name\":\"Chambre Sup\u00e9rieure\"}]},{\"@type\":\"WebSite\",\"@id\":\"https:\/\/colombahotel.com\/fr\/#website\",\"url\":\"https:\/\/colombahotel.com\/fr\/\",\"name\":\"Hotel Colomba d'Oro\",\"description\":\"\",\"potentialAction\":[{\"@type\":\"SearchAction\",\"target\":{\"@type\":\"EntryPoint\",\"urlTemplate\":\"https:\/\/colombahotel.com\/fr\/?s={search_term_string}\"},\"query-input\":{\"@type\":\"PropertyValueSpecification\",\"valueRequired\":true,\"valueName\":\"search_term_string\"}}],\"inLanguage\":\"fr-FR\"}]}<\/script>\n<!-- \/ Yoast SEO plugin. -->","yoast_head_json":{"title":"Chambre Sup\u00e9rieure - Hotel Colomba d&#039;Oro - Fra","robots":{"index":"index","follow":"follow","max-snippet":"max-snippet:-1","max-image-preview":"max-image-preview:large","max-video-preview":"max-video-preview:-1"},"canonical":"https:\/\/colombahotel.com\/fr\/chambres\/chambre-superieure\/","og_locale":"fr_FR","og_type":"article","og_title":"Chambre Sup\u00e9rieure - Hotel Colomba d&#039;Oro - Fra","og_description":"G\u00e9n\u00e9reuses en taille et en luxe, les chambres Sup\u00e9rieures de l\u2019H\u00f4tel Colomba d\u2019Oro sont nos \u00ab\u00a0Junior Suites\u00a0\u00bb, nos demeures les plus spacieuses et les plus \u00e9l\u00e9gantes. Elles sont enrichies d\u2019un espace salon s\u00e9par\u00e9 avec un canap\u00e9, pour le divertissement et la d\u00e9tente. Le coin salon est parfait pour profiter du petit d\u00e9jeuner servi en chambre; [&hellip;]","og_url":"https:\/\/colombahotel.com\/fr\/chambres\/chambre-superieure\/","og_site_name":"Hotel Colomba d&#039;Oro - Fra","article_modified_time":"2025-09-04T10:16:43+00:00","og_image":[{"width":1400,"height":929,"url":"https:\/\/colombahotel.com\/fr\/wp-content\/uploads\/sites\/5\/2023\/01\/COPERTINA-1.jpg","type":"image\/jpeg"}],"twitter_card":"summary_large_image","twitter_misc":{"Dur\u00e9e de lecture estim\u00e9e":"1 minute"},"schema":{"@context":"https:\/\/schema.org","@graph":[{"@type":"WebPage","@id":"https:\/\/colombahotel.com\/fr\/chambres\/chambre-superieure\/","url":"https:\/\/colombahotel.com\/fr\/chambres\/chambre-superieure\/","name":"Chambre Sup\u00e9rieure - Hotel Colomba d&#039;Oro - Fra","isPartOf":{"@id":"https:\/\/colombahotel.com\/fr\/#website"},"primaryImageOfPage":{"@id":"https:\/\/colombahotel.com\/fr\/chambres\/chambre-superieure\/#primaryimage"},"image":{"@id":"https:\/\/colombahotel.com\/fr\/chambres\/chambre-superieure\/#primaryimage"},"thumbnailUrl":"https:\/\/colombahotel.com\/fr\/wp-content\/uploads\/sites\/5\/2023\/01\/COPERTINA-1.jpg","datePublished":"2018-04-23T10:50:03+00:00","dateModified":"2025-09-04T10:16:43+00:00","breadcrumb":{"@id":"https:\/\/colombahotel.com\/fr\/chambres\/chambre-superieure\/#breadcrumb"},"inLanguage":"fr-FR","potentialAction":[{"@type":"ReadAction","target":["https:\/\/colombahotel.com\/fr\/chambres\/chambre-superieure\/"]}]},{"@type":"ImageObject","inLanguage":"fr-FR","@id":"https:\/\/colombahotel.com\/fr\/chambres\/chambre-superieure\/#primaryimage","url":"https:\/\/colombahotel.com\/fr\/wp-content\/uploads\/sites\/5\/2023\/01\/COPERTINA-1.jpg","contentUrl":"https:\/\/colombahotel.com\/fr\/wp-content\/uploads\/sites\/5\/2023\/01\/COPERTINA-1.jpg","width":1400,"height":929},{"@type":"BreadcrumbList","@id":"https:\/\/colombahotel.com\/fr\/chambres\/chambre-superieure\/#breadcrumb","itemListElement":[{"@type":"ListItem","position":1,"name":"Chambres","item":"https:\/\/colombahotel.com\/fr\/chambres\/"},{"@type":"ListItem","position":2,"name":"Chambre Sup\u00e9rieure"}]},{"@type":"WebSite","@id":"https:\/\/colombahotel.com\/fr\/#website","url":"https:\/\/colombahotel.com\/fr\/","name":"Hotel Colomba d'Oro","description":"","potentialAction":[{"@type":"SearchAction","target":{"@type":"EntryPoint","urlTemplate":"https:\/\/colombahotel.com\/fr\/?s={search_term_string}"},"query-input":{"@type":"PropertyValueSpecification","valueRequired":true,"valueName":"search_term_string"}}],"inLanguage":"fr-FR"}]}},"_links":{"self":[{"href":"https:\/\/colombahotel.com\/fr\/wp-json\/wp\/v2\/pages\/179","targetHints":{"allow":["GET"]}}],"collection":[{"href":"https:\/\/colombahotel.com\/fr\/wp-json\/wp\/v2\/pages"}],"about":[{"href":"https:\/\/colombahotel.com\/fr\/wp-json\/wp\/v2\/types\/page"}],"author":[{"embeddable":true,"href":"https:\/\/colombahotel.com\/fr\/wp-json\/wp\/v2\/users\/2"}],"replies":[{"embeddable":true,"href":"https:\/\/colombahotel.com\/fr\/wp-json\/wp\/v2\/comments?post=179"}],"version-history":[{"count":9,"href":"https:\/\/colombahotel.com\/fr\/wp-json\/wp\/v2\/pages\/179\/revisions"}],"predecessor-version":[{"id":1051,"href":"https:\/\/colombahotel.com\/fr\/wp-json\/wp\/v2\/pages\/179\/revisions\/1051"}],"up":[{"embeddable":true,"href":"https:\/\/colombahotel.com\/fr\/wp-json\/wp\/v2\/pages\/152"}],"wp:featuredmedia":[{"embeddable":true,"href":"https:\/\/colombahotel.com\/fr\/wp-json\/wp\/v2\/media\/960"}],"wp:attachment":[{"href":"https:\/\/colombahotel.com\/fr\/wp-json\/wp\/v2\/media?parent=179"}],"curies":[{"name":"wp","href":"https:\/\/api.w.org\/{rel}","templated":true}]}}