{"id":176,"date":"2018-04-23T12:44:20","date_gmt":"2018-04-23T10:44:20","guid":{"rendered":"https:\/\/colombahotel.com\/?page_id=176"},"modified":"2025-09-04T12:14:44","modified_gmt":"2025-09-04T10:14:44","slug":"chambre-avec-terrasse","status":"publish","type":"page","link":"https:\/\/colombahotel.com\/fr\/chambres\/chambre-avec-terrasse\/","title":{"rendered":"Chambre avec terrasse"},"content":{"rendered":"<p>Disposer d\u2019un espace ext\u00e9rieur r\u00e9serv\u00e9 au c\u0153ur du centre historique, c\u2019est un luxe. Voil\u00e0 le petit privil\u00e8ge r\u00e9serv\u00e9 aux clients de ces chambres de l\u2019H\u00f4tel Colomba d\u2019Oro, agr\u00e9ment\u00e9es d\u2019une belle terrasse priv\u00e9e donnant directement sur les toits du centre-ville de V\u00e9rone. Vous pouvez simplement en profiter pour admirer la vue, ou pour vous faire servir un petit d\u00e9jeuner en plein air en toute intimit\u00e9, ou un ap\u00e9ritif le soir. Ces chambres, situ\u00e9es au dernier \u00e9tage de l\u2019h\u00f4tel, sont inond\u00e9es de lumi\u00e8re naturelle; la terrasse ajoute une continuit\u00e9 entre l\u2019espace int\u00e9rieur et ext\u00e9rieur, pour des moments sp\u00e9ciaux \u00e0 vivre le matin comme au coucher du soleil.<\/p>\n","protected":false},"excerpt":{"rendered":"<p>Disposer d\u2019un espace ext\u00e9rieur r\u00e9serv\u00e9 au c\u0153ur du centre historique, c\u2019est un luxe. Voil\u00e0 le petit privil\u00e8ge r\u00e9serv\u00e9 aux clients de ces chambres de l\u2019H\u00f4tel Colomba d\u2019Oro, agr\u00e9ment\u00e9es d\u2019une belle terrasse priv\u00e9e donnant directement sur les toits du centre-ville de V\u00e9rone. Vous pouvez simplement en profiter pour admirer la vue, ou pour vous faire servir [&hellip;]<\/p>\n","protected":false},"author":2,"featured_media":943,"parent":152,"menu_order":40,"comment_status":"closed","ping_status":"closed","template":"page-room.php","meta":{"_acf_changed":false,"footnotes":""},"class_list":["post-176","page","type-page","status-publish","has-post-thumbnail","hentry"],"acf":[],"yoast_head":"<!-- This site is optimized with the Yoast SEO plugin v24.6 - https:\/\/yoast.com\/wordpress\/plugins\/seo\/ -->\n<title>Chambre avec terrasse - Hotel Colomba d&#039;Oro - Fra<\/title>\n<meta name=\"robots\" content=\"index, follow, max-snippet:-1, max-image-preview:large, max-video-preview:-1\" \/>\n<link rel=\"canonical\" href=\"https:\/\/colombahotel.com\/fr\/chambres\/chambre-avec-terrasse\/\" \/>\n<meta property=\"og:locale\" content=\"fr_FR\" \/>\n<meta property=\"og:type\" content=\"article\" \/>\n<meta property=\"og:title\" content=\"Chambre avec terrasse - Hotel Colomba d&#039;Oro - Fra\" \/>\n<meta property=\"og:description\" content=\"Disposer d\u2019un espace ext\u00e9rieur r\u00e9serv\u00e9 au c\u0153ur du centre historique, c\u2019est un luxe. Voil\u00e0 le petit privil\u00e8ge r\u00e9serv\u00e9 aux clients de ces chambres de l\u2019H\u00f4tel Colomba d\u2019Oro, agr\u00e9ment\u00e9es d\u2019une belle terrasse priv\u00e9e donnant directement sur les toits du centre-ville de V\u00e9rone. Vous pouvez simplement en profiter pour admirer la vue, ou pour vous faire servir [&hellip;]\" \/>\n<meta property=\"og:url\" content=\"https:\/\/colombahotel.com\/fr\/chambres\/chambre-avec-terrasse\/\" \/>\n<meta property=\"og:site_name\" content=\"Hotel Colomba d&#039;Oro - Fra\" \/>\n<meta property=\"article:modified_time\" content=\"2025-09-04T10:14:44+00:00\" \/>\n<meta property=\"og:image\" content=\"https:\/\/colombahotel.com\/fr\/wp-content\/uploads\/sites\/5\/2022\/12\/balcony-double.jpg\" \/>\n\t<meta property=\"og:image:width\" content=\"2560\" \/>\n\t<meta property=\"og:image:height\" content=\"1708\" \/>\n\t<meta property=\"og:image:type\" content=\"image\/jpeg\" \/>\n<meta name=\"twitter:card\" content=\"summary_large_image\" \/>\n<meta name=\"twitter:label1\" content=\"Dur\u00e9e de lecture estim\u00e9e\" \/>\n\t<meta name=\"twitter:data1\" content=\"1 minute\" \/>\n<script type=\"application\/ld+json\" class=\"yoast-schema-graph\">{\"@context\":\"https:\/\/schema.org\",\"@graph\":[{\"@type\":\"WebPage\",\"@id\":\"https:\/\/colombahotel.com\/fr\/chambres\/chambre-avec-terrasse\/\",\"url\":\"https:\/\/colombahotel.com\/fr\/chambres\/chambre-avec-terrasse\/\",\"name\":\"Chambre avec terrasse - Hotel Colomba d&#039;Oro - Fra\",\"isPartOf\":{\"@id\":\"https:\/\/colombahotel.com\/fr\/#website\"},\"primaryImageOfPage\":{\"@id\":\"https:\/\/colombahotel.com\/fr\/chambres\/chambre-avec-terrasse\/#primaryimage\"},\"image\":{\"@id\":\"https:\/\/colombahotel.com\/fr\/chambres\/chambre-avec-terrasse\/#primaryimage\"},\"thumbnailUrl\":\"https:\/\/colombahotel.com\/fr\/wp-content\/uploads\/sites\/5\/2022\/12\/balcony-double.jpg\",\"datePublished\":\"2018-04-23T10:44:20+00:00\",\"dateModified\":\"2025-09-04T10:14:44+00:00\",\"breadcrumb\":{\"@id\":\"https:\/\/colombahotel.com\/fr\/chambres\/chambre-avec-terrasse\/#breadcrumb\"},\"inLanguage\":\"fr-FR\",\"potentialAction\":[{\"@type\":\"ReadAction\",\"target\":[\"https:\/\/colombahotel.com\/fr\/chambres\/chambre-avec-terrasse\/\"]}]},{\"@type\":\"ImageObject\",\"inLanguage\":\"fr-FR\",\"@id\":\"https:\/\/colombahotel.com\/fr\/chambres\/chambre-avec-terrasse\/#primaryimage\",\"url\":\"https:\/\/colombahotel.com\/fr\/wp-content\/uploads\/sites\/5\/2022\/12\/balcony-double.jpg\",\"contentUrl\":\"https:\/\/colombahotel.com\/fr\/wp-content\/uploads\/sites\/5\/2022\/12\/balcony-double.jpg\",\"width\":2560,\"height\":1708},{\"@type\":\"BreadcrumbList\",\"@id\":\"https:\/\/colombahotel.com\/fr\/chambres\/chambre-avec-terrasse\/#breadcrumb\",\"itemListElement\":[{\"@type\":\"ListItem\",\"position\":1,\"name\":\"Chambres\",\"item\":\"https:\/\/colombahotel.com\/fr\/chambres\/\"},{\"@type\":\"ListItem\",\"position\":2,\"name\":\"Chambre avec terrasse\"}]},{\"@type\":\"WebSite\",\"@id\":\"https:\/\/colombahotel.com\/fr\/#website\",\"url\":\"https:\/\/colombahotel.com\/fr\/\",\"name\":\"Hotel Colomba d'Oro\",\"description\":\"\",\"potentialAction\":[{\"@type\":\"SearchAction\",\"target\":{\"@type\":\"EntryPoint\",\"urlTemplate\":\"https:\/\/colombahotel.com\/fr\/?s={search_term_string}\"},\"query-input\":{\"@type\":\"PropertyValueSpecification\",\"valueRequired\":true,\"valueName\":\"search_term_string\"}}],\"inLanguage\":\"fr-FR\"}]}<\/script>\n<!-- \/ Yoast SEO plugin. -->","yoast_head_json":{"title":"Chambre avec terrasse - Hotel Colomba d&#039;Oro - Fra","robots":{"index":"index","follow":"follow","max-snippet":"max-snippet:-1","max-image-preview":"max-image-preview:large","max-video-preview":"max-video-preview:-1"},"canonical":"https:\/\/colombahotel.com\/fr\/chambres\/chambre-avec-terrasse\/","og_locale":"fr_FR","og_type":"article","og_title":"Chambre avec terrasse - Hotel Colomba d&#039;Oro - Fra","og_description":"Disposer d\u2019un espace ext\u00e9rieur r\u00e9serv\u00e9 au c\u0153ur du centre historique, c\u2019est un luxe. Voil\u00e0 le petit privil\u00e8ge r\u00e9serv\u00e9 aux clients de ces chambres de l\u2019H\u00f4tel Colomba d\u2019Oro, agr\u00e9ment\u00e9es d\u2019une belle terrasse priv\u00e9e donnant directement sur les toits du centre-ville de V\u00e9rone. Vous pouvez simplement en profiter pour admirer la vue, ou pour vous faire servir [&hellip;]","og_url":"https:\/\/colombahotel.com\/fr\/chambres\/chambre-avec-terrasse\/","og_site_name":"Hotel Colomba d&#039;Oro - Fra","article_modified_time":"2025-09-04T10:14:44+00:00","og_image":[{"width":2560,"height":1708,"url":"https:\/\/colombahotel.com\/fr\/wp-content\/uploads\/sites\/5\/2022\/12\/balcony-double.jpg","type":"image\/jpeg"}],"twitter_card":"summary_large_image","twitter_misc":{"Dur\u00e9e de lecture estim\u00e9e":"1 minute"},"schema":{"@context":"https:\/\/schema.org","@graph":[{"@type":"WebPage","@id":"https:\/\/colombahotel.com\/fr\/chambres\/chambre-avec-terrasse\/","url":"https:\/\/colombahotel.com\/fr\/chambres\/chambre-avec-terrasse\/","name":"Chambre avec terrasse - Hotel Colomba d&#039;Oro - Fra","isPartOf":{"@id":"https:\/\/colombahotel.com\/fr\/#website"},"primaryImageOfPage":{"@id":"https:\/\/colombahotel.com\/fr\/chambres\/chambre-avec-terrasse\/#primaryimage"},"image":{"@id":"https:\/\/colombahotel.com\/fr\/chambres\/chambre-avec-terrasse\/#primaryimage"},"thumbnailUrl":"https:\/\/colombahotel.com\/fr\/wp-content\/uploads\/sites\/5\/2022\/12\/balcony-double.jpg","datePublished":"2018-04-23T10:44:20+00:00","dateModified":"2025-09-04T10:14:44+00:00","breadcrumb":{"@id":"https:\/\/colombahotel.com\/fr\/chambres\/chambre-avec-terrasse\/#breadcrumb"},"inLanguage":"fr-FR","potentialAction":[{"@type":"ReadAction","target":["https:\/\/colombahotel.com\/fr\/chambres\/chambre-avec-terrasse\/"]}]},{"@type":"ImageObject","inLanguage":"fr-FR","@id":"https:\/\/colombahotel.com\/fr\/chambres\/chambre-avec-terrasse\/#primaryimage","url":"https:\/\/colombahotel.com\/fr\/wp-content\/uploads\/sites\/5\/2022\/12\/balcony-double.jpg","contentUrl":"https:\/\/colombahotel.com\/fr\/wp-content\/uploads\/sites\/5\/2022\/12\/balcony-double.jpg","width":2560,"height":1708},{"@type":"BreadcrumbList","@id":"https:\/\/colombahotel.com\/fr\/chambres\/chambre-avec-terrasse\/#breadcrumb","itemListElement":[{"@type":"ListItem","position":1,"name":"Chambres","item":"https:\/\/colombahotel.com\/fr\/chambres\/"},{"@type":"ListItem","position":2,"name":"Chambre avec terrasse"}]},{"@type":"WebSite","@id":"https:\/\/colombahotel.com\/fr\/#website","url":"https:\/\/colombahotel.com\/fr\/","name":"Hotel Colomba d'Oro","description":"","potentialAction":[{"@type":"SearchAction","target":{"@type":"EntryPoint","urlTemplate":"https:\/\/colombahotel.com\/fr\/?s={search_term_string}"},"query-input":{"@type":"PropertyValueSpecification","valueRequired":true,"valueName":"search_term_string"}}],"inLanguage":"fr-FR"}]}},"_links":{"self":[{"href":"https:\/\/colombahotel.com\/fr\/wp-json\/wp\/v2\/pages\/176","targetHints":{"allow":["GET"]}}],"collection":[{"href":"https:\/\/colombahotel.com\/fr\/wp-json\/wp\/v2\/pages"}],"about":[{"href":"https:\/\/colombahotel.com\/fr\/wp-json\/wp\/v2\/types\/page"}],"author":[{"embeddable":true,"href":"https:\/\/colombahotel.com\/fr\/wp-json\/wp\/v2\/users\/2"}],"replies":[{"embeddable":true,"href":"https:\/\/colombahotel.com\/fr\/wp-json\/wp\/v2\/comments?post=176"}],"version-history":[{"count":5,"href":"https:\/\/colombahotel.com\/fr\/wp-json\/wp\/v2\/pages\/176\/revisions"}],"predecessor-version":[{"id":1099,"href":"https:\/\/colombahotel.com\/fr\/wp-json\/wp\/v2\/pages\/176\/revisions\/1099"}],"up":[{"embeddable":true,"href":"https:\/\/colombahotel.com\/fr\/wp-json\/wp\/v2\/pages\/152"}],"wp:featuredmedia":[{"embeddable":true,"href":"https:\/\/colombahotel.com\/fr\/wp-json\/wp\/v2\/media\/943"}],"wp:attachment":[{"href":"https:\/\/colombahotel.com\/fr\/wp-json\/wp\/v2\/media?parent=176"}],"curies":[{"name":"wp","href":"https:\/\/api.w.org\/{rel}","templated":true}]}}