{"id":155,"date":"2018-04-20T15:28:26","date_gmt":"2018-04-20T13:28:26","guid":{"rendered":"https:\/\/colombahotel.com\/?page_id=155"},"modified":"2026-04-30T16:03:46","modified_gmt":"2026-04-30T14:03:46","slug":"chambre-double","status":"publish","type":"page","link":"https:\/\/colombahotel.com\/fr\/chambres\/chambre-double\/","title":{"rendered":"Chambre Double"},"content":{"rendered":"<p>Que vous voyagiez en couple ou seul, cette chambre de l\u2019H\u00f4tel Colomba d\u2019Oro est votre h\u00e9bergement id\u00e9al. Con\u00e7ue pour vous garantir un repos paisible et bien m\u00e9rit\u00e9, \u00e9quip\u00e9e de tout confort, elle est enrichie d\u2019une \u00e9l\u00e9gante attention aux d\u00e9tails. Pour ceux qui doivent conjuguer travail et plaisir pendant leur s\u00e9jour, cette chambre dispose d\u2019un bureau confortable, ce qui cr\u00e9e un environnement de travail paisible. Le lit peut \u00eatre double ou divis\u00e9 en deux lits jumeaux, il suffit de demander la solution pr\u00e9f\u00e9r\u00e9e au moment de la r\u00e9servation.<\/p>\n","protected":false},"excerpt":{"rendered":"<p>Que vous voyagiez en couple ou seul, cette chambre de l\u2019H\u00f4tel Colomba d\u2019Oro est votre h\u00e9bergement id\u00e9al. Con\u00e7ue pour vous garantir un repos paisible et bien m\u00e9rit\u00e9, \u00e9quip\u00e9e de tout confort, elle est enrichie d\u2019une \u00e9l\u00e9gante attention aux d\u00e9tails. Pour ceux qui doivent conjuguer travail et plaisir pendant leur s\u00e9jour, cette chambre dispose d\u2019un bureau [&hellip;]<\/p>\n","protected":false},"author":1,"featured_media":953,"parent":152,"menu_order":20,"comment_status":"closed","ping_status":"closed","template":"page-room.php","meta":{"_acf_changed":false,"footnotes":""},"class_list":["post-155","page","type-page","status-publish","has-post-thumbnail","hentry"],"acf":[],"yoast_head":"<!-- This site is optimized with the Yoast SEO plugin v24.6 - https:\/\/yoast.com\/wordpress\/plugins\/seo\/ -->\n<title>Chambre Double - Hotel Colomba d&#039;Oro - Fra<\/title>\n<meta name=\"robots\" content=\"index, follow, max-snippet:-1, max-image-preview:large, max-video-preview:-1\" \/>\n<link rel=\"canonical\" href=\"https:\/\/colombahotel.com\/fr\/chambres\/chambre-double\/\" \/>\n<meta property=\"og:locale\" content=\"fr_FR\" \/>\n<meta property=\"og:type\" content=\"article\" \/>\n<meta property=\"og:title\" content=\"Chambre Double - Hotel Colomba d&#039;Oro - Fra\" \/>\n<meta property=\"og:description\" content=\"Que vous voyagiez en couple ou seul, cette chambre de l\u2019H\u00f4tel Colomba d\u2019Oro est votre h\u00e9bergement id\u00e9al. Con\u00e7ue pour vous garantir un repos paisible et bien m\u00e9rit\u00e9, \u00e9quip\u00e9e de tout confort, elle est enrichie d\u2019une \u00e9l\u00e9gante attention aux d\u00e9tails. Pour ceux qui doivent conjuguer travail et plaisir pendant leur s\u00e9jour, cette chambre dispose d\u2019un bureau [&hellip;]\" \/>\n<meta property=\"og:url\" content=\"https:\/\/colombahotel.com\/fr\/chambres\/chambre-double\/\" \/>\n<meta property=\"og:site_name\" content=\"Hotel Colomba d&#039;Oro - Fra\" \/>\n<meta property=\"article:modified_time\" content=\"2026-04-30T14:03:46+00:00\" \/>\n<meta property=\"og:image\" content=\"https:\/\/colombahotel.com\/fr\/wp-content\/uploads\/sites\/5\/2023\/01\/COPERTINA-scaled.jpg\" \/>\n\t<meta property=\"og:image:width\" content=\"2560\" \/>\n\t<meta property=\"og:image:height\" content=\"1708\" \/>\n\t<meta property=\"og:image:type\" content=\"image\/jpeg\" \/>\n<meta name=\"twitter:card\" content=\"summary_large_image\" \/>\n<meta name=\"twitter:label1\" content=\"Dur\u00e9e de lecture estim\u00e9e\" \/>\n\t<meta name=\"twitter:data1\" content=\"1 minute\" \/>\n<script type=\"application\/ld+json\" class=\"yoast-schema-graph\">{\"@context\":\"https:\/\/schema.org\",\"@graph\":[{\"@type\":\"WebPage\",\"@id\":\"https:\/\/colombahotel.com\/fr\/chambres\/chambre-double\/\",\"url\":\"https:\/\/colombahotel.com\/fr\/chambres\/chambre-double\/\",\"name\":\"Chambre Double - Hotel Colomba d&#039;Oro - Fra\",\"isPartOf\":{\"@id\":\"https:\/\/colombahotel.com\/fr\/#website\"},\"primaryImageOfPage\":{\"@id\":\"https:\/\/colombahotel.com\/fr\/chambres\/chambre-double\/#primaryimage\"},\"image\":{\"@id\":\"https:\/\/colombahotel.com\/fr\/chambres\/chambre-double\/#primaryimage\"},\"thumbnailUrl\":\"https:\/\/colombahotel.com\/fr\/wp-content\/uploads\/sites\/5\/2023\/01\/COPERTINA-scaled.jpg\",\"datePublished\":\"2018-04-20T13:28:26+00:00\",\"dateModified\":\"2026-04-30T14:03:46+00:00\",\"breadcrumb\":{\"@id\":\"https:\/\/colombahotel.com\/fr\/chambres\/chambre-double\/#breadcrumb\"},\"inLanguage\":\"fr-FR\",\"potentialAction\":[{\"@type\":\"ReadAction\",\"target\":[\"https:\/\/colombahotel.com\/fr\/chambres\/chambre-double\/\"]}]},{\"@type\":\"ImageObject\",\"inLanguage\":\"fr-FR\",\"@id\":\"https:\/\/colombahotel.com\/fr\/chambres\/chambre-double\/#primaryimage\",\"url\":\"https:\/\/colombahotel.com\/fr\/wp-content\/uploads\/sites\/5\/2023\/01\/COPERTINA-scaled.jpg\",\"contentUrl\":\"https:\/\/colombahotel.com\/fr\/wp-content\/uploads\/sites\/5\/2023\/01\/COPERTINA-scaled.jpg\",\"width\":2560,\"height\":1708},{\"@type\":\"BreadcrumbList\",\"@id\":\"https:\/\/colombahotel.com\/fr\/chambres\/chambre-double\/#breadcrumb\",\"itemListElement\":[{\"@type\":\"ListItem\",\"position\":1,\"name\":\"Chambres\",\"item\":\"https:\/\/colombahotel.com\/fr\/chambres\/\"},{\"@type\":\"ListItem\",\"position\":2,\"name\":\"Chambre Double\"}]},{\"@type\":\"WebSite\",\"@id\":\"https:\/\/colombahotel.com\/fr\/#website\",\"url\":\"https:\/\/colombahotel.com\/fr\/\",\"name\":\"Hotel Colomba d'Oro\",\"description\":\"\",\"potentialAction\":[{\"@type\":\"SearchAction\",\"target\":{\"@type\":\"EntryPoint\",\"urlTemplate\":\"https:\/\/colombahotel.com\/fr\/?s={search_term_string}\"},\"query-input\":{\"@type\":\"PropertyValueSpecification\",\"valueRequired\":true,\"valueName\":\"search_term_string\"}}],\"inLanguage\":\"fr-FR\"}]}<\/script>\n<!-- \/ Yoast SEO plugin. -->","yoast_head_json":{"title":"Chambre Double - Hotel Colomba d&#039;Oro - Fra","robots":{"index":"index","follow":"follow","max-snippet":"max-snippet:-1","max-image-preview":"max-image-preview:large","max-video-preview":"max-video-preview:-1"},"canonical":"https:\/\/colombahotel.com\/fr\/chambres\/chambre-double\/","og_locale":"fr_FR","og_type":"article","og_title":"Chambre Double - Hotel Colomba d&#039;Oro - Fra","og_description":"Que vous voyagiez en couple ou seul, cette chambre de l\u2019H\u00f4tel Colomba d\u2019Oro est votre h\u00e9bergement id\u00e9al. Con\u00e7ue pour vous garantir un repos paisible et bien m\u00e9rit\u00e9, \u00e9quip\u00e9e de tout confort, elle est enrichie d\u2019une \u00e9l\u00e9gante attention aux d\u00e9tails. Pour ceux qui doivent conjuguer travail et plaisir pendant leur s\u00e9jour, cette chambre dispose d\u2019un bureau [&hellip;]","og_url":"https:\/\/colombahotel.com\/fr\/chambres\/chambre-double\/","og_site_name":"Hotel Colomba d&#039;Oro - Fra","article_modified_time":"2026-04-30T14:03:46+00:00","og_image":[{"width":2560,"height":1708,"url":"https:\/\/colombahotel.com\/fr\/wp-content\/uploads\/sites\/5\/2023\/01\/COPERTINA-scaled.jpg","type":"image\/jpeg"}],"twitter_card":"summary_large_image","twitter_misc":{"Dur\u00e9e de lecture estim\u00e9e":"1 minute"},"schema":{"@context":"https:\/\/schema.org","@graph":[{"@type":"WebPage","@id":"https:\/\/colombahotel.com\/fr\/chambres\/chambre-double\/","url":"https:\/\/colombahotel.com\/fr\/chambres\/chambre-double\/","name":"Chambre Double - Hotel Colomba d&#039;Oro - Fra","isPartOf":{"@id":"https:\/\/colombahotel.com\/fr\/#website"},"primaryImageOfPage":{"@id":"https:\/\/colombahotel.com\/fr\/chambres\/chambre-double\/#primaryimage"},"image":{"@id":"https:\/\/colombahotel.com\/fr\/chambres\/chambre-double\/#primaryimage"},"thumbnailUrl":"https:\/\/colombahotel.com\/fr\/wp-content\/uploads\/sites\/5\/2023\/01\/COPERTINA-scaled.jpg","datePublished":"2018-04-20T13:28:26+00:00","dateModified":"2026-04-30T14:03:46+00:00","breadcrumb":{"@id":"https:\/\/colombahotel.com\/fr\/chambres\/chambre-double\/#breadcrumb"},"inLanguage":"fr-FR","potentialAction":[{"@type":"ReadAction","target":["https:\/\/colombahotel.com\/fr\/chambres\/chambre-double\/"]}]},{"@type":"ImageObject","inLanguage":"fr-FR","@id":"https:\/\/colombahotel.com\/fr\/chambres\/chambre-double\/#primaryimage","url":"https:\/\/colombahotel.com\/fr\/wp-content\/uploads\/sites\/5\/2023\/01\/COPERTINA-scaled.jpg","contentUrl":"https:\/\/colombahotel.com\/fr\/wp-content\/uploads\/sites\/5\/2023\/01\/COPERTINA-scaled.jpg","width":2560,"height":1708},{"@type":"BreadcrumbList","@id":"https:\/\/colombahotel.com\/fr\/chambres\/chambre-double\/#breadcrumb","itemListElement":[{"@type":"ListItem","position":1,"name":"Chambres","item":"https:\/\/colombahotel.com\/fr\/chambres\/"},{"@type":"ListItem","position":2,"name":"Chambre Double"}]},{"@type":"WebSite","@id":"https:\/\/colombahotel.com\/fr\/#website","url":"https:\/\/colombahotel.com\/fr\/","name":"Hotel Colomba d'Oro","description":"","potentialAction":[{"@type":"SearchAction","target":{"@type":"EntryPoint","urlTemplate":"https:\/\/colombahotel.com\/fr\/?s={search_term_string}"},"query-input":{"@type":"PropertyValueSpecification","valueRequired":true,"valueName":"search_term_string"}}],"inLanguage":"fr-FR"}]}},"_links":{"self":[{"href":"https:\/\/colombahotel.com\/fr\/wp-json\/wp\/v2\/pages\/155","targetHints":{"allow":["GET"]}}],"collection":[{"href":"https:\/\/colombahotel.com\/fr\/wp-json\/wp\/v2\/pages"}],"about":[{"href":"https:\/\/colombahotel.com\/fr\/wp-json\/wp\/v2\/types\/page"}],"author":[{"embeddable":true,"href":"https:\/\/colombahotel.com\/fr\/wp-json\/wp\/v2\/users\/1"}],"replies":[{"embeddable":true,"href":"https:\/\/colombahotel.com\/fr\/wp-json\/wp\/v2\/comments?post=155"}],"version-history":[{"count":6,"href":"https:\/\/colombahotel.com\/fr\/wp-json\/wp\/v2\/pages\/155\/revisions"}],"predecessor-version":[{"id":1098,"href":"https:\/\/colombahotel.com\/fr\/wp-json\/wp\/v2\/pages\/155\/revisions\/1098"}],"up":[{"embeddable":true,"href":"https:\/\/colombahotel.com\/fr\/wp-json\/wp\/v2\/pages\/152"}],"wp:featuredmedia":[{"embeddable":true,"href":"https:\/\/colombahotel.com\/fr\/wp-json\/wp\/v2\/media\/953"}],"wp:attachment":[{"href":"https:\/\/colombahotel.com\/fr\/wp-json\/wp\/v2\/media?parent=155"}],"curies":[{"name":"wp","href":"https:\/\/api.w.org\/{rel}","templated":true}]}}