{"id":152,"date":"2018-04-20T14:49:25","date_gmt":"2018-04-20T12:49:25","guid":{"rendered":"https:\/\/colombahotel.com\/?page_id=152"},"modified":"2026-05-06T15:41:35","modified_gmt":"2026-05-06T13:41:35","slug":"chambres","status":"publish","type":"page","link":"https:\/\/colombahotel.com\/fr\/chambres\/","title":{"rendered":"Chambres"},"content":{"rendered":"<p>\u00c0 l\u2019H\u00f4tel Colomba d\u2019Oro, chaque client est sp\u00e9cial et chaque chambre est diff\u00e9rente, avec son propre design, tandis que toutes partagent le m\u00eame style : \u00e9l\u00e9gant, enrichi avec des finitions r\u00e9alis\u00e9es\u00a0 \u00e0 la main, des meubles sur mesure et des \u0153uvres originales d\u2019artistes et d\u2019artisans locaux, qui \u00e9voquent un romantisme d\u2019autrefois. Chacune de nos chambre offre quelque chose de personnel et d\u2019inattendu : il y a des chambres avec terrasse et des chambres avec dressing; les \u201cChambres Sup\u00e9rieures\u201d ont un coin salon s\u00e9par\u00e9 avec canap\u00e9 et services suppl\u00e9mentaires. Toutes nos chambres ont \u00e9t\u00e9 r\u00e9nov\u00e9es et modernis\u00e9es avec les conforts les plus raffin\u00e9s et sont \u00e9quip\u00e9es de lits de haute qualit\u00e9 avec matelas Simmons Bedding Company \u00a9, salles de bains en marbre, tapis pr\u00e9cieux, climatisation ind\u00e9pendante, connexion Internet Wi-Fi, TV \u00e9cran plat, un coffre-fort, des articles de toilette de luxe et un minibar rempli d\u2019une vari\u00e9t\u00e9 de boissons et de collations; toutes sont r\u00e9am\u00e9nag\u00e9es deux fois par jour avec un service de couverture du soir.<\/p>\n","protected":false},"excerpt":{"rendered":"<p>\u00c0 l\u2019H\u00f4tel Colomba d\u2019Oro, chaque client est sp\u00e9cial et chaque chambre est diff\u00e9rente, avec son propre design, tandis que toutes partagent le m\u00eame style : \u00e9l\u00e9gant, enrichi avec des finitions r\u00e9alis\u00e9es\u00a0 \u00e0 la main, des meubles sur mesure et des \u0153uvres originales d\u2019artistes et d\u2019artisans locaux, qui \u00e9voquent un romantisme d\u2019autrefois. Chacune de nos chambre [&hellip;]<\/p>\n","protected":false},"author":1,"featured_media":0,"parent":0,"menu_order":0,"comment_status":"closed","ping_status":"closed","template":"page-rooms.php","meta":{"_acf_changed":false,"footnotes":""},"class_list":["post-152","page","type-page","status-publish","hentry"],"acf":[],"yoast_head":"<!-- This site is optimized with the Yoast SEO plugin v24.6 - https:\/\/yoast.com\/wordpress\/plugins\/seo\/ -->\n<title>Chambres - Hotel Colomba d&#039;Oro - Fra<\/title>\n<meta name=\"robots\" content=\"index, follow, max-snippet:-1, max-image-preview:large, max-video-preview:-1\" \/>\n<link rel=\"canonical\" href=\"https:\/\/colombahotel.com\/fr\/chambres\/\" \/>\n<meta property=\"og:locale\" content=\"fr_FR\" \/>\n<meta property=\"og:type\" content=\"article\" \/>\n<meta property=\"og:title\" content=\"Chambres - Hotel Colomba d&#039;Oro - Fra\" \/>\n<meta property=\"og:description\" content=\"\u00c0 l\u2019H\u00f4tel Colomba d\u2019Oro, chaque client est sp\u00e9cial et chaque chambre est diff\u00e9rente, avec son propre design, tandis que toutes partagent le m\u00eame style : \u00e9l\u00e9gant, enrichi avec des finitions r\u00e9alis\u00e9es\u00a0 \u00e0 la main, des meubles sur mesure et des \u0153uvres originales d\u2019artistes et d\u2019artisans locaux, qui \u00e9voquent un romantisme d\u2019autrefois. Chacune de nos chambre [&hellip;]\" \/>\n<meta property=\"og:url\" content=\"https:\/\/colombahotel.com\/fr\/chambres\/\" \/>\n<meta property=\"og:site_name\" content=\"Hotel Colomba d&#039;Oro - Fra\" \/>\n<meta property=\"article:modified_time\" content=\"2026-05-06T13:41:35+00:00\" \/>\n<meta name=\"twitter:card\" content=\"summary_large_image\" \/>\n<meta name=\"twitter:label1\" content=\"Dur\u00e9e de lecture estim\u00e9e\" \/>\n\t<meta name=\"twitter:data1\" content=\"1 minute\" \/>\n<script type=\"application\/ld+json\" class=\"yoast-schema-graph\">{\"@context\":\"https:\/\/schema.org\",\"@graph\":[{\"@type\":\"WebPage\",\"@id\":\"https:\/\/colombahotel.com\/fr\/chambres\/\",\"url\":\"https:\/\/colombahotel.com\/fr\/chambres\/\",\"name\":\"Chambres - Hotel Colomba d&#039;Oro - Fra\",\"isPartOf\":{\"@id\":\"https:\/\/colombahotel.com\/fr\/#website\"},\"datePublished\":\"2018-04-20T12:49:25+00:00\",\"dateModified\":\"2026-05-06T13:41:35+00:00\",\"inLanguage\":\"fr-FR\",\"potentialAction\":[{\"@type\":\"ReadAction\",\"target\":[\"https:\/\/colombahotel.com\/fr\/chambres\/\"]}]},{\"@type\":\"WebSite\",\"@id\":\"https:\/\/colombahotel.com\/fr\/#website\",\"url\":\"https:\/\/colombahotel.com\/fr\/\",\"name\":\"Hotel Colomba d'Oro\",\"description\":\"\",\"potentialAction\":[{\"@type\":\"SearchAction\",\"target\":{\"@type\":\"EntryPoint\",\"urlTemplate\":\"https:\/\/colombahotel.com\/fr\/?s={search_term_string}\"},\"query-input\":{\"@type\":\"PropertyValueSpecification\",\"valueRequired\":true,\"valueName\":\"search_term_string\"}}],\"inLanguage\":\"fr-FR\"}]}<\/script>\n<!-- \/ Yoast SEO plugin. -->","yoast_head_json":{"title":"Chambres - Hotel Colomba d&#039;Oro - Fra","robots":{"index":"index","follow":"follow","max-snippet":"max-snippet:-1","max-image-preview":"max-image-preview:large","max-video-preview":"max-video-preview:-1"},"canonical":"https:\/\/colombahotel.com\/fr\/chambres\/","og_locale":"fr_FR","og_type":"article","og_title":"Chambres - Hotel Colomba d&#039;Oro - Fra","og_description":"\u00c0 l\u2019H\u00f4tel Colomba d\u2019Oro, chaque client est sp\u00e9cial et chaque chambre est diff\u00e9rente, avec son propre design, tandis que toutes partagent le m\u00eame style : \u00e9l\u00e9gant, enrichi avec des finitions r\u00e9alis\u00e9es\u00a0 \u00e0 la main, des meubles sur mesure et des \u0153uvres originales d\u2019artistes et d\u2019artisans locaux, qui \u00e9voquent un romantisme d\u2019autrefois. Chacune de nos chambre [&hellip;]","og_url":"https:\/\/colombahotel.com\/fr\/chambres\/","og_site_name":"Hotel Colomba d&#039;Oro - Fra","article_modified_time":"2026-05-06T13:41:35+00:00","twitter_card":"summary_large_image","twitter_misc":{"Dur\u00e9e de lecture estim\u00e9e":"1 minute"},"schema":{"@context":"https:\/\/schema.org","@graph":[{"@type":"WebPage","@id":"https:\/\/colombahotel.com\/fr\/chambres\/","url":"https:\/\/colombahotel.com\/fr\/chambres\/","name":"Chambres - Hotel Colomba d&#039;Oro - Fra","isPartOf":{"@id":"https:\/\/colombahotel.com\/fr\/#website"},"datePublished":"2018-04-20T12:49:25+00:00","dateModified":"2026-05-06T13:41:35+00:00","inLanguage":"fr-FR","potentialAction":[{"@type":"ReadAction","target":["https:\/\/colombahotel.com\/fr\/chambres\/"]}]},{"@type":"WebSite","@id":"https:\/\/colombahotel.com\/fr\/#website","url":"https:\/\/colombahotel.com\/fr\/","name":"Hotel Colomba d'Oro","description":"","potentialAction":[{"@type":"SearchAction","target":{"@type":"EntryPoint","urlTemplate":"https:\/\/colombahotel.com\/fr\/?s={search_term_string}"},"query-input":{"@type":"PropertyValueSpecification","valueRequired":true,"valueName":"search_term_string"}}],"inLanguage":"fr-FR"}]}},"_links":{"self":[{"href":"https:\/\/colombahotel.com\/fr\/wp-json\/wp\/v2\/pages\/152","targetHints":{"allow":["GET"]}}],"collection":[{"href":"https:\/\/colombahotel.com\/fr\/wp-json\/wp\/v2\/pages"}],"about":[{"href":"https:\/\/colombahotel.com\/fr\/wp-json\/wp\/v2\/types\/page"}],"author":[{"embeddable":true,"href":"https:\/\/colombahotel.com\/fr\/wp-json\/wp\/v2\/users\/1"}],"replies":[{"embeddable":true,"href":"https:\/\/colombahotel.com\/fr\/wp-json\/wp\/v2\/comments?post=152"}],"version-history":[{"count":7,"href":"https:\/\/colombahotel.com\/fr\/wp-json\/wp\/v2\/pages\/152\/revisions"}],"predecessor-version":[{"id":990,"href":"https:\/\/colombahotel.com\/fr\/wp-json\/wp\/v2\/pages\/152\/revisions\/990"}],"wp:attachment":[{"href":"https:\/\/colombahotel.com\/fr\/wp-json\/wp\/v2\/media?parent=152"}],"curies":[{"name":"wp","href":"https:\/\/api.w.org\/{rel}","templated":true}]}}