{"id":140,"date":"2018-04-19T17:09:27","date_gmt":"2018-04-19T15:09:27","guid":{"rendered":"https:\/\/colombahotel.com\/?page_id=140"},"modified":"2023-09-07T15:18:02","modified_gmt":"2023-09-07T13:18:02","slug":"chambre-simple","status":"publish","type":"page","link":"https:\/\/colombahotel.com\/fr\/chambres\/chambre-simple\/","title":{"rendered":"Chambre simple"},"content":{"rendered":"<p>M\u00eame les chambres simples de l\u2019H\u00f4tel Colomba d\u2019Oro sont meubl\u00e9es avec soin et d\u00e9vouement dans les moindres d\u00e9tails. Elles sont enrichies de salle de bains en marbre, linge personnalis\u00e9 de haute qualit\u00e9, climatisation et chauffage \u00e0 r\u00e9glage individuel.\u00a0 Solution privil\u00e9gi\u00e9e par ceux qui voyagent seuls et qui n\u2019ont pas besoin d\u2019espaces particuli\u00e8rement spacieux, elles ont un lit \u00e0 une place mais les autres \u00e9quipements sont les m\u00eames que les Chambres Doubles, y compris une connexion Wifi, une t\u00e9l\u00e9vision \u00e0 \u00e9cran plat, un coffre-fort et un minibar.<\/p>\n","protected":false},"excerpt":{"rendered":"<p>M\u00eame les chambres simples de l\u2019H\u00f4tel Colomba d\u2019Oro sont meubl\u00e9es avec soin et d\u00e9vouement dans les moindres d\u00e9tails. Elles sont enrichies de salle de bains en marbre, linge personnalis\u00e9 de haute qualit\u00e9, climatisation et chauffage \u00e0 r\u00e9glage individuel.\u00a0 Solution privil\u00e9gi\u00e9e par ceux qui voyagent seuls et qui n\u2019ont pas besoin d\u2019espaces particuli\u00e8rement spacieux, elles ont [&hellip;]<\/p>\n","protected":false},"author":1,"featured_media":210,"parent":152,"menu_order":10,"comment_status":"closed","ping_status":"closed","template":"page-room.php","meta":{"_acf_changed":false,"footnotes":""},"class_list":["post-140","page","type-page","status-publish","has-post-thumbnail","hentry"],"acf":[],"yoast_head":"<!-- This site is optimized with the Yoast SEO plugin v24.6 - https:\/\/yoast.com\/wordpress\/plugins\/seo\/ -->\n<title>Chambre simple - Hotel Colomba d&#039;Oro - Fra<\/title>\n<meta name=\"robots\" content=\"index, follow, max-snippet:-1, max-image-preview:large, max-video-preview:-1\" \/>\n<link rel=\"canonical\" href=\"https:\/\/colombahotel.com\/fr\/chambres\/chambre-simple\/\" \/>\n<meta property=\"og:locale\" content=\"fr_FR\" \/>\n<meta property=\"og:type\" content=\"article\" \/>\n<meta property=\"og:title\" content=\"Chambre simple - Hotel Colomba d&#039;Oro - Fra\" \/>\n<meta property=\"og:description\" content=\"M\u00eame les chambres simples de l\u2019H\u00f4tel Colomba d\u2019Oro sont meubl\u00e9es avec soin et d\u00e9vouement dans les moindres d\u00e9tails. Elles sont enrichies de salle de bains en marbre, linge personnalis\u00e9 de haute qualit\u00e9, climatisation et chauffage \u00e0 r\u00e9glage individuel.\u00a0 Solution privil\u00e9gi\u00e9e par ceux qui voyagent seuls et qui n\u2019ont pas besoin d\u2019espaces particuli\u00e8rement spacieux, elles ont [&hellip;]\" \/>\n<meta property=\"og:url\" content=\"https:\/\/colombahotel.com\/fr\/chambres\/chambre-simple\/\" \/>\n<meta property=\"og:site_name\" content=\"Hotel Colomba d&#039;Oro - Fra\" \/>\n<meta property=\"article:modified_time\" content=\"2023-09-07T13:18:02+00:00\" \/>\n<meta property=\"og:image\" content=\"https:\/\/colombahotel.com\/fr\/wp-content\/uploads\/sites\/5\/2018\/05\/IMG_9828.jpg\" \/>\n\t<meta property=\"og:image:width\" content=\"1400\" \/>\n\t<meta property=\"og:image:height\" content=\"934\" \/>\n\t<meta property=\"og:image:type\" content=\"image\/jpeg\" \/>\n<meta name=\"twitter:card\" content=\"summary_large_image\" \/>\n<meta name=\"twitter:label1\" content=\"Dur\u00e9e de lecture estim\u00e9e\" \/>\n\t<meta name=\"twitter:data1\" content=\"1 minute\" \/>\n<script type=\"application\/ld+json\" class=\"yoast-schema-graph\">{\"@context\":\"https:\/\/schema.org\",\"@graph\":[{\"@type\":\"WebPage\",\"@id\":\"https:\/\/colombahotel.com\/fr\/chambres\/chambre-simple\/\",\"url\":\"https:\/\/colombahotel.com\/fr\/chambres\/chambre-simple\/\",\"name\":\"Chambre simple - Hotel Colomba d&#039;Oro - Fra\",\"isPartOf\":{\"@id\":\"https:\/\/colombahotel.com\/fr\/#website\"},\"primaryImageOfPage\":{\"@id\":\"https:\/\/colombahotel.com\/fr\/chambres\/chambre-simple\/#primaryimage\"},\"image\":{\"@id\":\"https:\/\/colombahotel.com\/fr\/chambres\/chambre-simple\/#primaryimage\"},\"thumbnailUrl\":\"https:\/\/colombahotel.com\/fr\/wp-content\/uploads\/sites\/5\/2018\/05\/IMG_9828.jpg\",\"datePublished\":\"2018-04-19T15:09:27+00:00\",\"dateModified\":\"2023-09-07T13:18:02+00:00\",\"breadcrumb\":{\"@id\":\"https:\/\/colombahotel.com\/fr\/chambres\/chambre-simple\/#breadcrumb\"},\"inLanguage\":\"fr-FR\",\"potentialAction\":[{\"@type\":\"ReadAction\",\"target\":[\"https:\/\/colombahotel.com\/fr\/chambres\/chambre-simple\/\"]}]},{\"@type\":\"ImageObject\",\"inLanguage\":\"fr-FR\",\"@id\":\"https:\/\/colombahotel.com\/fr\/chambres\/chambre-simple\/#primaryimage\",\"url\":\"https:\/\/colombahotel.com\/fr\/wp-content\/uploads\/sites\/5\/2018\/05\/IMG_9828.jpg\",\"contentUrl\":\"https:\/\/colombahotel.com\/fr\/wp-content\/uploads\/sites\/5\/2018\/05\/IMG_9828.jpg\",\"width\":1400,\"height\":934,\"caption\":\"Camera singola all'Hotel Colomba d'Oro a Verona\"},{\"@type\":\"BreadcrumbList\",\"@id\":\"https:\/\/colombahotel.com\/fr\/chambres\/chambre-simple\/#breadcrumb\",\"itemListElement\":[{\"@type\":\"ListItem\",\"position\":1,\"name\":\"Chambres\",\"item\":\"https:\/\/colombahotel.com\/fr\/chambres\/\"},{\"@type\":\"ListItem\",\"position\":2,\"name\":\"Chambre simple\"}]},{\"@type\":\"WebSite\",\"@id\":\"https:\/\/colombahotel.com\/fr\/#website\",\"url\":\"https:\/\/colombahotel.com\/fr\/\",\"name\":\"Hotel Colomba d'Oro\",\"description\":\"\",\"potentialAction\":[{\"@type\":\"SearchAction\",\"target\":{\"@type\":\"EntryPoint\",\"urlTemplate\":\"https:\/\/colombahotel.com\/fr\/?s={search_term_string}\"},\"query-input\":{\"@type\":\"PropertyValueSpecification\",\"valueRequired\":true,\"valueName\":\"search_term_string\"}}],\"inLanguage\":\"fr-FR\"}]}<\/script>\n<!-- \/ Yoast SEO plugin. -->","yoast_head_json":{"title":"Chambre simple - Hotel Colomba d&#039;Oro - Fra","robots":{"index":"index","follow":"follow","max-snippet":"max-snippet:-1","max-image-preview":"max-image-preview:large","max-video-preview":"max-video-preview:-1"},"canonical":"https:\/\/colombahotel.com\/fr\/chambres\/chambre-simple\/","og_locale":"fr_FR","og_type":"article","og_title":"Chambre simple - Hotel Colomba d&#039;Oro - Fra","og_description":"M\u00eame les chambres simples de l\u2019H\u00f4tel Colomba d\u2019Oro sont meubl\u00e9es avec soin et d\u00e9vouement dans les moindres d\u00e9tails. Elles sont enrichies de salle de bains en marbre, linge personnalis\u00e9 de haute qualit\u00e9, climatisation et chauffage \u00e0 r\u00e9glage individuel.\u00a0 Solution privil\u00e9gi\u00e9e par ceux qui voyagent seuls et qui n\u2019ont pas besoin d\u2019espaces particuli\u00e8rement spacieux, elles ont [&hellip;]","og_url":"https:\/\/colombahotel.com\/fr\/chambres\/chambre-simple\/","og_site_name":"Hotel Colomba d&#039;Oro - Fra","article_modified_time":"2023-09-07T13:18:02+00:00","og_image":[{"width":1400,"height":934,"url":"https:\/\/colombahotel.com\/fr\/wp-content\/uploads\/sites\/5\/2018\/05\/IMG_9828.jpg","type":"image\/jpeg"}],"twitter_card":"summary_large_image","twitter_misc":{"Dur\u00e9e de lecture estim\u00e9e":"1 minute"},"schema":{"@context":"https:\/\/schema.org","@graph":[{"@type":"WebPage","@id":"https:\/\/colombahotel.com\/fr\/chambres\/chambre-simple\/","url":"https:\/\/colombahotel.com\/fr\/chambres\/chambre-simple\/","name":"Chambre simple - Hotel Colomba d&#039;Oro - Fra","isPartOf":{"@id":"https:\/\/colombahotel.com\/fr\/#website"},"primaryImageOfPage":{"@id":"https:\/\/colombahotel.com\/fr\/chambres\/chambre-simple\/#primaryimage"},"image":{"@id":"https:\/\/colombahotel.com\/fr\/chambres\/chambre-simple\/#primaryimage"},"thumbnailUrl":"https:\/\/colombahotel.com\/fr\/wp-content\/uploads\/sites\/5\/2018\/05\/IMG_9828.jpg","datePublished":"2018-04-19T15:09:27+00:00","dateModified":"2023-09-07T13:18:02+00:00","breadcrumb":{"@id":"https:\/\/colombahotel.com\/fr\/chambres\/chambre-simple\/#breadcrumb"},"inLanguage":"fr-FR","potentialAction":[{"@type":"ReadAction","target":["https:\/\/colombahotel.com\/fr\/chambres\/chambre-simple\/"]}]},{"@type":"ImageObject","inLanguage":"fr-FR","@id":"https:\/\/colombahotel.com\/fr\/chambres\/chambre-simple\/#primaryimage","url":"https:\/\/colombahotel.com\/fr\/wp-content\/uploads\/sites\/5\/2018\/05\/IMG_9828.jpg","contentUrl":"https:\/\/colombahotel.com\/fr\/wp-content\/uploads\/sites\/5\/2018\/05\/IMG_9828.jpg","width":1400,"height":934,"caption":"Camera singola all'Hotel Colomba d'Oro a Verona"},{"@type":"BreadcrumbList","@id":"https:\/\/colombahotel.com\/fr\/chambres\/chambre-simple\/#breadcrumb","itemListElement":[{"@type":"ListItem","position":1,"name":"Chambres","item":"https:\/\/colombahotel.com\/fr\/chambres\/"},{"@type":"ListItem","position":2,"name":"Chambre simple"}]},{"@type":"WebSite","@id":"https:\/\/colombahotel.com\/fr\/#website","url":"https:\/\/colombahotel.com\/fr\/","name":"Hotel Colomba d'Oro","description":"","potentialAction":[{"@type":"SearchAction","target":{"@type":"EntryPoint","urlTemplate":"https:\/\/colombahotel.com\/fr\/?s={search_term_string}"},"query-input":{"@type":"PropertyValueSpecification","valueRequired":true,"valueName":"search_term_string"}}],"inLanguage":"fr-FR"}]}},"_links":{"self":[{"href":"https:\/\/colombahotel.com\/fr\/wp-json\/wp\/v2\/pages\/140","targetHints":{"allow":["GET"]}}],"collection":[{"href":"https:\/\/colombahotel.com\/fr\/wp-json\/wp\/v2\/pages"}],"about":[{"href":"https:\/\/colombahotel.com\/fr\/wp-json\/wp\/v2\/types\/page"}],"author":[{"embeddable":true,"href":"https:\/\/colombahotel.com\/fr\/wp-json\/wp\/v2\/users\/1"}],"replies":[{"embeddable":true,"href":"https:\/\/colombahotel.com\/fr\/wp-json\/wp\/v2\/comments?post=140"}],"version-history":[{"count":6,"href":"https:\/\/colombahotel.com\/fr\/wp-json\/wp\/v2\/pages\/140\/revisions"}],"predecessor-version":[{"id":985,"href":"https:\/\/colombahotel.com\/fr\/wp-json\/wp\/v2\/pages\/140\/revisions\/985"}],"up":[{"embeddable":true,"href":"https:\/\/colombahotel.com\/fr\/wp-json\/wp\/v2\/pages\/152"}],"wp:featuredmedia":[{"embeddable":true,"href":"https:\/\/colombahotel.com\/fr\/wp-json\/wp\/v2\/media\/210"}],"wp:attachment":[{"href":"https:\/\/colombahotel.com\/fr\/wp-json\/wp\/v2\/media?parent=140"}],"curies":[{"name":"wp","href":"https:\/\/api.w.org\/{rel}","templated":true}]}}