{"id":1139,"date":"2024-03-05T12:49:27","date_gmt":"2024-03-05T11:49:27","guid":{"rendered":"https:\/\/colombahotel.com\/fr\/?page_id=1139"},"modified":"2024-03-05T12:49:27","modified_gmt":"2024-03-05T11:49:27","slug":"carte-cadeau","status":"publish","type":"page","link":"https:\/\/colombahotel.com\/fr\/carte-cadeau\/","title":{"rendered":"Carte cadeau"},"content":{"rendered":"<p>Offrez un s\u00e9jour \u00e0 l\u2019H\u00f4tel Colomba d\u2019Oro en cadeau: demandez notre carte cadeau exclusive, choisissez le montant que vous souhaitez d\u00e9penser en remplissant le formulaire ci-dessous, et nous vous r\u00e9pondrons avec confirmation et instructions de paiement.<\/p>\n<p>Une fois que nous avons re\u00e7u le montant, nous \u00e9mettrons le bon cadeau et l&rsquo;enverrons par email \u00e0 votre adresse, ou \u00e0 celle du destinataire de votre cadeau, ou aux deux, selon votre pr\u00e9f\u00e9rence. Ce sera une carte cadeau unique, qui pourra \u00eatre personnalis\u00e9e \u00e0 la fois par vous (en ins\u00e9rant la phrase que vous pr\u00e9f\u00e9rez dans le bon cadeau), et par le destinataire (qui peut l&rsquo;utiliser pour un week-end romantique, pour venir assister \u00e0 un spectacle aux Ar\u00e8nes, pour c\u00e9l\u00e9brer \u00e0 V\u00e9rone un anniversaire ou toute autre occasion sp\u00e9ciale&#8230;).<\/p>\n<p>Le bon est valable toute une ann\u00e9e: ceux qui le re\u00e7oivent seront libres de le d\u00e9penser quand ils le souhaitent en r\u00e9servant sur notre site internet (ou en nous contactant par email ou par t\u00e9l\u00e9phone), en choisissant la date comme ils le souhaitent, une ou plusieurs nuits, en toute saison, avec possibilit\u00e9 d\u2019ajouter un cadeau de bienvenue dans la chambre. Si vous le souhaitez, nous vous enverrons \u00e9galement &#8211; \u00e0 votre adresse postale ou directement \u00e0 celle du destinataire de votre cadeau, selon votre pr\u00e9f\u00e9rence \u2013 une prestigieuse carte popup r\u00e9alis\u00e9e \u00e0 la main sp\u00e9cialement pour l&rsquo;H\u00f4tel Colomba d&rsquo;Oro par des artistes v\u00e9ronais au Mus\u00e9e Conte &#8211; Antica Tipografia Artistica Arche Scaligere , n\u00e9 en 1750 et reconnu comme \u00abAtelier Historique de Haute Qualit\u00e9 et Valeur \u00bb<\/p>\n","protected":false},"excerpt":{"rendered":"<p>Offrez un s\u00e9jour \u00e0 l\u2019H\u00f4tel Colomba d\u2019Oro en cadeau: demandez notre carte cadeau exclusive, choisissez le montant que vous souhaitez d\u00e9penser en remplissant le formulaire ci-dessous, et nous vous r\u00e9pondrons avec confirmation et instructions de paiement. Une fois que nous avons re\u00e7u le montant, nous \u00e9mettrons le bon cadeau et l&rsquo;enverrons par email \u00e0 votre [&hellip;]<\/p>\n","protected":false},"author":9,"featured_media":0,"parent":0,"menu_order":0,"comment_status":"closed","ping_status":"closed","template":"page-giftcard.php","meta":{"_acf_changed":false,"footnotes":""},"class_list":["post-1139","page","type-page","status-publish","hentry"],"acf":[],"yoast_head":"<!-- This site is optimized with the Yoast SEO plugin v24.6 - https:\/\/yoast.com\/wordpress\/plugins\/seo\/ -->\n<title>Carte cadeau - Hotel Colomba d&#039;Oro - Fra<\/title>\n<meta name=\"robots\" content=\"index, follow, max-snippet:-1, max-image-preview:large, max-video-preview:-1\" \/>\n<link rel=\"canonical\" href=\"https:\/\/colombahotel.com\/fr\/carte-cadeau\/\" \/>\n<meta property=\"og:locale\" content=\"fr_FR\" \/>\n<meta property=\"og:type\" content=\"article\" \/>\n<meta property=\"og:title\" content=\"Carte cadeau - Hotel Colomba d&#039;Oro - Fra\" \/>\n<meta property=\"og:description\" content=\"Offrez un s\u00e9jour \u00e0 l\u2019H\u00f4tel Colomba d\u2019Oro en cadeau: demandez notre carte cadeau exclusive, choisissez le montant que vous souhaitez d\u00e9penser en remplissant le formulaire ci-dessous, et nous vous r\u00e9pondrons avec confirmation et instructions de paiement. Une fois que nous avons re\u00e7u le montant, nous \u00e9mettrons le bon cadeau et l&rsquo;enverrons par email \u00e0 votre [&hellip;]\" \/>\n<meta property=\"og:url\" content=\"https:\/\/colombahotel.com\/fr\/carte-cadeau\/\" \/>\n<meta property=\"og:site_name\" content=\"Hotel Colomba d&#039;Oro - Fra\" \/>\n<meta name=\"twitter:card\" content=\"summary_large_image\" \/>\n<meta name=\"twitter:label1\" content=\"Dur\u00e9e de lecture estim\u00e9e\" \/>\n\t<meta name=\"twitter:data1\" content=\"2 minutes\" \/>\n<script type=\"application\/ld+json\" class=\"yoast-schema-graph\">{\"@context\":\"https:\/\/schema.org\",\"@graph\":[{\"@type\":\"WebPage\",\"@id\":\"https:\/\/colombahotel.com\/fr\/carte-cadeau\/\",\"url\":\"https:\/\/colombahotel.com\/fr\/carte-cadeau\/\",\"name\":\"Carte cadeau - Hotel Colomba d&#039;Oro - Fra\",\"isPartOf\":{\"@id\":\"https:\/\/colombahotel.com\/fr\/#website\"},\"datePublished\":\"2024-03-05T11:49:27+00:00\",\"inLanguage\":\"fr-FR\",\"potentialAction\":[{\"@type\":\"ReadAction\",\"target\":[\"https:\/\/colombahotel.com\/fr\/carte-cadeau\/\"]}]},{\"@type\":\"WebSite\",\"@id\":\"https:\/\/colombahotel.com\/fr\/#website\",\"url\":\"https:\/\/colombahotel.com\/fr\/\",\"name\":\"Hotel Colomba d'Oro\",\"description\":\"\",\"potentialAction\":[{\"@type\":\"SearchAction\",\"target\":{\"@type\":\"EntryPoint\",\"urlTemplate\":\"https:\/\/colombahotel.com\/fr\/?s={search_term_string}\"},\"query-input\":{\"@type\":\"PropertyValueSpecification\",\"valueRequired\":true,\"valueName\":\"search_term_string\"}}],\"inLanguage\":\"fr-FR\"}]}<\/script>\n<!-- \/ Yoast SEO plugin. -->","yoast_head_json":{"title":"Carte cadeau - Hotel Colomba d&#039;Oro - Fra","robots":{"index":"index","follow":"follow","max-snippet":"max-snippet:-1","max-image-preview":"max-image-preview:large","max-video-preview":"max-video-preview:-1"},"canonical":"https:\/\/colombahotel.com\/fr\/carte-cadeau\/","og_locale":"fr_FR","og_type":"article","og_title":"Carte cadeau - Hotel Colomba d&#039;Oro - Fra","og_description":"Offrez un s\u00e9jour \u00e0 l\u2019H\u00f4tel Colomba d\u2019Oro en cadeau: demandez notre carte cadeau exclusive, choisissez le montant que vous souhaitez d\u00e9penser en remplissant le formulaire ci-dessous, et nous vous r\u00e9pondrons avec confirmation et instructions de paiement. Une fois que nous avons re\u00e7u le montant, nous \u00e9mettrons le bon cadeau et l&rsquo;enverrons par email \u00e0 votre [&hellip;]","og_url":"https:\/\/colombahotel.com\/fr\/carte-cadeau\/","og_site_name":"Hotel Colomba d&#039;Oro - Fra","twitter_card":"summary_large_image","twitter_misc":{"Dur\u00e9e de lecture estim\u00e9e":"2 minutes"},"schema":{"@context":"https:\/\/schema.org","@graph":[{"@type":"WebPage","@id":"https:\/\/colombahotel.com\/fr\/carte-cadeau\/","url":"https:\/\/colombahotel.com\/fr\/carte-cadeau\/","name":"Carte cadeau - Hotel Colomba d&#039;Oro - Fra","isPartOf":{"@id":"https:\/\/colombahotel.com\/fr\/#website"},"datePublished":"2024-03-05T11:49:27+00:00","inLanguage":"fr-FR","potentialAction":[{"@type":"ReadAction","target":["https:\/\/colombahotel.com\/fr\/carte-cadeau\/"]}]},{"@type":"WebSite","@id":"https:\/\/colombahotel.com\/fr\/#website","url":"https:\/\/colombahotel.com\/fr\/","name":"Hotel Colomba d'Oro","description":"","potentialAction":[{"@type":"SearchAction","target":{"@type":"EntryPoint","urlTemplate":"https:\/\/colombahotel.com\/fr\/?s={search_term_string}"},"query-input":{"@type":"PropertyValueSpecification","valueRequired":true,"valueName":"search_term_string"}}],"inLanguage":"fr-FR"}]}},"_links":{"self":[{"href":"https:\/\/colombahotel.com\/fr\/wp-json\/wp\/v2\/pages\/1139","targetHints":{"allow":["GET"]}}],"collection":[{"href":"https:\/\/colombahotel.com\/fr\/wp-json\/wp\/v2\/pages"}],"about":[{"href":"https:\/\/colombahotel.com\/fr\/wp-json\/wp\/v2\/types\/page"}],"author":[{"embeddable":true,"href":"https:\/\/colombahotel.com\/fr\/wp-json\/wp\/v2\/users\/9"}],"replies":[{"embeddable":true,"href":"https:\/\/colombahotel.com\/fr\/wp-json\/wp\/v2\/comments?post=1139"}],"version-history":[{"count":2,"href":"https:\/\/colombahotel.com\/fr\/wp-json\/wp\/v2\/pages\/1139\/revisions"}],"predecessor-version":[{"id":1141,"href":"https:\/\/colombahotel.com\/fr\/wp-json\/wp\/v2\/pages\/1139\/revisions\/1141"}],"wp:attachment":[{"href":"https:\/\/colombahotel.com\/fr\/wp-json\/wp\/v2\/media?parent=1139"}],"curies":[{"name":"wp","href":"https:\/\/api.w.org\/{rel}","templated":true}]}}