{"id":96,"date":"2018-04-12T10:30:55","date_gmt":"2018-04-12T08:30:55","guid":{"rendered":"https:\/\/colombahotel.com\/?page_id=96"},"modified":"2026-05-11T14:30:08","modified_gmt":"2026-05-11T12:30:08","slug":"serviceleistungen","status":"publish","type":"page","link":"https:\/\/colombahotel.com\/de\/serviceleistungen\/","title":{"rendered":"Serviceleistungen"},"content":{"rendered":"<p>Die Dienstleistungen des Hotels Colomba d\u2019Oro sind darauf ausgerichtet, den Aufenthalt in der Altstadt von Verona noch angenehmer zu gestalten. Ob es sich um eine romantische Reise, einen kulturellen Besuch oder einen gesch\u00e4ftlichen Aufenthalt in der N\u00e4he der Arena handelt, das Hotel bietet seinen G\u00e4sten Komfort und spezielle Serviceleistungen.<\/p>\n<p><strong>Dienstleistungen f\u00fcr jede Art von Aufenthalt:<\/strong><\/p>\n<ul>\n<li><strong>F\u00fcr Gesch\u00e4ftsreisende<br \/>\n<\/strong>Tagungsraum, Coworking Space und schnelle Wi-Fi-Verbindung.<\/li>\n<li><strong>F\u00fcr Verona-Besucher Fahrradverleih<\/strong>,<br \/>\num die Altstadt und die wichtigsten Sehensw\u00fcrdigkeiten zu entdecken.<\/li>\n<li><strong>F\u00fcr Anreisen mit dem Auto<br \/>\n<\/strong>bewachte Privatgarage im Zentrum von Verona.<\/li>\n<\/ul>\n","protected":false},"excerpt":{"rendered":"<p>Die Dienstleistungen des Hotels Colomba d\u2019Oro sind darauf ausgerichtet, den Aufenthalt in der Altstadt von Verona noch angenehmer zu gestalten. Ob es sich um eine romantische Reise, einen kulturellen Besuch oder einen gesch\u00e4ftlichen Aufenthalt in der N\u00e4he der Arena handelt, das Hotel bietet seinen G\u00e4sten Komfort und spezielle Serviceleistungen. Dienstleistungen f\u00fcr jede Art von Aufenthalt: [&hellip;]<\/p>\n","protected":false},"author":1,"featured_media":99,"parent":0,"menu_order":0,"comment_status":"closed","ping_status":"closed","template":"page-services2.php","meta":{"_acf_changed":false,"footnotes":""},"class_list":["post-96","page","type-page","status-publish","has-post-thumbnail","hentry"],"acf":[],"yoast_head":"<!-- This site is optimized with the Yoast SEO plugin v24.6 - https:\/\/yoast.com\/wordpress\/plugins\/seo\/ -->\n<title>Serviceleistungen - Hotel Colomba d&#039;Oro - Deu<\/title>\n<meta name=\"robots\" content=\"index, follow, max-snippet:-1, max-image-preview:large, max-video-preview:-1\" \/>\n<link rel=\"canonical\" href=\"https:\/\/colombahotel.com\/de\/serviceleistungen\/\" \/>\n<meta property=\"og:locale\" content=\"de_DE\" \/>\n<meta property=\"og:type\" content=\"article\" \/>\n<meta property=\"og:title\" content=\"Serviceleistungen - Hotel Colomba d&#039;Oro - Deu\" \/>\n<meta property=\"og:description\" content=\"Die Dienstleistungen des Hotels Colomba d\u2019Oro sind darauf ausgerichtet, den Aufenthalt in der Altstadt von Verona noch angenehmer zu gestalten. Ob es sich um eine romantische Reise, einen kulturellen Besuch oder einen gesch\u00e4ftlichen Aufenthalt in der N\u00e4he der Arena handelt, das Hotel bietet seinen G\u00e4sten Komfort und spezielle Serviceleistungen. Dienstleistungen f\u00fcr jede Art von Aufenthalt: [&hellip;]\" \/>\n<meta property=\"og:url\" content=\"https:\/\/colombahotel.com\/de\/serviceleistungen\/\" \/>\n<meta property=\"og:site_name\" content=\"Hotel Colomba d&#039;Oro - Deu\" \/>\n<meta property=\"article:modified_time\" content=\"2026-05-11T12:30:08+00:00\" \/>\n<meta property=\"og:image\" content=\"https:\/\/colombahotel.com\/de\/wp-content\/uploads\/sites\/3\/2018\/04\/229c854ebd5a4e8702322c4e8ae9108fab1ff8a9-1024x683.png\" \/>\n\t<meta property=\"og:image:width\" content=\"1024\" \/>\n\t<meta property=\"og:image:height\" content=\"683\" \/>\n\t<meta property=\"og:image:type\" content=\"image\/png\" \/>\n<meta name=\"twitter:card\" content=\"summary_large_image\" \/>\n<meta name=\"twitter:label1\" content=\"Gesch\u00e4tzte Lesezeit\" \/>\n\t<meta name=\"twitter:data1\" content=\"2\u00a0Minuten\" \/>\n<script type=\"application\/ld+json\" class=\"yoast-schema-graph\">{\"@context\":\"https:\/\/schema.org\",\"@graph\":[{\"@type\":\"WebPage\",\"@id\":\"https:\/\/colombahotel.com\/de\/serviceleistungen\/\",\"url\":\"https:\/\/colombahotel.com\/de\/serviceleistungen\/\",\"name\":\"Serviceleistungen - Hotel Colomba d&#039;Oro - Deu\",\"isPartOf\":{\"@id\":\"https:\/\/colombahotel.com\/de\/#website\"},\"primaryImageOfPage\":{\"@id\":\"https:\/\/colombahotel.com\/de\/serviceleistungen\/#primaryimage\"},\"image\":{\"@id\":\"https:\/\/colombahotel.com\/de\/serviceleistungen\/#primaryimage\"},\"thumbnailUrl\":\"https:\/\/colombahotel.com\/de\/wp-content\/uploads\/sites\/3\/2018\/04\/229c854ebd5a4e8702322c4e8ae9108fab1ff8a9.png\",\"datePublished\":\"2018-04-12T08:30:55+00:00\",\"dateModified\":\"2026-05-11T12:30:08+00:00\",\"inLanguage\":\"de\",\"potentialAction\":[{\"@type\":\"ReadAction\",\"target\":[\"https:\/\/colombahotel.com\/de\/serviceleistungen\/\"]}]},{\"@type\":\"ImageObject\",\"inLanguage\":\"de\",\"@id\":\"https:\/\/colombahotel.com\/de\/serviceleistungen\/#primaryimage\",\"url\":\"https:\/\/colombahotel.com\/de\/wp-content\/uploads\/sites\/3\/2018\/04\/229c854ebd5a4e8702322c4e8ae9108fab1ff8a9.png\",\"contentUrl\":\"https:\/\/colombahotel.com\/de\/wp-content\/uploads\/sites\/3\/2018\/04\/229c854ebd5a4e8702322c4e8ae9108fab1ff8a9.png\",\"width\":1920,\"height\":1280},{\"@type\":\"WebSite\",\"@id\":\"https:\/\/colombahotel.com\/de\/#website\",\"url\":\"https:\/\/colombahotel.com\/de\/\",\"name\":\"Hotel Colomba d&#039;Oro - Deu\",\"description\":\"\",\"potentialAction\":[{\"@type\":\"SearchAction\",\"target\":{\"@type\":\"EntryPoint\",\"urlTemplate\":\"https:\/\/colombahotel.com\/de\/?s={search_term_string}\"},\"query-input\":{\"@type\":\"PropertyValueSpecification\",\"valueRequired\":true,\"valueName\":\"search_term_string\"}}],\"inLanguage\":\"de\"}]}<\/script>\n<!-- \/ Yoast SEO plugin. -->","yoast_head_json":{"title":"Serviceleistungen - Hotel Colomba d&#039;Oro - Deu","robots":{"index":"index","follow":"follow","max-snippet":"max-snippet:-1","max-image-preview":"max-image-preview:large","max-video-preview":"max-video-preview:-1"},"canonical":"https:\/\/colombahotel.com\/de\/serviceleistungen\/","og_locale":"de_DE","og_type":"article","og_title":"Serviceleistungen - Hotel Colomba d&#039;Oro - Deu","og_description":"Die Dienstleistungen des Hotels Colomba d\u2019Oro sind darauf ausgerichtet, den Aufenthalt in der Altstadt von Verona noch angenehmer zu gestalten. Ob es sich um eine romantische Reise, einen kulturellen Besuch oder einen gesch\u00e4ftlichen Aufenthalt in der N\u00e4he der Arena handelt, das Hotel bietet seinen G\u00e4sten Komfort und spezielle Serviceleistungen. Dienstleistungen f\u00fcr jede Art von Aufenthalt: [&hellip;]","og_url":"https:\/\/colombahotel.com\/de\/serviceleistungen\/","og_site_name":"Hotel Colomba d&#039;Oro - Deu","article_modified_time":"2026-05-11T12:30:08+00:00","og_image":[{"width":1024,"height":683,"url":"https:\/\/colombahotel.com\/de\/wp-content\/uploads\/sites\/3\/2018\/04\/229c854ebd5a4e8702322c4e8ae9108fab1ff8a9-1024x683.png","type":"image\/png"}],"twitter_card":"summary_large_image","twitter_misc":{"Gesch\u00e4tzte Lesezeit":"2\u00a0Minuten"},"schema":{"@context":"https:\/\/schema.org","@graph":[{"@type":"WebPage","@id":"https:\/\/colombahotel.com\/de\/serviceleistungen\/","url":"https:\/\/colombahotel.com\/de\/serviceleistungen\/","name":"Serviceleistungen - Hotel Colomba d&#039;Oro - Deu","isPartOf":{"@id":"https:\/\/colombahotel.com\/de\/#website"},"primaryImageOfPage":{"@id":"https:\/\/colombahotel.com\/de\/serviceleistungen\/#primaryimage"},"image":{"@id":"https:\/\/colombahotel.com\/de\/serviceleistungen\/#primaryimage"},"thumbnailUrl":"https:\/\/colombahotel.com\/de\/wp-content\/uploads\/sites\/3\/2018\/04\/229c854ebd5a4e8702322c4e8ae9108fab1ff8a9.png","datePublished":"2018-04-12T08:30:55+00:00","dateModified":"2026-05-11T12:30:08+00:00","inLanguage":"de","potentialAction":[{"@type":"ReadAction","target":["https:\/\/colombahotel.com\/de\/serviceleistungen\/"]}]},{"@type":"ImageObject","inLanguage":"de","@id":"https:\/\/colombahotel.com\/de\/serviceleistungen\/#primaryimage","url":"https:\/\/colombahotel.com\/de\/wp-content\/uploads\/sites\/3\/2018\/04\/229c854ebd5a4e8702322c4e8ae9108fab1ff8a9.png","contentUrl":"https:\/\/colombahotel.com\/de\/wp-content\/uploads\/sites\/3\/2018\/04\/229c854ebd5a4e8702322c4e8ae9108fab1ff8a9.png","width":1920,"height":1280},{"@type":"WebSite","@id":"https:\/\/colombahotel.com\/de\/#website","url":"https:\/\/colombahotel.com\/de\/","name":"Hotel Colomba d&#039;Oro - Deu","description":"","potentialAction":[{"@type":"SearchAction","target":{"@type":"EntryPoint","urlTemplate":"https:\/\/colombahotel.com\/de\/?s={search_term_string}"},"query-input":{"@type":"PropertyValueSpecification","valueRequired":true,"valueName":"search_term_string"}}],"inLanguage":"de"}]}},"_links":{"self":[{"href":"https:\/\/colombahotel.com\/de\/wp-json\/wp\/v2\/pages\/96","targetHints":{"allow":["GET"]}}],"collection":[{"href":"https:\/\/colombahotel.com\/de\/wp-json\/wp\/v2\/pages"}],"about":[{"href":"https:\/\/colombahotel.com\/de\/wp-json\/wp\/v2\/types\/page"}],"author":[{"embeddable":true,"href":"https:\/\/colombahotel.com\/de\/wp-json\/wp\/v2\/users\/1"}],"replies":[{"embeddable":true,"href":"https:\/\/colombahotel.com\/de\/wp-json\/wp\/v2\/comments?post=96"}],"version-history":[{"count":5,"href":"https:\/\/colombahotel.com\/de\/wp-json\/wp\/v2\/pages\/96\/revisions"}],"predecessor-version":[{"id":995,"href":"https:\/\/colombahotel.com\/de\/wp-json\/wp\/v2\/pages\/96\/revisions\/995"}],"wp:featuredmedia":[{"embeddable":true,"href":"https:\/\/colombahotel.com\/de\/wp-json\/wp\/v2\/media\/99"}],"wp:attachment":[{"href":"https:\/\/colombahotel.com\/de\/wp-json\/wp\/v2\/media?parent=96"}],"curies":[{"name":"wp","href":"https:\/\/api.w.org\/{rel}","templated":true}]}}