{"id":810,"date":"2024-03-05T12:48:39","date_gmt":"2024-03-05T11:48:39","guid":{"rendered":"https:\/\/colombahotel.com\/de\/?page_id=810"},"modified":"2024-03-05T12:49:27","modified_gmt":"2024-03-05T11:49:27","slug":"gift-card","status":"publish","type":"page","link":"https:\/\/colombahotel.com\/de\/gift-card\/","title":{"rendered":"Gift Card"},"content":{"rendered":"<p>Verschenken Sie einen Aufenthalt im Hotel Colomba d&#8217;Oro: Fordern Sie unseren exklusiven Geschenkgutschein an, w\u00e4hlen Sie den Betrag, den Sie ausgeben m\u00f6chten, indem Sie die unten stehenden Felder ausf\u00fcllen, und wir werden Ihnen mit einer Best\u00e4tigung und Anweisungen f\u00fcr die Zahlung antworten.<\/p>\n<p>Sobald wir das Guthaben erhalten haben, stellen wir den Gutschein aus und senden ihn per E-Mail an Ihre Adresse oder an die Adresse der Person, die Ihr Geschenk erhalten soll, oder an beide, wie Sie es w\u00fcnschen.<\/p>\n<p>Es handelt sich um eine einzigartige Geschenkkarte, die sowohl von Ihnen (indem Sie Ihren Lieblingsspruch auf dem Gutschein einf\u00fcgen) als auch vom Empf\u00e4nger (z.B. f\u00fcr ein romantisches Wochenende, f\u00fcr den Besuch einer Show in der Arena, f\u00fcr einen Geburtstag oder ein Jubil\u00e4um in Verona) personalisiert werden kann.<\/p>\n<p>Der Gutschein ist ein ganzes Jahr lang g\u00fcltig: wer ihn erh\u00e4lt, kann ihn jederzeit einl\u00f6sen, indem er auf unserer Website bucht (oder uns per E-Mail oder Telefon kontaktiert), das Datum w\u00e4hlt (eine oder mehrere N\u00e4chte, in jeder Saison bucht) mit der M\u00f6glichkeit, ein Willkommensgeschenk im Zimmer hinzuzuf\u00fcgen.<\/p>\n<p>Wenn Sie es w\u00fcnschen, schicken wir auch &#8211; an Ihre Postadresse oder direkt an die des Beschenkten, je nachdem, was Sie bevorzugen &#8211; eine prestigetr\u00e4chtige Pop-up-Karte, die speziell f\u00fcr das Hotel Colomba d&#8217;Oro von Veroneser K\u00fcnstlern im Museo Conte &#8211; Antica Tipografia Artistica Arche Scaligere, gegr\u00fcndet 1750 und anerkannt als &#8222;Bottega Storica di Alto Pregio e Valore&#8220;, handgefertigt wurde.<\/p>\n","protected":false},"excerpt":{"rendered":"<p>Verschenken Sie einen Aufenthalt im Hotel Colomba d&#8217;Oro: Fordern Sie unseren exklusiven Geschenkgutschein an, w\u00e4hlen Sie den Betrag, den Sie ausgeben m\u00f6chten, indem Sie die unten stehenden Felder ausf\u00fcllen, und wir werden Ihnen mit einer Best\u00e4tigung und Anweisungen f\u00fcr die Zahlung antworten. Sobald wir das Guthaben erhalten haben, stellen wir den Gutschein aus und senden [&hellip;]<\/p>\n","protected":false},"author":9,"featured_media":0,"parent":0,"menu_order":0,"comment_status":"closed","ping_status":"closed","template":"page-giftcard.php","meta":{"_acf_changed":false,"footnotes":""},"class_list":["post-810","page","type-page","status-publish","hentry"],"acf":[],"yoast_head":"<!-- This site is optimized with the Yoast SEO plugin v24.6 - https:\/\/yoast.com\/wordpress\/plugins\/seo\/ -->\n<title>Gift Card - Hotel Colomba d&#039;Oro - Deu<\/title>\n<meta name=\"robots\" content=\"index, follow, max-snippet:-1, max-image-preview:large, max-video-preview:-1\" \/>\n<link rel=\"canonical\" href=\"https:\/\/colombahotel.com\/de\/gift-card\/\" \/>\n<meta property=\"og:locale\" content=\"de_DE\" \/>\n<meta property=\"og:type\" content=\"article\" \/>\n<meta property=\"og:title\" content=\"Gift Card - Hotel Colomba d&#039;Oro - Deu\" \/>\n<meta property=\"og:description\" content=\"Verschenken Sie einen Aufenthalt im Hotel Colomba d&#8217;Oro: Fordern Sie unseren exklusiven Geschenkgutschein an, w\u00e4hlen Sie den Betrag, den Sie ausgeben m\u00f6chten, indem Sie die unten stehenden Felder ausf\u00fcllen, und wir werden Ihnen mit einer Best\u00e4tigung und Anweisungen f\u00fcr die Zahlung antworten. Sobald wir das Guthaben erhalten haben, stellen wir den Gutschein aus und senden [&hellip;]\" \/>\n<meta property=\"og:url\" content=\"https:\/\/colombahotel.com\/de\/gift-card\/\" \/>\n<meta property=\"og:site_name\" content=\"Hotel Colomba d&#039;Oro - Deu\" \/>\n<meta property=\"article:modified_time\" content=\"2024-03-05T11:49:27+00:00\" \/>\n<meta name=\"twitter:card\" content=\"summary_large_image\" \/>\n<meta name=\"twitter:label1\" content=\"Gesch\u00e4tzte Lesezeit\" \/>\n\t<meta name=\"twitter:data1\" content=\"2\u00a0Minuten\" \/>\n<script type=\"application\/ld+json\" class=\"yoast-schema-graph\">{\"@context\":\"https:\/\/schema.org\",\"@graph\":[{\"@type\":\"WebPage\",\"@id\":\"https:\/\/colombahotel.com\/de\/gift-card\/\",\"url\":\"https:\/\/colombahotel.com\/de\/gift-card\/\",\"name\":\"Gift Card - Hotel Colomba d&#039;Oro - Deu\",\"isPartOf\":{\"@id\":\"https:\/\/colombahotel.com\/de\/#website\"},\"datePublished\":\"2024-03-05T11:48:39+00:00\",\"dateModified\":\"2024-03-05T11:49:27+00:00\",\"inLanguage\":\"de\",\"potentialAction\":[{\"@type\":\"ReadAction\",\"target\":[\"https:\/\/colombahotel.com\/de\/gift-card\/\"]}]},{\"@type\":\"WebSite\",\"@id\":\"https:\/\/colombahotel.com\/de\/#website\",\"url\":\"https:\/\/colombahotel.com\/de\/\",\"name\":\"Hotel Colomba d&#039;Oro - Deu\",\"description\":\"\",\"potentialAction\":[{\"@type\":\"SearchAction\",\"target\":{\"@type\":\"EntryPoint\",\"urlTemplate\":\"https:\/\/colombahotel.com\/de\/?s={search_term_string}\"},\"query-input\":{\"@type\":\"PropertyValueSpecification\",\"valueRequired\":true,\"valueName\":\"search_term_string\"}}],\"inLanguage\":\"de\"}]}<\/script>\n<!-- \/ Yoast SEO plugin. -->","yoast_head_json":{"title":"Gift Card - Hotel Colomba d&#039;Oro - Deu","robots":{"index":"index","follow":"follow","max-snippet":"max-snippet:-1","max-image-preview":"max-image-preview:large","max-video-preview":"max-video-preview:-1"},"canonical":"https:\/\/colombahotel.com\/de\/gift-card\/","og_locale":"de_DE","og_type":"article","og_title":"Gift Card - Hotel Colomba d&#039;Oro - Deu","og_description":"Verschenken Sie einen Aufenthalt im Hotel Colomba d&#8217;Oro: Fordern Sie unseren exklusiven Geschenkgutschein an, w\u00e4hlen Sie den Betrag, den Sie ausgeben m\u00f6chten, indem Sie die unten stehenden Felder ausf\u00fcllen, und wir werden Ihnen mit einer Best\u00e4tigung und Anweisungen f\u00fcr die Zahlung antworten. Sobald wir das Guthaben erhalten haben, stellen wir den Gutschein aus und senden [&hellip;]","og_url":"https:\/\/colombahotel.com\/de\/gift-card\/","og_site_name":"Hotel Colomba d&#039;Oro - Deu","article_modified_time":"2024-03-05T11:49:27+00:00","twitter_card":"summary_large_image","twitter_misc":{"Gesch\u00e4tzte Lesezeit":"2\u00a0Minuten"},"schema":{"@context":"https:\/\/schema.org","@graph":[{"@type":"WebPage","@id":"https:\/\/colombahotel.com\/de\/gift-card\/","url":"https:\/\/colombahotel.com\/de\/gift-card\/","name":"Gift Card - Hotel Colomba d&#039;Oro - Deu","isPartOf":{"@id":"https:\/\/colombahotel.com\/de\/#website"},"datePublished":"2024-03-05T11:48:39+00:00","dateModified":"2024-03-05T11:49:27+00:00","inLanguage":"de","potentialAction":[{"@type":"ReadAction","target":["https:\/\/colombahotel.com\/de\/gift-card\/"]}]},{"@type":"WebSite","@id":"https:\/\/colombahotel.com\/de\/#website","url":"https:\/\/colombahotel.com\/de\/","name":"Hotel Colomba d&#039;Oro - Deu","description":"","potentialAction":[{"@type":"SearchAction","target":{"@type":"EntryPoint","urlTemplate":"https:\/\/colombahotel.com\/de\/?s={search_term_string}"},"query-input":{"@type":"PropertyValueSpecification","valueRequired":true,"valueName":"search_term_string"}}],"inLanguage":"de"}]}},"_links":{"self":[{"href":"https:\/\/colombahotel.com\/de\/wp-json\/wp\/v2\/pages\/810","targetHints":{"allow":["GET"]}}],"collection":[{"href":"https:\/\/colombahotel.com\/de\/wp-json\/wp\/v2\/pages"}],"about":[{"href":"https:\/\/colombahotel.com\/de\/wp-json\/wp\/v2\/types\/page"}],"author":[{"embeddable":true,"href":"https:\/\/colombahotel.com\/de\/wp-json\/wp\/v2\/users\/9"}],"replies":[{"embeddable":true,"href":"https:\/\/colombahotel.com\/de\/wp-json\/wp\/v2\/comments?post=810"}],"version-history":[{"count":2,"href":"https:\/\/colombahotel.com\/de\/wp-json\/wp\/v2\/pages\/810\/revisions"}],"predecessor-version":[{"id":812,"href":"https:\/\/colombahotel.com\/de\/wp-json\/wp\/v2\/pages\/810\/revisions\/812"}],"wp:attachment":[{"href":"https:\/\/colombahotel.com\/de\/wp-json\/wp\/v2\/media?parent=810"}],"curies":[{"name":"wp","href":"https:\/\/api.w.org\/{rel}","templated":true}]}}