{"id":69,"date":"2018-04-10T10:05:55","date_gmt":"2018-04-10T08:05:55","guid":{"rendered":"https:\/\/colombahotel.com\/?page_id=69"},"modified":"2023-09-07T15:27:38","modified_gmt":"2023-09-07T13:27:38","slug":"geschichte","status":"publish","type":"page","link":"https:\/\/colombahotel.com\/de\/geschichte\/","title":{"rendered":"Geschichte"},"content":{"rendered":"<h2>Verona, seine Geschichte und das Hotel Colomba D&#8217;Oro<\/h2>\n<p><span class=\"TextRun SCXW174058058 BCX9\" lang=\"DE-DE\" xml:lang=\"DE-DE\" data-contrast=\"auto\"><span class=\"NormalTextRun SCXW174058058 BCX9\">Die Geschichte eines Hotels ist vergleichbar mit der Pers\u00f6nlichkeit eines Menschen, man <\/span><span class=\"NormalTextRun SCXW174058058 BCX9\">kann sie <\/span><span class=\"NormalTextRun SCXW174058058 BCX9\">nicht kaufen: entweder man hat sie oder nicht<\/span><span class=\"NormalTextRun SCXW174058058 BCX9\">.<\/span> <span class=\"NormalTextRun SCXW174058058 BCX9\">Wir vom Hotel<\/span><span class=\"NormalTextRun SCXW174058058 BCX9\"> Colomba <\/span><span class=\"NormalTextRun SpellingErrorV2Themed SCXW174058058 BCX9\">d&#8217;Oro<\/span> <span class=\"NormalTextRun SCXW174058058 BCX9\">sind stolz auf unser doppeltes Erbe<\/span><span class=\"NormalTextRun SCXW174058058 BCX9\">: Die Geschichte seines aus der Renaissance stammenden Geb\u00e4udes einerseits <\/span><span class=\"NormalTextRun SCXW174058058 BCX9\">und <\/span><span class=\"NormalTextRun SCXW174058058 BCX9\">die des <\/span><span class=\"NormalTextRun SCXW174058058 BCX9\">im Jahre 1837 er\u00f6ffneten Hotels<\/span><span class=\"NormalTextRun SCXW174058058 BCX9\"> andererseits<\/span><span class=\"NormalTextRun SCXW174058058 BCX9\">, <\/span><span class=\"NormalTextRun SCXW174058058 BCX9\">in dem viele ber\u00fchmte und bedeutende Pers\u00f6nlichkeiten n\u00e4chtigten. Nachfolgen k\u00f6nnen Sie ein wenig mehr dar\u00fcber erfahren<\/span><span class=\"NormalTextRun SCXW174058058 BCX9\">.<\/span><\/span><span class=\"EOP SCXW174058058 BCX9\" data-ccp-props=\"{&quot;201341983&quot;:0,&quot;335559685&quot;:540,&quot;335559739&quot;:0,&quot;335559740&quot;:240}\">\u00a0<\/span><\/p>\n","protected":false},"excerpt":{"rendered":"<p>Verona, seine Geschichte und das Hotel Colomba D&#8217;Oro Die Geschichte eines Hotels ist vergleichbar mit der Pers\u00f6nlichkeit eines Menschen, man kann sie nicht kaufen: entweder man hat sie oder nicht. Wir vom Hotel Colomba d&#8217;Oro sind stolz auf unser doppeltes Erbe: Die Geschichte seines aus der Renaissance stammenden Geb\u00e4udes einerseits und die des im Jahre [&hellip;]<\/p>\n","protected":false},"author":1,"featured_media":0,"parent":0,"menu_order":0,"comment_status":"closed","ping_status":"closed","template":"page-timeline.php","meta":{"_acf_changed":false,"footnotes":""},"class_list":["post-69","page","type-page","status-publish","hentry"],"acf":[],"yoast_head":"<!-- This site is optimized with the Yoast SEO plugin v24.6 - https:\/\/yoast.com\/wordpress\/plugins\/seo\/ -->\n<title>Geschichte - Hotel Colomba d&#039;Oro - Deu<\/title>\n<meta name=\"robots\" content=\"index, follow, max-snippet:-1, max-image-preview:large, max-video-preview:-1\" \/>\n<link rel=\"canonical\" href=\"https:\/\/colombahotel.com\/de\/geschichte\/\" \/>\n<meta property=\"og:locale\" content=\"de_DE\" \/>\n<meta property=\"og:type\" content=\"article\" \/>\n<meta property=\"og:title\" content=\"Geschichte - Hotel Colomba d&#039;Oro - Deu\" \/>\n<meta property=\"og:description\" content=\"Verona, seine Geschichte und das Hotel Colomba D&#8217;Oro Die Geschichte eines Hotels ist vergleichbar mit der Pers\u00f6nlichkeit eines Menschen, man kann sie nicht kaufen: entweder man hat sie oder nicht. Wir vom Hotel Colomba d&#8217;Oro sind stolz auf unser doppeltes Erbe: Die Geschichte seines aus der Renaissance stammenden Geb\u00e4udes einerseits und die des im Jahre [&hellip;]\" \/>\n<meta property=\"og:url\" content=\"https:\/\/colombahotel.com\/de\/geschichte\/\" \/>\n<meta property=\"og:site_name\" content=\"Hotel Colomba d&#039;Oro - Deu\" \/>\n<meta property=\"article:modified_time\" content=\"2023-09-07T13:27:38+00:00\" \/>\n<meta name=\"twitter:card\" content=\"summary_large_image\" \/>\n<meta name=\"twitter:label1\" content=\"Gesch\u00e4tzte Lesezeit\" \/>\n\t<meta name=\"twitter:data1\" content=\"1\u00a0Minute\" \/>\n<script type=\"application\/ld+json\" class=\"yoast-schema-graph\">{\"@context\":\"https:\/\/schema.org\",\"@graph\":[{\"@type\":\"WebPage\",\"@id\":\"https:\/\/colombahotel.com\/de\/geschichte\/\",\"url\":\"https:\/\/colombahotel.com\/de\/geschichte\/\",\"name\":\"Geschichte - Hotel Colomba d&#039;Oro - Deu\",\"isPartOf\":{\"@id\":\"https:\/\/colombahotel.com\/de\/#website\"},\"datePublished\":\"2018-04-10T08:05:55+00:00\",\"dateModified\":\"2023-09-07T13:27:38+00:00\",\"inLanguage\":\"de\",\"potentialAction\":[{\"@type\":\"ReadAction\",\"target\":[\"https:\/\/colombahotel.com\/de\/geschichte\/\"]}]},{\"@type\":\"WebSite\",\"@id\":\"https:\/\/colombahotel.com\/de\/#website\",\"url\":\"https:\/\/colombahotel.com\/de\/\",\"name\":\"Hotel Colomba d&#039;Oro - Deu\",\"description\":\"\",\"potentialAction\":[{\"@type\":\"SearchAction\",\"target\":{\"@type\":\"EntryPoint\",\"urlTemplate\":\"https:\/\/colombahotel.com\/de\/?s={search_term_string}\"},\"query-input\":{\"@type\":\"PropertyValueSpecification\",\"valueRequired\":true,\"valueName\":\"search_term_string\"}}],\"inLanguage\":\"de\"}]}<\/script>\n<!-- \/ Yoast SEO plugin. -->","yoast_head_json":{"title":"Geschichte - Hotel Colomba d&#039;Oro - Deu","robots":{"index":"index","follow":"follow","max-snippet":"max-snippet:-1","max-image-preview":"max-image-preview:large","max-video-preview":"max-video-preview:-1"},"canonical":"https:\/\/colombahotel.com\/de\/geschichte\/","og_locale":"de_DE","og_type":"article","og_title":"Geschichte - Hotel Colomba d&#039;Oro - Deu","og_description":"Verona, seine Geschichte und das Hotel Colomba D&#8217;Oro Die Geschichte eines Hotels ist vergleichbar mit der Pers\u00f6nlichkeit eines Menschen, man kann sie nicht kaufen: entweder man hat sie oder nicht. Wir vom Hotel Colomba d&#8217;Oro sind stolz auf unser doppeltes Erbe: Die Geschichte seines aus der Renaissance stammenden Geb\u00e4udes einerseits und die des im Jahre [&hellip;]","og_url":"https:\/\/colombahotel.com\/de\/geschichte\/","og_site_name":"Hotel Colomba d&#039;Oro - Deu","article_modified_time":"2023-09-07T13:27:38+00:00","twitter_card":"summary_large_image","twitter_misc":{"Gesch\u00e4tzte Lesezeit":"1\u00a0Minute"},"schema":{"@context":"https:\/\/schema.org","@graph":[{"@type":"WebPage","@id":"https:\/\/colombahotel.com\/de\/geschichte\/","url":"https:\/\/colombahotel.com\/de\/geschichte\/","name":"Geschichte - Hotel Colomba d&#039;Oro - Deu","isPartOf":{"@id":"https:\/\/colombahotel.com\/de\/#website"},"datePublished":"2018-04-10T08:05:55+00:00","dateModified":"2023-09-07T13:27:38+00:00","inLanguage":"de","potentialAction":[{"@type":"ReadAction","target":["https:\/\/colombahotel.com\/de\/geschichte\/"]}]},{"@type":"WebSite","@id":"https:\/\/colombahotel.com\/de\/#website","url":"https:\/\/colombahotel.com\/de\/","name":"Hotel Colomba d&#039;Oro - Deu","description":"","potentialAction":[{"@type":"SearchAction","target":{"@type":"EntryPoint","urlTemplate":"https:\/\/colombahotel.com\/de\/?s={search_term_string}"},"query-input":{"@type":"PropertyValueSpecification","valueRequired":true,"valueName":"search_term_string"}}],"inLanguage":"de"}]}},"_links":{"self":[{"href":"https:\/\/colombahotel.com\/de\/wp-json\/wp\/v2\/pages\/69","targetHints":{"allow":["GET"]}}],"collection":[{"href":"https:\/\/colombahotel.com\/de\/wp-json\/wp\/v2\/pages"}],"about":[{"href":"https:\/\/colombahotel.com\/de\/wp-json\/wp\/v2\/types\/page"}],"author":[{"embeddable":true,"href":"https:\/\/colombahotel.com\/de\/wp-json\/wp\/v2\/users\/1"}],"replies":[{"embeddable":true,"href":"https:\/\/colombahotel.com\/de\/wp-json\/wp\/v2\/comments?post=69"}],"version-history":[{"count":5,"href":"https:\/\/colombahotel.com\/de\/wp-json\/wp\/v2\/pages\/69\/revisions"}],"predecessor-version":[{"id":660,"href":"https:\/\/colombahotel.com\/de\/wp-json\/wp\/v2\/pages\/69\/revisions\/660"}],"wp:attachment":[{"href":"https:\/\/colombahotel.com\/de\/wp-json\/wp\/v2\/media?parent=69"}],"curies":[{"name":"wp","href":"https:\/\/api.w.org\/{rel}","templated":true}]}}