{"id":6,"date":"2018-04-04T10:41:12","date_gmt":"2018-04-04T08:41:12","guid":{"rendered":"https:\/\/colombahotel.com\/?page_id=6"},"modified":"2026-03-12T14:40:12","modified_gmt":"2026-03-12T13:40:12","slug":"home-page","status":"publish","type":"page","link":"https:\/\/colombahotel.com\/de\/","title":{"rendered":"Home Page"},"content":{"rendered":"<h3>Hotel Colomba d\u2019Oro<\/h3>\n<p><strong>Oper und Kunst, Verona verzaubert jeden auf den ersten Blick<\/strong><\/p>\n<p>Das Hotel Colomba d\u2019Oro ist ideal f\u00fcr Liebhaber der Kultur und Geschichte Veronas, Stadt der Arena und Opernfestspiele; f\u00fcr Liebhaber der Kunst und Architekturgeschichte, die dank der <a href=\"https:\/\/colombahotel.com\/de\/zimmer\/\">zentralen Lage<\/a> alle Monumente bequem erreichen k\u00f6nnen; f\u00fcr alle, die Komfort und den Luxus einer zentralen Lage sch\u00e4tzen.<\/p>\n","protected":false},"excerpt":{"rendered":"<p>Hotel Colomba d\u2019Oro Oper und Kunst, Verona verzaubert jeden auf den ersten Blick Das Hotel Colomba d\u2019Oro ist ideal f\u00fcr Liebhaber der Kultur und Geschichte Veronas, Stadt der Arena und Opernfestspiele; f\u00fcr Liebhaber der Kunst und Architekturgeschichte, die dank der zentralen Lage alle Monumente bequem erreichen k\u00f6nnen; f\u00fcr alle, die Komfort und den Luxus einer [&hellip;]<\/p>\n","protected":false},"author":1,"featured_media":0,"parent":0,"menu_order":0,"comment_status":"closed","ping_status":"closed","template":"page-home.php","meta":{"_acf_changed":false,"footnotes":""},"class_list":["post-6","page","type-page","status-publish","hentry"],"acf":[],"yoast_head":"<!-- This site is optimized with the Yoast SEO plugin v24.6 - https:\/\/yoast.com\/wordpress\/plugins\/seo\/ -->\n<title>Home Page - Hotel Colomba d&#039;Oro - Deu<\/title>\n<meta name=\"robots\" content=\"index, follow, max-snippet:-1, max-image-preview:large, max-video-preview:-1\" \/>\n<link rel=\"canonical\" href=\"https:\/\/colombahotel.com\/de\/\" \/>\n<meta property=\"og:locale\" content=\"de_DE\" \/>\n<meta property=\"og:type\" content=\"article\" \/>\n<meta property=\"og:title\" content=\"Home Page - Hotel Colomba d&#039;Oro - Deu\" \/>\n<meta property=\"og:description\" content=\"Hotel Colomba d\u2019Oro Oper und Kunst, Verona verzaubert jeden auf den ersten Blick Das Hotel Colomba d\u2019Oro ist ideal f\u00fcr Liebhaber der Kultur und Geschichte Veronas, Stadt der Arena und Opernfestspiele; f\u00fcr Liebhaber der Kunst und Architekturgeschichte, die dank der zentralen Lage alle Monumente bequem erreichen k\u00f6nnen; f\u00fcr alle, die Komfort und den Luxus einer [&hellip;]\" \/>\n<meta property=\"og:url\" content=\"https:\/\/colombahotel.com\/de\/\" \/>\n<meta property=\"og:site_name\" content=\"Hotel Colomba d&#039;Oro - Deu\" \/>\n<meta property=\"article:modified_time\" content=\"2026-03-12T13:40:12+00:00\" \/>\n<meta name=\"twitter:card\" content=\"summary_large_image\" \/>\n<meta name=\"twitter:label1\" content=\"Gesch\u00e4tzte Lesezeit\" \/>\n\t<meta name=\"twitter:data1\" content=\"4\u00a0Minuten\" \/>\n<script type=\"application\/ld+json\" class=\"yoast-schema-graph\">{\"@context\":\"https:\/\/schema.org\",\"@graph\":[{\"@type\":\"WebPage\",\"@id\":\"https:\/\/colombahotel.com\/de\/\",\"url\":\"https:\/\/colombahotel.com\/de\/\",\"name\":\"Home Page - Hotel Colomba d&#039;Oro - Deu\",\"isPartOf\":{\"@id\":\"https:\/\/colombahotel.com\/de\/#website\"},\"datePublished\":\"2018-04-04T08:41:12+00:00\",\"dateModified\":\"2026-03-12T13:40:12+00:00\",\"inLanguage\":\"de\",\"potentialAction\":[{\"@type\":\"ReadAction\",\"target\":[\"https:\/\/colombahotel.com\/de\/\"]}]},{\"@type\":\"WebSite\",\"@id\":\"https:\/\/colombahotel.com\/de\/#website\",\"url\":\"https:\/\/colombahotel.com\/de\/\",\"name\":\"Hotel Colomba d&#039;Oro - Deu\",\"description\":\"\",\"potentialAction\":[{\"@type\":\"SearchAction\",\"target\":{\"@type\":\"EntryPoint\",\"urlTemplate\":\"https:\/\/colombahotel.com\/de\/?s={search_term_string}\"},\"query-input\":{\"@type\":\"PropertyValueSpecification\",\"valueRequired\":true,\"valueName\":\"search_term_string\"}}],\"inLanguage\":\"de\"}]}<\/script>\n<!-- \/ Yoast SEO plugin. -->","yoast_head_json":{"title":"Home Page - Hotel Colomba d&#039;Oro - Deu","robots":{"index":"index","follow":"follow","max-snippet":"max-snippet:-1","max-image-preview":"max-image-preview:large","max-video-preview":"max-video-preview:-1"},"canonical":"https:\/\/colombahotel.com\/de\/","og_locale":"de_DE","og_type":"article","og_title":"Home Page - Hotel Colomba d&#039;Oro - Deu","og_description":"Hotel Colomba d\u2019Oro Oper und Kunst, Verona verzaubert jeden auf den ersten Blick Das Hotel Colomba d\u2019Oro ist ideal f\u00fcr Liebhaber der Kultur und Geschichte Veronas, Stadt der Arena und Opernfestspiele; f\u00fcr Liebhaber der Kunst und Architekturgeschichte, die dank der zentralen Lage alle Monumente bequem erreichen k\u00f6nnen; f\u00fcr alle, die Komfort und den Luxus einer [&hellip;]","og_url":"https:\/\/colombahotel.com\/de\/","og_site_name":"Hotel Colomba d&#039;Oro - Deu","article_modified_time":"2026-03-12T13:40:12+00:00","twitter_card":"summary_large_image","twitter_misc":{"Gesch\u00e4tzte Lesezeit":"4\u00a0Minuten"},"schema":{"@context":"https:\/\/schema.org","@graph":[{"@type":"WebPage","@id":"https:\/\/colombahotel.com\/de\/","url":"https:\/\/colombahotel.com\/de\/","name":"Home Page - Hotel Colomba d&#039;Oro - Deu","isPartOf":{"@id":"https:\/\/colombahotel.com\/de\/#website"},"datePublished":"2018-04-04T08:41:12+00:00","dateModified":"2026-03-12T13:40:12+00:00","inLanguage":"de","potentialAction":[{"@type":"ReadAction","target":["https:\/\/colombahotel.com\/de\/"]}]},{"@type":"WebSite","@id":"https:\/\/colombahotel.com\/de\/#website","url":"https:\/\/colombahotel.com\/de\/","name":"Hotel Colomba d&#039;Oro - Deu","description":"","potentialAction":[{"@type":"SearchAction","target":{"@type":"EntryPoint","urlTemplate":"https:\/\/colombahotel.com\/de\/?s={search_term_string}"},"query-input":{"@type":"PropertyValueSpecification","valueRequired":true,"valueName":"search_term_string"}}],"inLanguage":"de"}]}},"_links":{"self":[{"href":"https:\/\/colombahotel.com\/de\/wp-json\/wp\/v2\/pages\/6","targetHints":{"allow":["GET"]}}],"collection":[{"href":"https:\/\/colombahotel.com\/de\/wp-json\/wp\/v2\/pages"}],"about":[{"href":"https:\/\/colombahotel.com\/de\/wp-json\/wp\/v2\/types\/page"}],"author":[{"embeddable":true,"href":"https:\/\/colombahotel.com\/de\/wp-json\/wp\/v2\/users\/1"}],"replies":[{"embeddable":true,"href":"https:\/\/colombahotel.com\/de\/wp-json\/wp\/v2\/comments?post=6"}],"version-history":[{"count":7,"href":"https:\/\/colombahotel.com\/de\/wp-json\/wp\/v2\/pages\/6\/revisions"}],"predecessor-version":[{"id":959,"href":"https:\/\/colombahotel.com\/de\/wp-json\/wp\/v2\/pages\/6\/revisions\/959"}],"wp:attachment":[{"href":"https:\/\/colombahotel.com\/de\/wp-json\/wp\/v2\/media?parent=6"}],"curies":[{"name":"wp","href":"https:\/\/api.w.org\/{rel}","templated":true}]}}