{"id":560,"date":"2023-01-12T14:06:17","date_gmt":"2023-01-12T13:06:17","guid":{"rendered":"https:\/\/colombahotel.com\/de\/?page_id=560"},"modified":"2023-01-17T14:18:04","modified_gmt":"2023-01-17T13:18:04","slug":"location","status":"publish","type":"page","link":"https:\/\/colombahotel.com\/de\/location\/","title":{"rendered":"Location"},"content":{"rendered":"<p>Alle bekannten Sehensw\u00fcrdigkeiten von <strong>Verona<\/strong> befinden sich <strong>in der N\u00e4he des Hotels Colomba d\u2019Oro<\/strong>. Dank seiner einzigartigen Lage unweit der ber\u00fchmten <strong>Arena<\/strong> ist dieses <strong>4-Sterne-Hotel <\/strong>ein idealer Ausgangspunkt, um die zahlreichen Denkm\u00e4ler, Gesch\u00e4fte und <a href=\"https:\/\/colombahotel.com\/de\/fruehstueck-und-bar\/\"><strong>Restaurants<\/strong><\/a> der Altstadt bequem <a href=\"https:\/\/colombahotel.com\/de\/offerte-speciali\/vom-hotel-colomba-doro-aus-ist-alles-so-nah-und-einfach\/\"><strong>zu<\/strong><strong> Fu\u00df<\/strong><\/a> oder <a href=\"https:\/\/colombahotel.com\/de\/servizi\/fahrradverleih\/\"><strong>mit<\/strong><\/a><strong> dem Fahrrad<\/strong> zu erkunden. Unser Rezeptionsteam steht den G\u00e4sten jederzeit gerne f\u00fcr Ratschl\u00e4ge zu Verf\u00fcgung und ist ihnen bei der Auswahl und Reservierung nach ihren W\u00fcnschen behilflich, damit sie einen entspannten und unvergesslichen Aufenthalt in der Stadt verlebenk\u00f6nnen.<\/p>\n","protected":false},"excerpt":{"rendered":"<p>Alle bekannten Sehensw\u00fcrdigkeiten von Verona befinden sich in der N\u00e4he des Hotels Colomba d\u2019Oro. Dank seiner einzigartigen Lage unweit der ber\u00fchmten Arena ist dieses 4-Sterne-Hotel ein idealer Ausgangspunkt, um die zahlreichen Denkm\u00e4ler, Gesch\u00e4fte und Restaurants der Altstadt bequem zu Fu\u00df oder mit dem Fahrrad zu erkunden. Unser Rezeptionsteam steht den G\u00e4sten jederzeit gerne f\u00fcr Ratschl\u00e4ge [&hellip;]<\/p>\n","protected":false},"author":1,"featured_media":645,"parent":0,"menu_order":0,"comment_status":"closed","ping_status":"closed","template":"page-location.php","meta":{"_acf_changed":false,"footnotes":""},"class_list":["post-560","page","type-page","status-publish","has-post-thumbnail","hentry"],"acf":[],"yoast_head":"<!-- This site is optimized with the Yoast SEO plugin v24.6 - https:\/\/yoast.com\/wordpress\/plugins\/seo\/ -->\n<title>Location - Hotel Colomba d&#039;Oro - Deu<\/title>\n<meta name=\"robots\" content=\"index, follow, max-snippet:-1, max-image-preview:large, max-video-preview:-1\" \/>\n<link rel=\"canonical\" href=\"https:\/\/colombahotel.com\/de\/location\/\" \/>\n<meta property=\"og:locale\" content=\"de_DE\" \/>\n<meta property=\"og:type\" content=\"article\" \/>\n<meta property=\"og:title\" content=\"Location - Hotel Colomba d&#039;Oro - Deu\" \/>\n<meta property=\"og:description\" content=\"Alle bekannten Sehensw\u00fcrdigkeiten von Verona befinden sich in der N\u00e4he des Hotels Colomba d\u2019Oro. Dank seiner einzigartigen Lage unweit der ber\u00fchmten Arena ist dieses 4-Sterne-Hotel ein idealer Ausgangspunkt, um die zahlreichen Denkm\u00e4ler, Gesch\u00e4fte und Restaurants der Altstadt bequem zu Fu\u00df oder mit dem Fahrrad zu erkunden. Unser Rezeptionsteam steht den G\u00e4sten jederzeit gerne f\u00fcr Ratschl\u00e4ge [&hellip;]\" \/>\n<meta property=\"og:url\" content=\"https:\/\/colombahotel.com\/de\/location\/\" \/>\n<meta property=\"og:site_name\" content=\"Hotel Colomba d&#039;Oro - Deu\" \/>\n<meta property=\"article:modified_time\" content=\"2023-01-17T13:18:04+00:00\" \/>\n<meta property=\"og:image\" content=\"https:\/\/colombahotel.com\/de\/wp-content\/uploads\/sites\/3\/2023\/01\/aerial2.jpg\" \/>\n\t<meta property=\"og:image:width\" content=\"1826\" \/>\n\t<meta property=\"og:image:height\" content=\"953\" \/>\n\t<meta property=\"og:image:type\" content=\"image\/jpeg\" \/>\n<meta name=\"twitter:card\" content=\"summary_large_image\" \/>\n<meta name=\"twitter:label1\" content=\"Gesch\u00e4tzte Lesezeit\" \/>\n\t<meta name=\"twitter:data1\" content=\"1\u00a0Minute\" \/>\n<script type=\"application\/ld+json\" class=\"yoast-schema-graph\">{\"@context\":\"https:\/\/schema.org\",\"@graph\":[{\"@type\":\"WebPage\",\"@id\":\"https:\/\/colombahotel.com\/de\/location\/\",\"url\":\"https:\/\/colombahotel.com\/de\/location\/\",\"name\":\"Location - Hotel Colomba d&#039;Oro - Deu\",\"isPartOf\":{\"@id\":\"https:\/\/colombahotel.com\/de\/#website\"},\"primaryImageOfPage\":{\"@id\":\"https:\/\/colombahotel.com\/de\/location\/#primaryimage\"},\"image\":{\"@id\":\"https:\/\/colombahotel.com\/de\/location\/#primaryimage\"},\"thumbnailUrl\":\"https:\/\/colombahotel.com\/de\/wp-content\/uploads\/sites\/3\/2023\/01\/aerial2.jpg\",\"datePublished\":\"2023-01-12T13:06:17+00:00\",\"dateModified\":\"2023-01-17T13:18:04+00:00\",\"inLanguage\":\"de\",\"potentialAction\":[{\"@type\":\"ReadAction\",\"target\":[\"https:\/\/colombahotel.com\/de\/location\/\"]}]},{\"@type\":\"ImageObject\",\"inLanguage\":\"de\",\"@id\":\"https:\/\/colombahotel.com\/de\/location\/#primaryimage\",\"url\":\"https:\/\/colombahotel.com\/de\/wp-content\/uploads\/sites\/3\/2023\/01\/aerial2.jpg\",\"contentUrl\":\"https:\/\/colombahotel.com\/de\/wp-content\/uploads\/sites\/3\/2023\/01\/aerial2.jpg\",\"width\":1826,\"height\":953},{\"@type\":\"WebSite\",\"@id\":\"https:\/\/colombahotel.com\/de\/#website\",\"url\":\"https:\/\/colombahotel.com\/de\/\",\"name\":\"Hotel Colomba d&#039;Oro - Deu\",\"description\":\"\",\"potentialAction\":[{\"@type\":\"SearchAction\",\"target\":{\"@type\":\"EntryPoint\",\"urlTemplate\":\"https:\/\/colombahotel.com\/de\/?s={search_term_string}\"},\"query-input\":{\"@type\":\"PropertyValueSpecification\",\"valueRequired\":true,\"valueName\":\"search_term_string\"}}],\"inLanguage\":\"de\"}]}<\/script>\n<!-- \/ Yoast SEO plugin. -->","yoast_head_json":{"title":"Location - Hotel Colomba d&#039;Oro - Deu","robots":{"index":"index","follow":"follow","max-snippet":"max-snippet:-1","max-image-preview":"max-image-preview:large","max-video-preview":"max-video-preview:-1"},"canonical":"https:\/\/colombahotel.com\/de\/location\/","og_locale":"de_DE","og_type":"article","og_title":"Location - Hotel Colomba d&#039;Oro - Deu","og_description":"Alle bekannten Sehensw\u00fcrdigkeiten von Verona befinden sich in der N\u00e4he des Hotels Colomba d\u2019Oro. Dank seiner einzigartigen Lage unweit der ber\u00fchmten Arena ist dieses 4-Sterne-Hotel ein idealer Ausgangspunkt, um die zahlreichen Denkm\u00e4ler, Gesch\u00e4fte und Restaurants der Altstadt bequem zu Fu\u00df oder mit dem Fahrrad zu erkunden. Unser Rezeptionsteam steht den G\u00e4sten jederzeit gerne f\u00fcr Ratschl\u00e4ge [&hellip;]","og_url":"https:\/\/colombahotel.com\/de\/location\/","og_site_name":"Hotel Colomba d&#039;Oro - Deu","article_modified_time":"2023-01-17T13:18:04+00:00","og_image":[{"width":1826,"height":953,"url":"https:\/\/colombahotel.com\/de\/wp-content\/uploads\/sites\/3\/2023\/01\/aerial2.jpg","type":"image\/jpeg"}],"twitter_card":"summary_large_image","twitter_misc":{"Gesch\u00e4tzte Lesezeit":"1\u00a0Minute"},"schema":{"@context":"https:\/\/schema.org","@graph":[{"@type":"WebPage","@id":"https:\/\/colombahotel.com\/de\/location\/","url":"https:\/\/colombahotel.com\/de\/location\/","name":"Location - Hotel Colomba d&#039;Oro - Deu","isPartOf":{"@id":"https:\/\/colombahotel.com\/de\/#website"},"primaryImageOfPage":{"@id":"https:\/\/colombahotel.com\/de\/location\/#primaryimage"},"image":{"@id":"https:\/\/colombahotel.com\/de\/location\/#primaryimage"},"thumbnailUrl":"https:\/\/colombahotel.com\/de\/wp-content\/uploads\/sites\/3\/2023\/01\/aerial2.jpg","datePublished":"2023-01-12T13:06:17+00:00","dateModified":"2023-01-17T13:18:04+00:00","inLanguage":"de","potentialAction":[{"@type":"ReadAction","target":["https:\/\/colombahotel.com\/de\/location\/"]}]},{"@type":"ImageObject","inLanguage":"de","@id":"https:\/\/colombahotel.com\/de\/location\/#primaryimage","url":"https:\/\/colombahotel.com\/de\/wp-content\/uploads\/sites\/3\/2023\/01\/aerial2.jpg","contentUrl":"https:\/\/colombahotel.com\/de\/wp-content\/uploads\/sites\/3\/2023\/01\/aerial2.jpg","width":1826,"height":953},{"@type":"WebSite","@id":"https:\/\/colombahotel.com\/de\/#website","url":"https:\/\/colombahotel.com\/de\/","name":"Hotel Colomba d&#039;Oro - Deu","description":"","potentialAction":[{"@type":"SearchAction","target":{"@type":"EntryPoint","urlTemplate":"https:\/\/colombahotel.com\/de\/?s={search_term_string}"},"query-input":{"@type":"PropertyValueSpecification","valueRequired":true,"valueName":"search_term_string"}}],"inLanguage":"de"}]}},"_links":{"self":[{"href":"https:\/\/colombahotel.com\/de\/wp-json\/wp\/v2\/pages\/560","targetHints":{"allow":["GET"]}}],"collection":[{"href":"https:\/\/colombahotel.com\/de\/wp-json\/wp\/v2\/pages"}],"about":[{"href":"https:\/\/colombahotel.com\/de\/wp-json\/wp\/v2\/types\/page"}],"author":[{"embeddable":true,"href":"https:\/\/colombahotel.com\/de\/wp-json\/wp\/v2\/users\/1"}],"replies":[{"embeddable":true,"href":"https:\/\/colombahotel.com\/de\/wp-json\/wp\/v2\/comments?post=560"}],"version-history":[{"count":4,"href":"https:\/\/colombahotel.com\/de\/wp-json\/wp\/v2\/pages\/560\/revisions"}],"predecessor-version":[{"id":644,"href":"https:\/\/colombahotel.com\/de\/wp-json\/wp\/v2\/pages\/560\/revisions\/644"}],"wp:featuredmedia":[{"embeddable":true,"href":"https:\/\/colombahotel.com\/de\/wp-json\/wp\/v2\/media\/645"}],"wp:attachment":[{"href":"https:\/\/colombahotel.com\/de\/wp-json\/wp\/v2\/media?parent=560"}],"curies":[{"name":"wp","href":"https:\/\/api.w.org\/{rel}","templated":true}]}}