{"id":2,"date":"2018-04-03T17:08:43","date_gmt":"2018-04-03T15:08:43","guid":{"rendered":"https:\/\/colombahotel.com\/?page_id=2"},"modified":"2023-07-26T17:08:39","modified_gmt":"2023-07-26T15:08:39","slug":"datenschutz","status":"publish","type":"page","link":"https:\/\/colombahotel.com\/de\/datenschutz\/","title":{"rendered":"Datenschutz"},"content":{"rendered":"<p style=\"text-align: left;\">Liebe Kunden,<\/p>\n<p style=\"text-align: left;\">gem\u00e4\u00df Art. 13 der EU-Verordnung 2016\/679 \u201eDSGVO\u201c m\u00f6chten wir Sie informieren, dass Ihre personenbezogenen Daten nach den Grunds\u00e4tzen der Rechtm\u00e4\u00dfigkeit, von Treu und Glauben und der Transparenz unter absoluter Wahrung Ihres Rechts auf Vertraulichkeit verarbeitet werden.<\/p>\n<p style=\"text-align: left;\"><strong>Verantwortlicher der Datenverarbeitung<\/strong><\/p>\n<p style=\"text-align: left;\">Hotel Colomba d\u2019Oro SPA<br \/>\nVia Carlo Cattaneo Nr. 10 (VR)<\/p>\n<p style=\"text-align: left;\"><strong>Zweck der Datenverarbeitung<\/strong><\/p>\n<ul>\n<li style=\"text-align: left;\">Versendung von Informationen oder Angebot auf Anfrage.<\/li>\n<\/ul>\n<p style=\"text-align: left;\"><strong>Art der verarbeiteten Daten<\/strong><\/p>\n<ul>\n<li style=\"text-align: left;\">Vorname, Nachname, Stadt, Land, Telefon, E-Mail<\/li>\n<\/ul>\n<p style=\"text-align: left;\"><strong>Art der Datenmitteilung<\/strong><\/p>\n<ul>\n<li style=\"text-align: left;\">Obligatorisch f\u00fcr die Beantwortung von Anfragen und Versendung entsprechender Angebote.<\/li>\n<\/ul>\n<p style=\"text-align: left;\"><strong>Zugang zu den Daten<\/strong><\/p>\n<p style=\"text-align: left;\">Die Daten k\u00f6nnen zu den oben genannten Zwecken an Angestellte und Mitarbeiter des Verantwortlichen der Datenverarbeitung als befugte Personen und\/oder Auftragsverarbeiter weitergeleitet werden. Alle ernannten Personen verarbeiten die Daten im Auftrag des Verantwortlichen und\/oder Auftragsverarbeiters nur im Rahmen der ausdr\u00fccklich in den entsprechenden Ernennungsurkunden genannten Formen und Modalit\u00e4ten.<\/p>\n<p style=\"text-align: left;\">Um die Rechte gem\u00e4\u00df Art. 12 auszu\u00fcben und eventuelle weitere Informationen \u00fcber den Datenschutz zu erhalten, k\u00f6nnen sich die betroffenen Personen an folgende Adresse wenden: <a href=\"mailto:privacy@colombahotel.com\">privacy@colombahotel.com<\/a><\/p>\n<p style=\"text-align: left;\"><strong>Pflicht der Datenmitteilung f\u00fcr Minderj\u00e4hrige<\/strong><\/p>\n<p style=\"text-align: left;\">Falls die Person, die die Daten mitteilt, j\u00fcnger als 16 Jahre ist, ist die Verarbeitung nur dann und soweit rechtm\u00e4\u00dfig, als die Einwilligung eines Erziehungsberechtigten geleistet und genehmigt wurde, dessen Identifizierungsdaten erfasst werden m\u00fcssen, ebenso wie die Kopie eines Personalausweises.<\/p>\n<p style=\"text-align: left;\"><strong>Modalit\u00e4ten der Verarbeitung<\/strong><\/p>\n<p style=\"text-align: left;\">Die Datenverarbeitung erfolgt manuell, elektronisch und telematisch mit Organisations- und Verarbeitungssystemen, die eng an die Zwecke der Verarbeitung gebunden sind und in jedem Fall die Sicherheit, die Integrit\u00e4t und die Vertraulichkeit der Daten unter Einhaltung der organisatorischen, physischen und logischen Ma\u00dfnahmen laut den geltenden Bestimmungen garantieren.<\/p>\n<p style=\"text-align: left;\"><strong>Speicherung der Daten<\/strong><\/p>\n<p style=\"text-align: left;\">Die zu den oben genannten Zwecken erfassten personenbezogenen Daten werden vom Hotel f\u00fcr die gesamte Dauer des Gesch\u00e4ftsverh\u00e4ltnisses gespeichert, sowie bei R\u00fccktritt und einer anderen Art der Beendigung des Gesch\u00e4ftsverh\u00e4ltnisses, gem\u00e4\u00df den folgenden Verj\u00e4hrungsfristen:<\/p>\n<ul>\n<li style=\"text-align: left;\">10 Jahre f\u00fcr Dokumente gem\u00e4\u00df Art. 2214 des Codice Civile [ital. Zivilgesetzbuch].<\/li>\n<\/ul>\n<p style=\"text-align: left;\"><strong>Rechte der betroffenen Person<\/strong><\/p>\n<p style=\"text-align: left;\">Sie k\u00f6nnen jederzeit die nachfolgend genannten Rechte aus\u00fcben:<\/p>\n<p style=\"text-align: left;\">a. Auskunft \u00fcber die personenbezogenen Daten (Art.15);<br \/>\nb. Recht auf Berichtigung (Art.16), L\u00f6schung (Art.17) oder Einschr\u00e4nkung der Verarbeitung (Art. 18) der personenbezogenen Daten, die Sie betreffen;<br \/>\nc. Daten\u00fcbertragbarkeit (Art.20);<br \/>\nd. Widerspruchsrecht (Art.21);<br \/>\ne. Widerruf der Einwilligung (Art.7, Absatz 3), sofern vorgesehen; durch den Widerruf der Einwilligung wird die Rechtm\u00e4\u00dfigkeit der aufgrund der Einwilligung bis zum Widerruf erfolgten Verarbeitung nicht ber\u00fchrt;<br \/>\nf.\u00a0 Recht auf Beschwerde bei der Aufsichtsbeh\u00f6rde (Art.77)<\/p>\n","protected":false},"excerpt":{"rendered":"<p>Liebe Kunden, gem\u00e4\u00df Art. 13 der EU-Verordnung 2016\/679 \u201eDSGVO\u201c m\u00f6chten wir Sie informieren, dass Ihre personenbezogenen Daten nach den Grunds\u00e4tzen der Rechtm\u00e4\u00dfigkeit, von Treu und Glauben und der Transparenz unter absoluter Wahrung Ihres Rechts auf Vertraulichkeit verarbeitet werden. Verantwortlicher der Datenverarbeitung Hotel Colomba d\u2019Oro SPA Via Carlo Cattaneo Nr. 10 (VR) Zweck der Datenverarbeitung Versendung [&hellip;]<\/p>\n","protected":false},"author":1,"featured_media":0,"parent":0,"menu_order":0,"comment_status":"closed","ping_status":"closed","template":"","meta":{"_acf_changed":false,"footnotes":""},"class_list":["post-2","page","type-page","status-publish","hentry"],"acf":[],"yoast_head":"<!-- This site is optimized with the Yoast SEO plugin v24.6 - https:\/\/yoast.com\/wordpress\/plugins\/seo\/ -->\n<title>Datenschutz - Hotel Colomba d&#039;Oro - Deu<\/title>\n<meta name=\"robots\" content=\"noindex, nofollow\" \/>\n<meta property=\"og:locale\" content=\"de_DE\" \/>\n<meta property=\"og:type\" content=\"article\" \/>\n<meta property=\"og:title\" content=\"Datenschutz - Hotel Colomba d&#039;Oro - Deu\" \/>\n<meta property=\"og:description\" content=\"Liebe Kunden, gem\u00e4\u00df Art. 13 der EU-Verordnung 2016\/679 \u201eDSGVO\u201c m\u00f6chten wir Sie informieren, dass Ihre personenbezogenen Daten nach den Grunds\u00e4tzen der Rechtm\u00e4\u00dfigkeit, von Treu und Glauben und der Transparenz unter absoluter Wahrung Ihres Rechts auf Vertraulichkeit verarbeitet werden. Verantwortlicher der Datenverarbeitung Hotel Colomba d\u2019Oro SPA Via Carlo Cattaneo Nr. 10 (VR) Zweck der Datenverarbeitung Versendung [&hellip;]\" \/>\n<meta property=\"og:url\" content=\"https:\/\/colombahotel.com\/de\/datenschutz\/\" \/>\n<meta property=\"og:site_name\" content=\"Hotel Colomba d&#039;Oro - Deu\" \/>\n<meta property=\"article:modified_time\" content=\"2023-07-26T15:08:39+00:00\" \/>\n<meta name=\"twitter:card\" content=\"summary_large_image\" \/>\n<meta name=\"twitter:label1\" content=\"Gesch\u00e4tzte Lesezeit\" \/>\n\t<meta name=\"twitter:data1\" content=\"2\u00a0Minuten\" \/>\n<script type=\"application\/ld+json\" class=\"yoast-schema-graph\">{\"@context\":\"https:\/\/schema.org\",\"@graph\":[{\"@type\":\"WebPage\",\"@id\":\"https:\/\/colombahotel.com\/de\/datenschutz\/\",\"url\":\"https:\/\/colombahotel.com\/de\/datenschutz\/\",\"name\":\"Datenschutz - Hotel Colomba d&#039;Oro - Deu\",\"isPartOf\":{\"@id\":\"https:\/\/colombahotel.com\/de\/#website\"},\"datePublished\":\"2018-04-03T15:08:43+00:00\",\"dateModified\":\"2023-07-26T15:08:39+00:00\",\"inLanguage\":\"de\",\"potentialAction\":[{\"@type\":\"ReadAction\",\"target\":[\"https:\/\/colombahotel.com\/de\/datenschutz\/\"]}]},{\"@type\":\"WebSite\",\"@id\":\"https:\/\/colombahotel.com\/de\/#website\",\"url\":\"https:\/\/colombahotel.com\/de\/\",\"name\":\"Hotel Colomba d&#039;Oro - Deu\",\"description\":\"\",\"potentialAction\":[{\"@type\":\"SearchAction\",\"target\":{\"@type\":\"EntryPoint\",\"urlTemplate\":\"https:\/\/colombahotel.com\/de\/?s={search_term_string}\"},\"query-input\":{\"@type\":\"PropertyValueSpecification\",\"valueRequired\":true,\"valueName\":\"search_term_string\"}}],\"inLanguage\":\"de\"}]}<\/script>\n<!-- \/ Yoast SEO plugin. -->","yoast_head_json":{"title":"Datenschutz - Hotel Colomba d&#039;Oro - Deu","robots":{"index":"noindex","follow":"nofollow"},"og_locale":"de_DE","og_type":"article","og_title":"Datenschutz - Hotel Colomba d&#039;Oro - Deu","og_description":"Liebe Kunden, gem\u00e4\u00df Art. 13 der EU-Verordnung 2016\/679 \u201eDSGVO\u201c m\u00f6chten wir Sie informieren, dass Ihre personenbezogenen Daten nach den Grunds\u00e4tzen der Rechtm\u00e4\u00dfigkeit, von Treu und Glauben und der Transparenz unter absoluter Wahrung Ihres Rechts auf Vertraulichkeit verarbeitet werden. Verantwortlicher der Datenverarbeitung Hotel Colomba d\u2019Oro SPA Via Carlo Cattaneo Nr. 10 (VR) Zweck der Datenverarbeitung Versendung [&hellip;]","og_url":"https:\/\/colombahotel.com\/de\/datenschutz\/","og_site_name":"Hotel Colomba d&#039;Oro - Deu","article_modified_time":"2023-07-26T15:08:39+00:00","twitter_card":"summary_large_image","twitter_misc":{"Gesch\u00e4tzte Lesezeit":"2\u00a0Minuten"},"schema":{"@context":"https:\/\/schema.org","@graph":[{"@type":"WebPage","@id":"https:\/\/colombahotel.com\/de\/datenschutz\/","url":"https:\/\/colombahotel.com\/de\/datenschutz\/","name":"Datenschutz - Hotel Colomba d&#039;Oro - Deu","isPartOf":{"@id":"https:\/\/colombahotel.com\/de\/#website"},"datePublished":"2018-04-03T15:08:43+00:00","dateModified":"2023-07-26T15:08:39+00:00","inLanguage":"de","potentialAction":[{"@type":"ReadAction","target":["https:\/\/colombahotel.com\/de\/datenschutz\/"]}]},{"@type":"WebSite","@id":"https:\/\/colombahotel.com\/de\/#website","url":"https:\/\/colombahotel.com\/de\/","name":"Hotel Colomba d&#039;Oro - Deu","description":"","potentialAction":[{"@type":"SearchAction","target":{"@type":"EntryPoint","urlTemplate":"https:\/\/colombahotel.com\/de\/?s={search_term_string}"},"query-input":{"@type":"PropertyValueSpecification","valueRequired":true,"valueName":"search_term_string"}}],"inLanguage":"de"}]}},"_links":{"self":[{"href":"https:\/\/colombahotel.com\/de\/wp-json\/wp\/v2\/pages\/2","targetHints":{"allow":["GET"]}}],"collection":[{"href":"https:\/\/colombahotel.com\/de\/wp-json\/wp\/v2\/pages"}],"about":[{"href":"https:\/\/colombahotel.com\/de\/wp-json\/wp\/v2\/types\/page"}],"author":[{"embeddable":true,"href":"https:\/\/colombahotel.com\/de\/wp-json\/wp\/v2\/users\/1"}],"replies":[{"embeddable":true,"href":"https:\/\/colombahotel.com\/de\/wp-json\/wp\/v2\/comments?post=2"}],"version-history":[{"count":8,"href":"https:\/\/colombahotel.com\/de\/wp-json\/wp\/v2\/pages\/2\/revisions"}],"predecessor-version":[{"id":701,"href":"https:\/\/colombahotel.com\/de\/wp-json\/wp\/v2\/pages\/2\/revisions\/701"}],"wp:attachment":[{"href":"https:\/\/colombahotel.com\/de\/wp-json\/wp\/v2\/media?parent=2"}],"curies":[{"name":"wp","href":"https:\/\/api.w.org\/{rel}","templated":true}]}}