{"id":179,"date":"2018-04-23T12:50:03","date_gmt":"2018-04-23T10:50:03","guid":{"rendered":"https:\/\/colombahotel.com\/?page_id=179"},"modified":"2026-05-11T12:59:10","modified_gmt":"2026-05-11T10:59:10","slug":"superior","status":"publish","type":"page","link":"https:\/\/colombahotel.com\/de\/zimmer\/superior\/","title":{"rendered":"Zimmer Superior"},"content":{"rendered":"<p>Die <strong>Superior-Zimmer des Hotels Colomba d&#8217;Oro<\/strong> sind gro\u00dfz\u00fcgig in ihren Abmessungen und im Luxus; sie stellen unsere echten \u201eJunior Suiten\u201c dar, die ger\u00e4umigsten und elegantesten Unterk\u00fcnfte des Hotels.<\/p>\n<p>Zus\u00e4tzlich zum Schlafzimmer verf\u00fcgen sie \u00fcber einen separaten Wohnbereich mit kleinem Sofa, ideal f\u00fcr Momente der Entspannung, um ein im Zimmer serviertes Fr\u00fchst\u00fcck zu genie\u00dfen oder um bequem am Schreibtisch zu arbeiten.<\/p>\n<p>Das Sofa kann in ein Zusatzbett umgewandelt werden, sodass das Zimmer bis zu <strong>drei Personen<\/strong> beherbergen kann: eine ideale L\u00f6sung f\u00fcr Paare, die mehr Platz w\u00fcnschen, oder f\u00fcr <strong>kleine Familien<\/strong>, die Verona besuchen.<\/p>\n<p>Zus\u00e4tzlich zu dem Komfort, der auch in den anderen Zimmern vorhanden ist, bieten die Superior-Zimmer einige kleine, exklusiv dieser Kategorie vorbehaltene Luxus-Extras, wie zum Beispiel Badem\u00e4ntel aus Frottee.<\/p>\n<p><strong>Ideal f\u00fcr<\/strong>:<\/p>\n<ul>\n<li>Romantische Aufenthalte in Verona<\/li>\n<li>Familien bis zu 3 Personen<\/li>\n<li>L\u00e4ngere Aufenthalte im historischen Zentrum<\/li>\n<\/ul>\n","protected":false},"excerpt":{"rendered":"<p>Die Superior-Zimmer des Hotels Colomba d&#8217;Oro sind gro\u00dfz\u00fcgig in ihren Abmessungen und im Luxus; sie stellen unsere echten \u201eJunior Suiten\u201c dar, die ger\u00e4umigsten und elegantesten Unterk\u00fcnfte des Hotels. Zus\u00e4tzlich zum Schlafzimmer verf\u00fcgen sie \u00fcber einen separaten Wohnbereich mit kleinem Sofa, ideal f\u00fcr Momente der Entspannung, um ein im Zimmer serviertes Fr\u00fchst\u00fcck zu genie\u00dfen oder um [&hellip;]<\/p>\n","protected":false},"author":2,"featured_media":626,"parent":152,"menu_order":30,"comment_status":"closed","ping_status":"closed","template":"page-room.php","meta":{"_acf_changed":false,"footnotes":""},"class_list":["post-179","page","type-page","status-publish","has-post-thumbnail","hentry"],"acf":[],"yoast_head":"<!-- This site is optimized with the Yoast SEO plugin v24.6 - https:\/\/yoast.com\/wordpress\/plugins\/seo\/ -->\n<title>Zimmer Superior - Hotel Colomba d&#039;Oro - Deu<\/title>\n<meta name=\"robots\" content=\"index, follow, max-snippet:-1, max-image-preview:large, max-video-preview:-1\" \/>\n<link rel=\"canonical\" href=\"https:\/\/colombahotel.com\/de\/zimmer\/superior\/\" \/>\n<meta property=\"og:locale\" content=\"de_DE\" \/>\n<meta property=\"og:type\" content=\"article\" \/>\n<meta property=\"og:title\" content=\"Zimmer Superior - Hotel Colomba d&#039;Oro - Deu\" \/>\n<meta property=\"og:description\" content=\"Die Superior-Zimmer des Hotels Colomba d&#8217;Oro sind gro\u00dfz\u00fcgig in ihren Abmessungen und im Luxus; sie stellen unsere echten \u201eJunior Suiten\u201c dar, die ger\u00e4umigsten und elegantesten Unterk\u00fcnfte des Hotels. Zus\u00e4tzlich zum Schlafzimmer verf\u00fcgen sie \u00fcber einen separaten Wohnbereich mit kleinem Sofa, ideal f\u00fcr Momente der Entspannung, um ein im Zimmer serviertes Fr\u00fchst\u00fcck zu genie\u00dfen oder um [&hellip;]\" \/>\n<meta property=\"og:url\" content=\"https:\/\/colombahotel.com\/de\/zimmer\/superior\/\" \/>\n<meta property=\"og:site_name\" content=\"Hotel Colomba d&#039;Oro - Deu\" \/>\n<meta property=\"article:modified_time\" content=\"2026-05-11T10:59:10+00:00\" \/>\n<meta property=\"og:image\" content=\"https:\/\/colombahotel.com\/de\/wp-content\/uploads\/sites\/3\/2023\/01\/COPERTINA-1.jpg\" \/>\n\t<meta property=\"og:image:width\" content=\"1400\" \/>\n\t<meta property=\"og:image:height\" content=\"929\" \/>\n\t<meta property=\"og:image:type\" content=\"image\/jpeg\" \/>\n<meta name=\"twitter:card\" content=\"summary_large_image\" \/>\n<meta name=\"twitter:label1\" content=\"Gesch\u00e4tzte Lesezeit\" \/>\n\t<meta name=\"twitter:data1\" content=\"4\u00a0Minuten\" \/>\n<script type=\"application\/ld+json\" class=\"yoast-schema-graph\">{\"@context\":\"https:\/\/schema.org\",\"@graph\":[{\"@type\":\"WebPage\",\"@id\":\"https:\/\/colombahotel.com\/de\/zimmer\/superior\/\",\"url\":\"https:\/\/colombahotel.com\/de\/zimmer\/superior\/\",\"name\":\"Zimmer Superior - Hotel Colomba d&#039;Oro - Deu\",\"isPartOf\":{\"@id\":\"https:\/\/colombahotel.com\/de\/#website\"},\"primaryImageOfPage\":{\"@id\":\"https:\/\/colombahotel.com\/de\/zimmer\/superior\/#primaryimage\"},\"image\":{\"@id\":\"https:\/\/colombahotel.com\/de\/zimmer\/superior\/#primaryimage\"},\"thumbnailUrl\":\"https:\/\/colombahotel.com\/de\/wp-content\/uploads\/sites\/3\/2023\/01\/COPERTINA-1.jpg\",\"datePublished\":\"2018-04-23T10:50:03+00:00\",\"dateModified\":\"2026-05-11T10:59:10+00:00\",\"breadcrumb\":{\"@id\":\"https:\/\/colombahotel.com\/de\/zimmer\/superior\/#breadcrumb\"},\"inLanguage\":\"de\",\"potentialAction\":[{\"@type\":\"ReadAction\",\"target\":[\"https:\/\/colombahotel.com\/de\/zimmer\/superior\/\"]}]},{\"@type\":\"ImageObject\",\"inLanguage\":\"de\",\"@id\":\"https:\/\/colombahotel.com\/de\/zimmer\/superior\/#primaryimage\",\"url\":\"https:\/\/colombahotel.com\/de\/wp-content\/uploads\/sites\/3\/2023\/01\/COPERTINA-1.jpg\",\"contentUrl\":\"https:\/\/colombahotel.com\/de\/wp-content\/uploads\/sites\/3\/2023\/01\/COPERTINA-1.jpg\",\"width\":1400,\"height\":929},{\"@type\":\"BreadcrumbList\",\"@id\":\"https:\/\/colombahotel.com\/de\/zimmer\/superior\/#breadcrumb\",\"itemListElement\":[{\"@type\":\"ListItem\",\"position\":1,\"name\":\"Zimmer\",\"item\":\"https:\/\/colombahotel.com\/de\/zimmer\/\"},{\"@type\":\"ListItem\",\"position\":2,\"name\":\"Zimmer Superior\"}]},{\"@type\":\"WebSite\",\"@id\":\"https:\/\/colombahotel.com\/de\/#website\",\"url\":\"https:\/\/colombahotel.com\/de\/\",\"name\":\"Hotel Colomba d&#039;Oro - Deu\",\"description\":\"\",\"potentialAction\":[{\"@type\":\"SearchAction\",\"target\":{\"@type\":\"EntryPoint\",\"urlTemplate\":\"https:\/\/colombahotel.com\/de\/?s={search_term_string}\"},\"query-input\":{\"@type\":\"PropertyValueSpecification\",\"valueRequired\":true,\"valueName\":\"search_term_string\"}}],\"inLanguage\":\"de\"}]}<\/script>\n<!-- \/ Yoast SEO plugin. -->","yoast_head_json":{"title":"Zimmer Superior - Hotel Colomba d&#039;Oro - Deu","robots":{"index":"index","follow":"follow","max-snippet":"max-snippet:-1","max-image-preview":"max-image-preview:large","max-video-preview":"max-video-preview:-1"},"canonical":"https:\/\/colombahotel.com\/de\/zimmer\/superior\/","og_locale":"de_DE","og_type":"article","og_title":"Zimmer Superior - Hotel Colomba d&#039;Oro - Deu","og_description":"Die Superior-Zimmer des Hotels Colomba d&#8217;Oro sind gro\u00dfz\u00fcgig in ihren Abmessungen und im Luxus; sie stellen unsere echten \u201eJunior Suiten\u201c dar, die ger\u00e4umigsten und elegantesten Unterk\u00fcnfte des Hotels. Zus\u00e4tzlich zum Schlafzimmer verf\u00fcgen sie \u00fcber einen separaten Wohnbereich mit kleinem Sofa, ideal f\u00fcr Momente der Entspannung, um ein im Zimmer serviertes Fr\u00fchst\u00fcck zu genie\u00dfen oder um [&hellip;]","og_url":"https:\/\/colombahotel.com\/de\/zimmer\/superior\/","og_site_name":"Hotel Colomba d&#039;Oro - Deu","article_modified_time":"2026-05-11T10:59:10+00:00","og_image":[{"width":1400,"height":929,"url":"https:\/\/colombahotel.com\/de\/wp-content\/uploads\/sites\/3\/2023\/01\/COPERTINA-1.jpg","type":"image\/jpeg"}],"twitter_card":"summary_large_image","twitter_misc":{"Gesch\u00e4tzte Lesezeit":"4\u00a0Minuten"},"schema":{"@context":"https:\/\/schema.org","@graph":[{"@type":"WebPage","@id":"https:\/\/colombahotel.com\/de\/zimmer\/superior\/","url":"https:\/\/colombahotel.com\/de\/zimmer\/superior\/","name":"Zimmer Superior - Hotel Colomba d&#039;Oro - Deu","isPartOf":{"@id":"https:\/\/colombahotel.com\/de\/#website"},"primaryImageOfPage":{"@id":"https:\/\/colombahotel.com\/de\/zimmer\/superior\/#primaryimage"},"image":{"@id":"https:\/\/colombahotel.com\/de\/zimmer\/superior\/#primaryimage"},"thumbnailUrl":"https:\/\/colombahotel.com\/de\/wp-content\/uploads\/sites\/3\/2023\/01\/COPERTINA-1.jpg","datePublished":"2018-04-23T10:50:03+00:00","dateModified":"2026-05-11T10:59:10+00:00","breadcrumb":{"@id":"https:\/\/colombahotel.com\/de\/zimmer\/superior\/#breadcrumb"},"inLanguage":"de","potentialAction":[{"@type":"ReadAction","target":["https:\/\/colombahotel.com\/de\/zimmer\/superior\/"]}]},{"@type":"ImageObject","inLanguage":"de","@id":"https:\/\/colombahotel.com\/de\/zimmer\/superior\/#primaryimage","url":"https:\/\/colombahotel.com\/de\/wp-content\/uploads\/sites\/3\/2023\/01\/COPERTINA-1.jpg","contentUrl":"https:\/\/colombahotel.com\/de\/wp-content\/uploads\/sites\/3\/2023\/01\/COPERTINA-1.jpg","width":1400,"height":929},{"@type":"BreadcrumbList","@id":"https:\/\/colombahotel.com\/de\/zimmer\/superior\/#breadcrumb","itemListElement":[{"@type":"ListItem","position":1,"name":"Zimmer","item":"https:\/\/colombahotel.com\/de\/zimmer\/"},{"@type":"ListItem","position":2,"name":"Zimmer Superior"}]},{"@type":"WebSite","@id":"https:\/\/colombahotel.com\/de\/#website","url":"https:\/\/colombahotel.com\/de\/","name":"Hotel Colomba d&#039;Oro - Deu","description":"","potentialAction":[{"@type":"SearchAction","target":{"@type":"EntryPoint","urlTemplate":"https:\/\/colombahotel.com\/de\/?s={search_term_string}"},"query-input":{"@type":"PropertyValueSpecification","valueRequired":true,"valueName":"search_term_string"}}],"inLanguage":"de"}]}},"_links":{"self":[{"href":"https:\/\/colombahotel.com\/de\/wp-json\/wp\/v2\/pages\/179","targetHints":{"allow":["GET"]}}],"collection":[{"href":"https:\/\/colombahotel.com\/de\/wp-json\/wp\/v2\/pages"}],"about":[{"href":"https:\/\/colombahotel.com\/de\/wp-json\/wp\/v2\/types\/page"}],"author":[{"embeddable":true,"href":"https:\/\/colombahotel.com\/de\/wp-json\/wp\/v2\/users\/2"}],"replies":[{"embeddable":true,"href":"https:\/\/colombahotel.com\/de\/wp-json\/wp\/v2\/comments?post=179"}],"version-history":[{"count":5,"href":"https:\/\/colombahotel.com\/de\/wp-json\/wp\/v2\/pages\/179\/revisions"}],"predecessor-version":[{"id":985,"href":"https:\/\/colombahotel.com\/de\/wp-json\/wp\/v2\/pages\/179\/revisions\/985"}],"up":[{"embeddable":true,"href":"https:\/\/colombahotel.com\/de\/wp-json\/wp\/v2\/pages\/152"}],"wp:featuredmedia":[{"embeddable":true,"href":"https:\/\/colombahotel.com\/de\/wp-json\/wp\/v2\/media\/626"}],"wp:attachment":[{"href":"https:\/\/colombahotel.com\/de\/wp-json\/wp\/v2\/media?parent=179"}],"curies":[{"name":"wp","href":"https:\/\/api.w.org\/{rel}","templated":true}]}}