{"id":176,"date":"2018-04-23T12:44:20","date_gmt":"2018-04-23T10:44:20","guid":{"rendered":"https:\/\/colombahotel.com\/?page_id=176"},"modified":"2026-04-30T16:08:17","modified_gmt":"2026-04-30T14:08:17","slug":"zimmer-mit-terrasse","status":"publish","type":"page","link":"https:\/\/colombahotel.com\/de\/zimmer\/zimmer-mit-terrasse\/","title":{"rendered":"Zimmer mit Terrasse"},"content":{"rendered":"<p>Ein privater Au\u00dfenbereich mitten in der historischen Altstadt ist echter Luxus. Dieses kleine Privileg ist den G\u00e4sten dieser Zimmerkategorie des Hotels Colomba d\u2019Oro vorbehalten: sie k\u00f6nnen eine kleine, private Terrasse nutzen, die direkt \u00fcber die D\u00e4cher von Verona blickt. Man kann einfach nur den herrlichen Ausblick genie\u00dfen oder sich ein ungest\u00f6rtes Fr\u00fchst\u00fcck bzw. einen abendlichen Aperitif im Freien g\u00f6nnen. Diese Zimmer im obersten Stockwerk des Hotels werden von hellem Tageslicht durchflutet. Die Terrasse bildet einen nahtlosen \u00dcbergang zwischen Innen- und Au\u00dfenbereich f\u00fcr unvergessliche Eindr\u00fccke sowohl am Morgen als auch bei Sonnenuntergang.<\/p>\n","protected":false},"excerpt":{"rendered":"<p>Ein privater Au\u00dfenbereich mitten in der historischen Altstadt ist echter Luxus. Dieses kleine Privileg ist den G\u00e4sten dieser Zimmerkategorie des Hotels Colomba d\u2019Oro vorbehalten: sie k\u00f6nnen eine kleine, private Terrasse nutzen, die direkt \u00fcber die D\u00e4cher von Verona blickt. Man kann einfach nur den herrlichen Ausblick genie\u00dfen oder sich ein ungest\u00f6rtes Fr\u00fchst\u00fcck bzw. einen abendlichen [&hellip;]<\/p>\n","protected":false},"author":2,"featured_media":592,"parent":152,"menu_order":40,"comment_status":"closed","ping_status":"closed","template":"page-room.php","meta":{"_acf_changed":false,"footnotes":""},"class_list":["post-176","page","type-page","status-publish","has-post-thumbnail","hentry"],"acf":[],"yoast_head":"<!-- This site is optimized with the Yoast SEO plugin v24.6 - https:\/\/yoast.com\/wordpress\/plugins\/seo\/ -->\n<title>Zimmer mit terrasse | Hotel Verona zentrum | Hotel Colomba d&#039;Oro<\/title>\n<meta name=\"description\" content=\"W\u00e4hlen Sie ein Zimmer mit Terrasse im Zentrum von Verona! Genie\u00dfen Sie eine bezaubernde Aussicht, ein Fr\u00fchst\u00fcck im Freien in absoluter Privatsph\u00e4re oder eine private Happy Hour am Abend.\" \/>\n<meta name=\"robots\" content=\"index, follow, max-snippet:-1, max-image-preview:large, max-video-preview:-1\" \/>\n<link rel=\"canonical\" href=\"https:\/\/colombahotel.com\/de\/zimmer\/zimmer-mit-terrasse\/\" \/>\n<meta property=\"og:locale\" content=\"de_DE\" \/>\n<meta property=\"og:type\" content=\"article\" \/>\n<meta property=\"og:title\" content=\"Zimmer mit terrasse | Hotel Verona zentrum | Hotel Colomba d&#039;Oro\" \/>\n<meta property=\"og:description\" content=\"W\u00e4hlen Sie ein Zimmer mit Terrasse im Zentrum von Verona! Genie\u00dfen Sie eine bezaubernde Aussicht, ein Fr\u00fchst\u00fcck im Freien in absoluter Privatsph\u00e4re oder eine private Happy Hour am Abend.\" \/>\n<meta property=\"og:url\" content=\"https:\/\/colombahotel.com\/de\/zimmer\/zimmer-mit-terrasse\/\" \/>\n<meta property=\"og:site_name\" content=\"Hotel Colomba d&#039;Oro - Deu\" \/>\n<meta property=\"article:modified_time\" content=\"2026-04-30T14:08:17+00:00\" \/>\n<meta property=\"og:image\" content=\"https:\/\/colombahotel.com\/de\/wp-content\/uploads\/sites\/3\/2022\/12\/balcony-double.jpg\" \/>\n\t<meta property=\"og:image:width\" content=\"2560\" \/>\n\t<meta property=\"og:image:height\" content=\"1708\" \/>\n\t<meta property=\"og:image:type\" content=\"image\/jpeg\" \/>\n<meta name=\"twitter:card\" content=\"summary_large_image\" \/>\n<meta name=\"twitter:label1\" content=\"Gesch\u00e4tzte Lesezeit\" \/>\n\t<meta name=\"twitter:data1\" content=\"1\u00a0Minute\" \/>\n<script type=\"application\/ld+json\" class=\"yoast-schema-graph\">{\"@context\":\"https:\/\/schema.org\",\"@graph\":[{\"@type\":\"WebPage\",\"@id\":\"https:\/\/colombahotel.com\/de\/zimmer\/zimmer-mit-terrasse\/\",\"url\":\"https:\/\/colombahotel.com\/de\/zimmer\/zimmer-mit-terrasse\/\",\"name\":\"Zimmer mit terrasse | Hotel Verona zentrum | Hotel Colomba d'Oro\",\"isPartOf\":{\"@id\":\"https:\/\/colombahotel.com\/de\/#website\"},\"primaryImageOfPage\":{\"@id\":\"https:\/\/colombahotel.com\/de\/zimmer\/zimmer-mit-terrasse\/#primaryimage\"},\"image\":{\"@id\":\"https:\/\/colombahotel.com\/de\/zimmer\/zimmer-mit-terrasse\/#primaryimage\"},\"thumbnailUrl\":\"https:\/\/colombahotel.com\/de\/wp-content\/uploads\/sites\/3\/2022\/12\/balcony-double.jpg\",\"datePublished\":\"2018-04-23T10:44:20+00:00\",\"dateModified\":\"2026-04-30T14:08:17+00:00\",\"description\":\"W\u00e4hlen Sie ein Zimmer mit Terrasse im Zentrum von Verona! Genie\u00dfen Sie eine bezaubernde Aussicht, ein Fr\u00fchst\u00fcck im Freien in absoluter Privatsph\u00e4re oder eine private Happy Hour am Abend.\",\"breadcrumb\":{\"@id\":\"https:\/\/colombahotel.com\/de\/zimmer\/zimmer-mit-terrasse\/#breadcrumb\"},\"inLanguage\":\"de\",\"potentialAction\":[{\"@type\":\"ReadAction\",\"target\":[\"https:\/\/colombahotel.com\/de\/zimmer\/zimmer-mit-terrasse\/\"]}]},{\"@type\":\"ImageObject\",\"inLanguage\":\"de\",\"@id\":\"https:\/\/colombahotel.com\/de\/zimmer\/zimmer-mit-terrasse\/#primaryimage\",\"url\":\"https:\/\/colombahotel.com\/de\/wp-content\/uploads\/sites\/3\/2022\/12\/balcony-double.jpg\",\"contentUrl\":\"https:\/\/colombahotel.com\/de\/wp-content\/uploads\/sites\/3\/2022\/12\/balcony-double.jpg\",\"width\":2560,\"height\":1708},{\"@type\":\"BreadcrumbList\",\"@id\":\"https:\/\/colombahotel.com\/de\/zimmer\/zimmer-mit-terrasse\/#breadcrumb\",\"itemListElement\":[{\"@type\":\"ListItem\",\"position\":1,\"name\":\"Zimmer\",\"item\":\"https:\/\/colombahotel.com\/de\/zimmer\/\"},{\"@type\":\"ListItem\",\"position\":2,\"name\":\"Zimmer mit Terrasse\"}]},{\"@type\":\"WebSite\",\"@id\":\"https:\/\/colombahotel.com\/de\/#website\",\"url\":\"https:\/\/colombahotel.com\/de\/\",\"name\":\"Hotel Colomba d&#039;Oro - Deu\",\"description\":\"\",\"potentialAction\":[{\"@type\":\"SearchAction\",\"target\":{\"@type\":\"EntryPoint\",\"urlTemplate\":\"https:\/\/colombahotel.com\/de\/?s={search_term_string}\"},\"query-input\":{\"@type\":\"PropertyValueSpecification\",\"valueRequired\":true,\"valueName\":\"search_term_string\"}}],\"inLanguage\":\"de\"}]}<\/script>\n<!-- \/ Yoast SEO plugin. -->","yoast_head_json":{"title":"Zimmer mit terrasse | Hotel Verona zentrum | Hotel Colomba d'Oro","description":"W\u00e4hlen Sie ein Zimmer mit Terrasse im Zentrum von Verona! Genie\u00dfen Sie eine bezaubernde Aussicht, ein Fr\u00fchst\u00fcck im Freien in absoluter Privatsph\u00e4re oder eine private Happy Hour am Abend.","robots":{"index":"index","follow":"follow","max-snippet":"max-snippet:-1","max-image-preview":"max-image-preview:large","max-video-preview":"max-video-preview:-1"},"canonical":"https:\/\/colombahotel.com\/de\/zimmer\/zimmer-mit-terrasse\/","og_locale":"de_DE","og_type":"article","og_title":"Zimmer mit terrasse | Hotel Verona zentrum | Hotel Colomba d'Oro","og_description":"W\u00e4hlen Sie ein Zimmer mit Terrasse im Zentrum von Verona! Genie\u00dfen Sie eine bezaubernde Aussicht, ein Fr\u00fchst\u00fcck im Freien in absoluter Privatsph\u00e4re oder eine private Happy Hour am Abend.","og_url":"https:\/\/colombahotel.com\/de\/zimmer\/zimmer-mit-terrasse\/","og_site_name":"Hotel Colomba d&#039;Oro - Deu","article_modified_time":"2026-04-30T14:08:17+00:00","og_image":[{"width":2560,"height":1708,"url":"https:\/\/colombahotel.com\/de\/wp-content\/uploads\/sites\/3\/2022\/12\/balcony-double.jpg","type":"image\/jpeg"}],"twitter_card":"summary_large_image","twitter_misc":{"Gesch\u00e4tzte Lesezeit":"1\u00a0Minute"},"schema":{"@context":"https:\/\/schema.org","@graph":[{"@type":"WebPage","@id":"https:\/\/colombahotel.com\/de\/zimmer\/zimmer-mit-terrasse\/","url":"https:\/\/colombahotel.com\/de\/zimmer\/zimmer-mit-terrasse\/","name":"Zimmer mit terrasse | Hotel Verona zentrum | Hotel Colomba d'Oro","isPartOf":{"@id":"https:\/\/colombahotel.com\/de\/#website"},"primaryImageOfPage":{"@id":"https:\/\/colombahotel.com\/de\/zimmer\/zimmer-mit-terrasse\/#primaryimage"},"image":{"@id":"https:\/\/colombahotel.com\/de\/zimmer\/zimmer-mit-terrasse\/#primaryimage"},"thumbnailUrl":"https:\/\/colombahotel.com\/de\/wp-content\/uploads\/sites\/3\/2022\/12\/balcony-double.jpg","datePublished":"2018-04-23T10:44:20+00:00","dateModified":"2026-04-30T14:08:17+00:00","description":"W\u00e4hlen Sie ein Zimmer mit Terrasse im Zentrum von Verona! Genie\u00dfen Sie eine bezaubernde Aussicht, ein Fr\u00fchst\u00fcck im Freien in absoluter Privatsph\u00e4re oder eine private Happy Hour am Abend.","breadcrumb":{"@id":"https:\/\/colombahotel.com\/de\/zimmer\/zimmer-mit-terrasse\/#breadcrumb"},"inLanguage":"de","potentialAction":[{"@type":"ReadAction","target":["https:\/\/colombahotel.com\/de\/zimmer\/zimmer-mit-terrasse\/"]}]},{"@type":"ImageObject","inLanguage":"de","@id":"https:\/\/colombahotel.com\/de\/zimmer\/zimmer-mit-terrasse\/#primaryimage","url":"https:\/\/colombahotel.com\/de\/wp-content\/uploads\/sites\/3\/2022\/12\/balcony-double.jpg","contentUrl":"https:\/\/colombahotel.com\/de\/wp-content\/uploads\/sites\/3\/2022\/12\/balcony-double.jpg","width":2560,"height":1708},{"@type":"BreadcrumbList","@id":"https:\/\/colombahotel.com\/de\/zimmer\/zimmer-mit-terrasse\/#breadcrumb","itemListElement":[{"@type":"ListItem","position":1,"name":"Zimmer","item":"https:\/\/colombahotel.com\/de\/zimmer\/"},{"@type":"ListItem","position":2,"name":"Zimmer mit Terrasse"}]},{"@type":"WebSite","@id":"https:\/\/colombahotel.com\/de\/#website","url":"https:\/\/colombahotel.com\/de\/","name":"Hotel Colomba d&#039;Oro - Deu","description":"","potentialAction":[{"@type":"SearchAction","target":{"@type":"EntryPoint","urlTemplate":"https:\/\/colombahotel.com\/de\/?s={search_term_string}"},"query-input":{"@type":"PropertyValueSpecification","valueRequired":true,"valueName":"search_term_string"}}],"inLanguage":"de"}]}},"_links":{"self":[{"href":"https:\/\/colombahotel.com\/de\/wp-json\/wp\/v2\/pages\/176","targetHints":{"allow":["GET"]}}],"collection":[{"href":"https:\/\/colombahotel.com\/de\/wp-json\/wp\/v2\/pages"}],"about":[{"href":"https:\/\/colombahotel.com\/de\/wp-json\/wp\/v2\/types\/page"}],"author":[{"embeddable":true,"href":"https:\/\/colombahotel.com\/de\/wp-json\/wp\/v2\/users\/2"}],"replies":[{"embeddable":true,"href":"https:\/\/colombahotel.com\/de\/wp-json\/wp\/v2\/comments?post=176"}],"version-history":[{"count":5,"href":"https:\/\/colombahotel.com\/de\/wp-json\/wp\/v2\/pages\/176\/revisions"}],"predecessor-version":[{"id":760,"href":"https:\/\/colombahotel.com\/de\/wp-json\/wp\/v2\/pages\/176\/revisions\/760"}],"up":[{"embeddable":true,"href":"https:\/\/colombahotel.com\/de\/wp-json\/wp\/v2\/pages\/152"}],"wp:featuredmedia":[{"embeddable":true,"href":"https:\/\/colombahotel.com\/de\/wp-json\/wp\/v2\/media\/592"}],"wp:attachment":[{"href":"https:\/\/colombahotel.com\/de\/wp-json\/wp\/v2\/media?parent=176"}],"curies":[{"name":"wp","href":"https:\/\/api.w.org\/{rel}","templated":true}]}}