{"id":155,"date":"2018-04-20T15:28:26","date_gmt":"2018-04-20T13:28:26","guid":{"rendered":"https:\/\/colombahotel.com\/?page_id=155"},"modified":"2026-05-11T12:58:42","modified_gmt":"2026-05-11T10:58:42","slug":"doppelzimmer","status":"publish","type":"page","link":"https:\/\/colombahotel.com\/de\/zimmer\/doppelzimmer\/","title":{"rendered":"Klassik-Doppelzimmer"},"content":{"rendered":"<p>Ob Sie zu zweit oder alleine reisen, das <strong>Klassik-Doppelzimmer<\/strong> des Hotels Colomba d\u2019Oro ist eine elegante und komfortable Unterkunft im Herzen der <strong>Altstadt von Verona<\/strong>.<\/p>\n<p>Mit jeder Liebe zum Detail gestaltet, um eine ruhige Nachtruhe zu garantieren, ist es geschmackvoll im klassischen Stil eingerichtet und mit allen Annehmlichkeiten f\u00fcr einen angenehmen Aufenthalt ausgestattet.<\/p>\n<p>Das Vorhandensein eines bequemen Schreibtisches schafft zudem einen idealen Raum f\u00fcr diejenigen, die w\u00e4hrend ihres Aufenthalts Arbeit und Entspannung miteinander verbinden m\u00f6chten, w\u00e4hrend die Lage, nur wenige Schritte von der Arena entfernt, es erm\u00f6glicht, Verona zu erleben und nach einem Tag voller Besichtigungen oder einem Abend im Theater bequem ins Hotel zur\u00fcckzukehren.<\/p>\n<p>Das Bett kann ein Doppelbett sein oder in zwei getrennte Einzelbetten unterteilt werden; geben Sie einfach Ihre bevorzugte L\u00f6sung bei der Buchung an.<\/p>\n<p><strong>Ideal f\u00fcr:<\/strong><\/p>\n<ul>\n<li>Romantische Wochenenden in Verona<\/li>\n<li>Aufenthalte in der Altstadt<\/li>\n<li>Kurze Gesch\u00e4ftsreisen<\/li>\n<\/ul>\n","protected":false},"excerpt":{"rendered":"<p>Ob Sie zu zweit oder alleine reisen, das Klassik-Doppelzimmer des Hotels Colomba d\u2019Oro ist eine elegante und komfortable Unterkunft im Herzen der Altstadt von Verona. Mit jeder Liebe zum Detail gestaltet, um eine ruhige Nachtruhe zu garantieren, ist es geschmackvoll im klassischen Stil eingerichtet und mit allen Annehmlichkeiten f\u00fcr einen angenehmen Aufenthalt ausgestattet. Das Vorhandensein [&hellip;]<\/p>\n","protected":false},"author":1,"featured_media":618,"parent":152,"menu_order":20,"comment_status":"closed","ping_status":"closed","template":"page-room.php","meta":{"_acf_changed":false,"footnotes":""},"class_list":["post-155","page","type-page","status-publish","has-post-thumbnail","hentry"],"acf":[],"yoast_head":"<!-- This site is optimized with the Yoast SEO plugin v24.6 - https:\/\/yoast.com\/wordpress\/plugins\/seo\/ -->\n<title>Klassik-Doppelzimmer - Hotel Colomba d&#039;Oro - Deu<\/title>\n<meta name=\"robots\" content=\"index, follow, max-snippet:-1, max-image-preview:large, max-video-preview:-1\" \/>\n<link rel=\"canonical\" href=\"https:\/\/colombahotel.com\/de\/zimmer\/doppelzimmer\/\" \/>\n<meta property=\"og:locale\" content=\"de_DE\" \/>\n<meta property=\"og:type\" content=\"article\" \/>\n<meta property=\"og:title\" content=\"Klassik-Doppelzimmer - Hotel Colomba d&#039;Oro - Deu\" \/>\n<meta property=\"og:description\" content=\"Ob Sie zu zweit oder alleine reisen, das Klassik-Doppelzimmer des Hotels Colomba d\u2019Oro ist eine elegante und komfortable Unterkunft im Herzen der Altstadt von Verona. Mit jeder Liebe zum Detail gestaltet, um eine ruhige Nachtruhe zu garantieren, ist es geschmackvoll im klassischen Stil eingerichtet und mit allen Annehmlichkeiten f\u00fcr einen angenehmen Aufenthalt ausgestattet. Das Vorhandensein [&hellip;]\" \/>\n<meta property=\"og:url\" content=\"https:\/\/colombahotel.com\/de\/zimmer\/doppelzimmer\/\" \/>\n<meta property=\"og:site_name\" content=\"Hotel Colomba d&#039;Oro - Deu\" \/>\n<meta property=\"article:modified_time\" content=\"2026-05-11T10:58:42+00:00\" \/>\n<meta property=\"og:image\" content=\"https:\/\/colombahotel.com\/de\/wp-content\/uploads\/sites\/3\/2023\/01\/COPERTINA-scaled.jpg\" \/>\n\t<meta property=\"og:image:width\" content=\"2560\" \/>\n\t<meta property=\"og:image:height\" content=\"1708\" \/>\n\t<meta property=\"og:image:type\" content=\"image\/jpeg\" \/>\n<meta name=\"twitter:card\" content=\"summary_large_image\" \/>\n<meta name=\"twitter:label1\" content=\"Gesch\u00e4tzte Lesezeit\" \/>\n\t<meta name=\"twitter:data1\" content=\"2\u00a0Minuten\" \/>\n<script type=\"application\/ld+json\" class=\"yoast-schema-graph\">{\"@context\":\"https:\/\/schema.org\",\"@graph\":[{\"@type\":\"WebPage\",\"@id\":\"https:\/\/colombahotel.com\/de\/zimmer\/doppelzimmer\/\",\"url\":\"https:\/\/colombahotel.com\/de\/zimmer\/doppelzimmer\/\",\"name\":\"Klassik-Doppelzimmer - Hotel Colomba d&#039;Oro - Deu\",\"isPartOf\":{\"@id\":\"https:\/\/colombahotel.com\/de\/#website\"},\"primaryImageOfPage\":{\"@id\":\"https:\/\/colombahotel.com\/de\/zimmer\/doppelzimmer\/#primaryimage\"},\"image\":{\"@id\":\"https:\/\/colombahotel.com\/de\/zimmer\/doppelzimmer\/#primaryimage\"},\"thumbnailUrl\":\"https:\/\/colombahotel.com\/de\/wp-content\/uploads\/sites\/3\/2023\/01\/COPERTINA-scaled.jpg\",\"datePublished\":\"2018-04-20T13:28:26+00:00\",\"dateModified\":\"2026-05-11T10:58:42+00:00\",\"breadcrumb\":{\"@id\":\"https:\/\/colombahotel.com\/de\/zimmer\/doppelzimmer\/#breadcrumb\"},\"inLanguage\":\"de\",\"potentialAction\":[{\"@type\":\"ReadAction\",\"target\":[\"https:\/\/colombahotel.com\/de\/zimmer\/doppelzimmer\/\"]}]},{\"@type\":\"ImageObject\",\"inLanguage\":\"de\",\"@id\":\"https:\/\/colombahotel.com\/de\/zimmer\/doppelzimmer\/#primaryimage\",\"url\":\"https:\/\/colombahotel.com\/de\/wp-content\/uploads\/sites\/3\/2023\/01\/COPERTINA-scaled.jpg\",\"contentUrl\":\"https:\/\/colombahotel.com\/de\/wp-content\/uploads\/sites\/3\/2023\/01\/COPERTINA-scaled.jpg\",\"width\":2560,\"height\":1708},{\"@type\":\"BreadcrumbList\",\"@id\":\"https:\/\/colombahotel.com\/de\/zimmer\/doppelzimmer\/#breadcrumb\",\"itemListElement\":[{\"@type\":\"ListItem\",\"position\":1,\"name\":\"Zimmer\",\"item\":\"https:\/\/colombahotel.com\/de\/zimmer\/\"},{\"@type\":\"ListItem\",\"position\":2,\"name\":\"Klassik-Doppelzimmer\"}]},{\"@type\":\"WebSite\",\"@id\":\"https:\/\/colombahotel.com\/de\/#website\",\"url\":\"https:\/\/colombahotel.com\/de\/\",\"name\":\"Hotel Colomba d&#039;Oro - Deu\",\"description\":\"\",\"potentialAction\":[{\"@type\":\"SearchAction\",\"target\":{\"@type\":\"EntryPoint\",\"urlTemplate\":\"https:\/\/colombahotel.com\/de\/?s={search_term_string}\"},\"query-input\":{\"@type\":\"PropertyValueSpecification\",\"valueRequired\":true,\"valueName\":\"search_term_string\"}}],\"inLanguage\":\"de\"}]}<\/script>\n<!-- \/ Yoast SEO plugin. -->","yoast_head_json":{"title":"Klassik-Doppelzimmer - Hotel Colomba d&#039;Oro - Deu","robots":{"index":"index","follow":"follow","max-snippet":"max-snippet:-1","max-image-preview":"max-image-preview:large","max-video-preview":"max-video-preview:-1"},"canonical":"https:\/\/colombahotel.com\/de\/zimmer\/doppelzimmer\/","og_locale":"de_DE","og_type":"article","og_title":"Klassik-Doppelzimmer - Hotel Colomba d&#039;Oro - Deu","og_description":"Ob Sie zu zweit oder alleine reisen, das Klassik-Doppelzimmer des Hotels Colomba d\u2019Oro ist eine elegante und komfortable Unterkunft im Herzen der Altstadt von Verona. Mit jeder Liebe zum Detail gestaltet, um eine ruhige Nachtruhe zu garantieren, ist es geschmackvoll im klassischen Stil eingerichtet und mit allen Annehmlichkeiten f\u00fcr einen angenehmen Aufenthalt ausgestattet. Das Vorhandensein [&hellip;]","og_url":"https:\/\/colombahotel.com\/de\/zimmer\/doppelzimmer\/","og_site_name":"Hotel Colomba d&#039;Oro - Deu","article_modified_time":"2026-05-11T10:58:42+00:00","og_image":[{"width":2560,"height":1708,"url":"https:\/\/colombahotel.com\/de\/wp-content\/uploads\/sites\/3\/2023\/01\/COPERTINA-scaled.jpg","type":"image\/jpeg"}],"twitter_card":"summary_large_image","twitter_misc":{"Gesch\u00e4tzte Lesezeit":"2\u00a0Minuten"},"schema":{"@context":"https:\/\/schema.org","@graph":[{"@type":"WebPage","@id":"https:\/\/colombahotel.com\/de\/zimmer\/doppelzimmer\/","url":"https:\/\/colombahotel.com\/de\/zimmer\/doppelzimmer\/","name":"Klassik-Doppelzimmer - Hotel Colomba d&#039;Oro - Deu","isPartOf":{"@id":"https:\/\/colombahotel.com\/de\/#website"},"primaryImageOfPage":{"@id":"https:\/\/colombahotel.com\/de\/zimmer\/doppelzimmer\/#primaryimage"},"image":{"@id":"https:\/\/colombahotel.com\/de\/zimmer\/doppelzimmer\/#primaryimage"},"thumbnailUrl":"https:\/\/colombahotel.com\/de\/wp-content\/uploads\/sites\/3\/2023\/01\/COPERTINA-scaled.jpg","datePublished":"2018-04-20T13:28:26+00:00","dateModified":"2026-05-11T10:58:42+00:00","breadcrumb":{"@id":"https:\/\/colombahotel.com\/de\/zimmer\/doppelzimmer\/#breadcrumb"},"inLanguage":"de","potentialAction":[{"@type":"ReadAction","target":["https:\/\/colombahotel.com\/de\/zimmer\/doppelzimmer\/"]}]},{"@type":"ImageObject","inLanguage":"de","@id":"https:\/\/colombahotel.com\/de\/zimmer\/doppelzimmer\/#primaryimage","url":"https:\/\/colombahotel.com\/de\/wp-content\/uploads\/sites\/3\/2023\/01\/COPERTINA-scaled.jpg","contentUrl":"https:\/\/colombahotel.com\/de\/wp-content\/uploads\/sites\/3\/2023\/01\/COPERTINA-scaled.jpg","width":2560,"height":1708},{"@type":"BreadcrumbList","@id":"https:\/\/colombahotel.com\/de\/zimmer\/doppelzimmer\/#breadcrumb","itemListElement":[{"@type":"ListItem","position":1,"name":"Zimmer","item":"https:\/\/colombahotel.com\/de\/zimmer\/"},{"@type":"ListItem","position":2,"name":"Klassik-Doppelzimmer"}]},{"@type":"WebSite","@id":"https:\/\/colombahotel.com\/de\/#website","url":"https:\/\/colombahotel.com\/de\/","name":"Hotel Colomba d&#039;Oro - Deu","description":"","potentialAction":[{"@type":"SearchAction","target":{"@type":"EntryPoint","urlTemplate":"https:\/\/colombahotel.com\/de\/?s={search_term_string}"},"query-input":{"@type":"PropertyValueSpecification","valueRequired":true,"valueName":"search_term_string"}}],"inLanguage":"de"}]}},"_links":{"self":[{"href":"https:\/\/colombahotel.com\/de\/wp-json\/wp\/v2\/pages\/155","targetHints":{"allow":["GET"]}}],"collection":[{"href":"https:\/\/colombahotel.com\/de\/wp-json\/wp\/v2\/pages"}],"about":[{"href":"https:\/\/colombahotel.com\/de\/wp-json\/wp\/v2\/types\/page"}],"author":[{"embeddable":true,"href":"https:\/\/colombahotel.com\/de\/wp-json\/wp\/v2\/users\/1"}],"replies":[{"embeddable":true,"href":"https:\/\/colombahotel.com\/de\/wp-json\/wp\/v2\/comments?post=155"}],"version-history":[{"count":5,"href":"https:\/\/colombahotel.com\/de\/wp-json\/wp\/v2\/pages\/155\/revisions"}],"predecessor-version":[{"id":988,"href":"https:\/\/colombahotel.com\/de\/wp-json\/wp\/v2\/pages\/155\/revisions\/988"}],"up":[{"embeddable":true,"href":"https:\/\/colombahotel.com\/de\/wp-json\/wp\/v2\/pages\/152"}],"wp:featuredmedia":[{"embeddable":true,"href":"https:\/\/colombahotel.com\/de\/wp-json\/wp\/v2\/media\/618"}],"wp:attachment":[{"href":"https:\/\/colombahotel.com\/de\/wp-json\/wp\/v2\/media?parent=155"}],"curies":[{"name":"wp","href":"https:\/\/api.w.org\/{rel}","templated":true}]}}