{"id":152,"date":"2018-04-20T14:49:25","date_gmt":"2018-04-20T12:49:25","guid":{"rendered":"https:\/\/colombahotel.com\/?page_id=152"},"modified":"2023-09-07T15:16:44","modified_gmt":"2023-09-07T13:16:44","slug":"zimmer","status":"publish","type":"page","link":"https:\/\/colombahotel.com\/de\/zimmer\/","title":{"rendered":"Zimmer"},"content":{"rendered":"<h2><strong>Luxus und historischer Charme: die Zimmer im Hotel Colomba d\u2019Oro verspr\u00fchen einen Hauch Nostalgie<\/strong><\/h2>\n<p>Das Hotel Colomba d\u2019Oro in der Altstadt von Verona bietet eine Auswahl verschiedener Zimmer mit h\u00f6chstem Komfort, die den eleganten Stil des Hotels widerspiegeln.<\/p>\n<p>Die stimmungsvolle Atmosph\u00e4re der Flure des Hotels Colomba d\u2019Oro, in dem sich unterschiedliche Kunst- und Geschichtsepochen abwechseln, stimmt die G\u00e4ste bereits auf ihre Zimmer ein.<\/p>\n<p>Die individuelle und handwerklich hochwertige Ausstattung ist durch den edlen Marmor aus der Region charakterisiert. Egal, von welchem Zimmer man das Fenster \u00f6ffnet, kann man direkt die Opernkl\u00e4nge aus der Arena h\u00f6ren, die nur wenige Schritte vom Hotel Colomba d\u2019Oro entfernt liegt. Lassen Sie sich von der barocken, romantischen oder mittelalterlichen Atmosph\u00e4re der Zimmer verf\u00fchren und genie\u00dfen Sie Serviceleistungen und Komfort, die nur ein 4-Sterne-Hotel im Zentrum von Verona bieten kann.<\/p>\n","protected":false},"excerpt":{"rendered":"<p>Luxus und historischer Charme: die Zimmer im Hotel Colomba d\u2019Oro verspr\u00fchen einen Hauch Nostalgie Das Hotel Colomba d\u2019Oro in der Altstadt von Verona bietet eine Auswahl verschiedener Zimmer mit h\u00f6chstem Komfort, die den eleganten Stil des Hotels widerspiegeln. Die stimmungsvolle Atmosph\u00e4re der Flure des Hotels Colomba d\u2019Oro, in dem sich unterschiedliche Kunst- und Geschichtsepochen abwechseln, [&hellip;]<\/p>\n","protected":false},"author":1,"featured_media":0,"parent":0,"menu_order":0,"comment_status":"closed","ping_status":"closed","template":"page-rooms.php","meta":{"_acf_changed":false,"footnotes":""},"class_list":["post-152","page","type-page","status-publish","hentry"],"acf":[],"yoast_head":"<!-- This site is optimized with the Yoast SEO plugin v24.6 - https:\/\/yoast.com\/wordpress\/plugins\/seo\/ -->\n<title>Zimmer - Hotel Colomba d&#039;Oro - Deu<\/title>\n<meta name=\"robots\" content=\"index, follow, max-snippet:-1, max-image-preview:large, max-video-preview:-1\" \/>\n<link rel=\"canonical\" href=\"https:\/\/colombahotel.com\/de\/zimmer\/\" \/>\n<meta property=\"og:locale\" content=\"de_DE\" \/>\n<meta property=\"og:type\" content=\"article\" \/>\n<meta property=\"og:title\" content=\"Zimmer - Hotel Colomba d&#039;Oro - Deu\" \/>\n<meta property=\"og:description\" content=\"Luxus und historischer Charme: die Zimmer im Hotel Colomba d\u2019Oro verspr\u00fchen einen Hauch Nostalgie Das Hotel Colomba d\u2019Oro in der Altstadt von Verona bietet eine Auswahl verschiedener Zimmer mit h\u00f6chstem Komfort, die den eleganten Stil des Hotels widerspiegeln. Die stimmungsvolle Atmosph\u00e4re der Flure des Hotels Colomba d\u2019Oro, in dem sich unterschiedliche Kunst- und Geschichtsepochen abwechseln, [&hellip;]\" \/>\n<meta property=\"og:url\" content=\"https:\/\/colombahotel.com\/de\/zimmer\/\" \/>\n<meta property=\"og:site_name\" content=\"Hotel Colomba d&#039;Oro - Deu\" \/>\n<meta property=\"article:modified_time\" content=\"2023-09-07T13:16:44+00:00\" \/>\n<meta name=\"twitter:card\" content=\"summary_large_image\" \/>\n<meta name=\"twitter:label1\" content=\"Gesch\u00e4tzte Lesezeit\" \/>\n\t<meta name=\"twitter:data1\" content=\"1\u00a0Minute\" \/>\n<script type=\"application\/ld+json\" class=\"yoast-schema-graph\">{\"@context\":\"https:\/\/schema.org\",\"@graph\":[{\"@type\":\"WebPage\",\"@id\":\"https:\/\/colombahotel.com\/de\/zimmer\/\",\"url\":\"https:\/\/colombahotel.com\/de\/zimmer\/\",\"name\":\"Zimmer - Hotel Colomba d&#039;Oro - Deu\",\"isPartOf\":{\"@id\":\"https:\/\/colombahotel.com\/de\/#website\"},\"datePublished\":\"2018-04-20T12:49:25+00:00\",\"dateModified\":\"2023-09-07T13:16:44+00:00\",\"inLanguage\":\"de\",\"potentialAction\":[{\"@type\":\"ReadAction\",\"target\":[\"https:\/\/colombahotel.com\/de\/zimmer\/\"]}]},{\"@type\":\"WebSite\",\"@id\":\"https:\/\/colombahotel.com\/de\/#website\",\"url\":\"https:\/\/colombahotel.com\/de\/\",\"name\":\"Hotel Colomba d&#039;Oro - Deu\",\"description\":\"\",\"potentialAction\":[{\"@type\":\"SearchAction\",\"target\":{\"@type\":\"EntryPoint\",\"urlTemplate\":\"https:\/\/colombahotel.com\/de\/?s={search_term_string}\"},\"query-input\":{\"@type\":\"PropertyValueSpecification\",\"valueRequired\":true,\"valueName\":\"search_term_string\"}}],\"inLanguage\":\"de\"}]}<\/script>\n<!-- \/ Yoast SEO plugin. -->","yoast_head_json":{"title":"Zimmer - Hotel Colomba d&#039;Oro - Deu","robots":{"index":"index","follow":"follow","max-snippet":"max-snippet:-1","max-image-preview":"max-image-preview:large","max-video-preview":"max-video-preview:-1"},"canonical":"https:\/\/colombahotel.com\/de\/zimmer\/","og_locale":"de_DE","og_type":"article","og_title":"Zimmer - Hotel Colomba d&#039;Oro - Deu","og_description":"Luxus und historischer Charme: die Zimmer im Hotel Colomba d\u2019Oro verspr\u00fchen einen Hauch Nostalgie Das Hotel Colomba d\u2019Oro in der Altstadt von Verona bietet eine Auswahl verschiedener Zimmer mit h\u00f6chstem Komfort, die den eleganten Stil des Hotels widerspiegeln. Die stimmungsvolle Atmosph\u00e4re der Flure des Hotels Colomba d\u2019Oro, in dem sich unterschiedliche Kunst- und Geschichtsepochen abwechseln, [&hellip;]","og_url":"https:\/\/colombahotel.com\/de\/zimmer\/","og_site_name":"Hotel Colomba d&#039;Oro - Deu","article_modified_time":"2023-09-07T13:16:44+00:00","twitter_card":"summary_large_image","twitter_misc":{"Gesch\u00e4tzte Lesezeit":"1\u00a0Minute"},"schema":{"@context":"https:\/\/schema.org","@graph":[{"@type":"WebPage","@id":"https:\/\/colombahotel.com\/de\/zimmer\/","url":"https:\/\/colombahotel.com\/de\/zimmer\/","name":"Zimmer - Hotel Colomba d&#039;Oro - Deu","isPartOf":{"@id":"https:\/\/colombahotel.com\/de\/#website"},"datePublished":"2018-04-20T12:49:25+00:00","dateModified":"2023-09-07T13:16:44+00:00","inLanguage":"de","potentialAction":[{"@type":"ReadAction","target":["https:\/\/colombahotel.com\/de\/zimmer\/"]}]},{"@type":"WebSite","@id":"https:\/\/colombahotel.com\/de\/#website","url":"https:\/\/colombahotel.com\/de\/","name":"Hotel Colomba d&#039;Oro - Deu","description":"","potentialAction":[{"@type":"SearchAction","target":{"@type":"EntryPoint","urlTemplate":"https:\/\/colombahotel.com\/de\/?s={search_term_string}"},"query-input":{"@type":"PropertyValueSpecification","valueRequired":true,"valueName":"search_term_string"}}],"inLanguage":"de"}]}},"_links":{"self":[{"href":"https:\/\/colombahotel.com\/de\/wp-json\/wp\/v2\/pages\/152","targetHints":{"allow":["GET"]}}],"collection":[{"href":"https:\/\/colombahotel.com\/de\/wp-json\/wp\/v2\/pages"}],"about":[{"href":"https:\/\/colombahotel.com\/de\/wp-json\/wp\/v2\/types\/page"}],"author":[{"embeddable":true,"href":"https:\/\/colombahotel.com\/de\/wp-json\/wp\/v2\/users\/1"}],"replies":[{"embeddable":true,"href":"https:\/\/colombahotel.com\/de\/wp-json\/wp\/v2\/comments?post=152"}],"version-history":[{"count":3,"href":"https:\/\/colombahotel.com\/de\/wp-json\/wp\/v2\/pages\/152\/revisions"}],"predecessor-version":[{"id":602,"href":"https:\/\/colombahotel.com\/de\/wp-json\/wp\/v2\/pages\/152\/revisions\/602"}],"wp:attachment":[{"href":"https:\/\/colombahotel.com\/de\/wp-json\/wp\/v2\/media?parent=152"}],"curies":[{"name":"wp","href":"https:\/\/api.w.org\/{rel}","templated":true}]}}