{"id":140,"date":"2018-04-19T17:09:27","date_gmt":"2018-04-19T15:09:27","guid":{"rendered":"https:\/\/colombahotel.com\/?page_id=140"},"modified":"2023-09-07T15:18:03","modified_gmt":"2023-09-07T13:18:03","slug":"einzelzimmern","status":"publish","type":"page","link":"https:\/\/colombahotel.com\/de\/zimmer\/einzelzimmern\/","title":{"rendered":"Einzelzimmer"},"content":{"rendered":"<p>Auch die Einzelzimmer des Hotels Colomba d\u2019Oro zeichnen sich durch eine stilvolle Einrichtung aus, bei der auf jedes Detail Wert gelegt wird: Badezimmer aus Marmor, hochwertige W\u00e4scheausstattung sowie individuell einstellbare Klimaanlage und Heizung. Die ideale L\u00f6sung f\u00fcr alle, die allein reisen und nicht zu viel Platz ben\u00f6tigen. Die Einzelbettzimmer verf\u00fcgen \u00fcber dieselbe Ausstattung wie die Doppelzimmer, einschlie\u00dflich Wi-Fi-Anschluss, Flachbild-TV, Safe und Minibar.<\/p>\n","protected":false},"excerpt":{"rendered":"<p>Auch die Einzelzimmer des Hotels Colomba d\u2019Oro zeichnen sich durch eine stilvolle Einrichtung aus, bei der auf jedes Detail Wert gelegt wird: Badezimmer aus Marmor, hochwertige W\u00e4scheausstattung sowie individuell einstellbare Klimaanlage und Heizung. Die ideale L\u00f6sung f\u00fcr alle, die allein reisen und nicht zu viel Platz ben\u00f6tigen. Die Einzelbettzimmer verf\u00fcgen \u00fcber dieselbe Ausstattung wie die [&hellip;]<\/p>\n","protected":false},"author":1,"featured_media":237,"parent":152,"menu_order":10,"comment_status":"closed","ping_status":"closed","template":"page-room.php","meta":{"_acf_changed":false,"footnotes":""},"class_list":["post-140","page","type-page","status-publish","has-post-thumbnail","hentry"],"acf":[],"yoast_head":"<!-- This site is optimized with the Yoast SEO plugin v24.6 - https:\/\/yoast.com\/wordpress\/plugins\/seo\/ -->\n<title>Einzelzimmer - Hotel Colomba d&#039;Oro - Deu<\/title>\n<meta name=\"robots\" content=\"index, follow, max-snippet:-1, max-image-preview:large, max-video-preview:-1\" \/>\n<link rel=\"canonical\" href=\"https:\/\/colombahotel.com\/de\/zimmer\/einzelzimmern\/\" \/>\n<meta property=\"og:locale\" content=\"de_DE\" \/>\n<meta property=\"og:type\" content=\"article\" \/>\n<meta property=\"og:title\" content=\"Einzelzimmer - Hotel Colomba d&#039;Oro - Deu\" \/>\n<meta property=\"og:description\" content=\"Auch die Einzelzimmer des Hotels Colomba d\u2019Oro zeichnen sich durch eine stilvolle Einrichtung aus, bei der auf jedes Detail Wert gelegt wird: Badezimmer aus Marmor, hochwertige W\u00e4scheausstattung sowie individuell einstellbare Klimaanlage und Heizung. Die ideale L\u00f6sung f\u00fcr alle, die allein reisen und nicht zu viel Platz ben\u00f6tigen. Die Einzelbettzimmer verf\u00fcgen \u00fcber dieselbe Ausstattung wie die [&hellip;]\" \/>\n<meta property=\"og:url\" content=\"https:\/\/colombahotel.com\/de\/zimmer\/einzelzimmern\/\" \/>\n<meta property=\"og:site_name\" content=\"Hotel Colomba d&#039;Oro - Deu\" \/>\n<meta property=\"article:modified_time\" content=\"2023-09-07T13:18:03+00:00\" \/>\n<meta property=\"og:image\" content=\"https:\/\/colombahotel.com\/de\/wp-content\/uploads\/sites\/3\/2018\/05\/IMG_9828.jpg\" \/>\n\t<meta property=\"og:image:width\" content=\"1400\" \/>\n\t<meta property=\"og:image:height\" content=\"934\" \/>\n\t<meta property=\"og:image:type\" content=\"image\/jpeg\" \/>\n<meta name=\"twitter:card\" content=\"summary_large_image\" \/>\n<meta name=\"twitter:label1\" content=\"Gesch\u00e4tzte Lesezeit\" \/>\n\t<meta name=\"twitter:data1\" content=\"1\u00a0Minute\" \/>\n<script type=\"application\/ld+json\" class=\"yoast-schema-graph\">{\"@context\":\"https:\/\/schema.org\",\"@graph\":[{\"@type\":\"WebPage\",\"@id\":\"https:\/\/colombahotel.com\/de\/zimmer\/einzelzimmern\/\",\"url\":\"https:\/\/colombahotel.com\/de\/zimmer\/einzelzimmern\/\",\"name\":\"Einzelzimmer - Hotel Colomba d&#039;Oro - Deu\",\"isPartOf\":{\"@id\":\"https:\/\/colombahotel.com\/de\/#website\"},\"primaryImageOfPage\":{\"@id\":\"https:\/\/colombahotel.com\/de\/zimmer\/einzelzimmern\/#primaryimage\"},\"image\":{\"@id\":\"https:\/\/colombahotel.com\/de\/zimmer\/einzelzimmern\/#primaryimage\"},\"thumbnailUrl\":\"https:\/\/colombahotel.com\/de\/wp-content\/uploads\/sites\/3\/2018\/05\/IMG_9828.jpg\",\"datePublished\":\"2018-04-19T15:09:27+00:00\",\"dateModified\":\"2023-09-07T13:18:03+00:00\",\"breadcrumb\":{\"@id\":\"https:\/\/colombahotel.com\/de\/zimmer\/einzelzimmern\/#breadcrumb\"},\"inLanguage\":\"de\",\"potentialAction\":[{\"@type\":\"ReadAction\",\"target\":[\"https:\/\/colombahotel.com\/de\/zimmer\/einzelzimmern\/\"]}]},{\"@type\":\"ImageObject\",\"inLanguage\":\"de\",\"@id\":\"https:\/\/colombahotel.com\/de\/zimmer\/einzelzimmern\/#primaryimage\",\"url\":\"https:\/\/colombahotel.com\/de\/wp-content\/uploads\/sites\/3\/2018\/05\/IMG_9828.jpg\",\"contentUrl\":\"https:\/\/colombahotel.com\/de\/wp-content\/uploads\/sites\/3\/2018\/05\/IMG_9828.jpg\",\"width\":1400,\"height\":934},{\"@type\":\"BreadcrumbList\",\"@id\":\"https:\/\/colombahotel.com\/de\/zimmer\/einzelzimmern\/#breadcrumb\",\"itemListElement\":[{\"@type\":\"ListItem\",\"position\":1,\"name\":\"Zimmer\",\"item\":\"https:\/\/colombahotel.com\/de\/zimmer\/\"},{\"@type\":\"ListItem\",\"position\":2,\"name\":\"Einzelzimmer\"}]},{\"@type\":\"WebSite\",\"@id\":\"https:\/\/colombahotel.com\/de\/#website\",\"url\":\"https:\/\/colombahotel.com\/de\/\",\"name\":\"Hotel Colomba d&#039;Oro - Deu\",\"description\":\"\",\"potentialAction\":[{\"@type\":\"SearchAction\",\"target\":{\"@type\":\"EntryPoint\",\"urlTemplate\":\"https:\/\/colombahotel.com\/de\/?s={search_term_string}\"},\"query-input\":{\"@type\":\"PropertyValueSpecification\",\"valueRequired\":true,\"valueName\":\"search_term_string\"}}],\"inLanguage\":\"de\"}]}<\/script>\n<!-- \/ Yoast SEO plugin. -->","yoast_head_json":{"title":"Einzelzimmer - Hotel Colomba d&#039;Oro - Deu","robots":{"index":"index","follow":"follow","max-snippet":"max-snippet:-1","max-image-preview":"max-image-preview:large","max-video-preview":"max-video-preview:-1"},"canonical":"https:\/\/colombahotel.com\/de\/zimmer\/einzelzimmern\/","og_locale":"de_DE","og_type":"article","og_title":"Einzelzimmer - Hotel Colomba d&#039;Oro - Deu","og_description":"Auch die Einzelzimmer des Hotels Colomba d\u2019Oro zeichnen sich durch eine stilvolle Einrichtung aus, bei der auf jedes Detail Wert gelegt wird: Badezimmer aus Marmor, hochwertige W\u00e4scheausstattung sowie individuell einstellbare Klimaanlage und Heizung. Die ideale L\u00f6sung f\u00fcr alle, die allein reisen und nicht zu viel Platz ben\u00f6tigen. Die Einzelbettzimmer verf\u00fcgen \u00fcber dieselbe Ausstattung wie die [&hellip;]","og_url":"https:\/\/colombahotel.com\/de\/zimmer\/einzelzimmern\/","og_site_name":"Hotel Colomba d&#039;Oro - Deu","article_modified_time":"2023-09-07T13:18:03+00:00","og_image":[{"width":1400,"height":934,"url":"https:\/\/colombahotel.com\/de\/wp-content\/uploads\/sites\/3\/2018\/05\/IMG_9828.jpg","type":"image\/jpeg"}],"twitter_card":"summary_large_image","twitter_misc":{"Gesch\u00e4tzte Lesezeit":"1\u00a0Minute"},"schema":{"@context":"https:\/\/schema.org","@graph":[{"@type":"WebPage","@id":"https:\/\/colombahotel.com\/de\/zimmer\/einzelzimmern\/","url":"https:\/\/colombahotel.com\/de\/zimmer\/einzelzimmern\/","name":"Einzelzimmer - Hotel Colomba d&#039;Oro - Deu","isPartOf":{"@id":"https:\/\/colombahotel.com\/de\/#website"},"primaryImageOfPage":{"@id":"https:\/\/colombahotel.com\/de\/zimmer\/einzelzimmern\/#primaryimage"},"image":{"@id":"https:\/\/colombahotel.com\/de\/zimmer\/einzelzimmern\/#primaryimage"},"thumbnailUrl":"https:\/\/colombahotel.com\/de\/wp-content\/uploads\/sites\/3\/2018\/05\/IMG_9828.jpg","datePublished":"2018-04-19T15:09:27+00:00","dateModified":"2023-09-07T13:18:03+00:00","breadcrumb":{"@id":"https:\/\/colombahotel.com\/de\/zimmer\/einzelzimmern\/#breadcrumb"},"inLanguage":"de","potentialAction":[{"@type":"ReadAction","target":["https:\/\/colombahotel.com\/de\/zimmer\/einzelzimmern\/"]}]},{"@type":"ImageObject","inLanguage":"de","@id":"https:\/\/colombahotel.com\/de\/zimmer\/einzelzimmern\/#primaryimage","url":"https:\/\/colombahotel.com\/de\/wp-content\/uploads\/sites\/3\/2018\/05\/IMG_9828.jpg","contentUrl":"https:\/\/colombahotel.com\/de\/wp-content\/uploads\/sites\/3\/2018\/05\/IMG_9828.jpg","width":1400,"height":934},{"@type":"BreadcrumbList","@id":"https:\/\/colombahotel.com\/de\/zimmer\/einzelzimmern\/#breadcrumb","itemListElement":[{"@type":"ListItem","position":1,"name":"Zimmer","item":"https:\/\/colombahotel.com\/de\/zimmer\/"},{"@type":"ListItem","position":2,"name":"Einzelzimmer"}]},{"@type":"WebSite","@id":"https:\/\/colombahotel.com\/de\/#website","url":"https:\/\/colombahotel.com\/de\/","name":"Hotel Colomba d&#039;Oro - Deu","description":"","potentialAction":[{"@type":"SearchAction","target":{"@type":"EntryPoint","urlTemplate":"https:\/\/colombahotel.com\/de\/?s={search_term_string}"},"query-input":{"@type":"PropertyValueSpecification","valueRequired":true,"valueName":"search_term_string"}}],"inLanguage":"de"}]}},"_links":{"self":[{"href":"https:\/\/colombahotel.com\/de\/wp-json\/wp\/v2\/pages\/140","targetHints":{"allow":["GET"]}}],"collection":[{"href":"https:\/\/colombahotel.com\/de\/wp-json\/wp\/v2\/pages"}],"about":[{"href":"https:\/\/colombahotel.com\/de\/wp-json\/wp\/v2\/types\/page"}],"author":[{"embeddable":true,"href":"https:\/\/colombahotel.com\/de\/wp-json\/wp\/v2\/users\/1"}],"replies":[{"embeddable":true,"href":"https:\/\/colombahotel.com\/de\/wp-json\/wp\/v2\/comments?post=140"}],"version-history":[{"count":7,"href":"https:\/\/colombahotel.com\/de\/wp-json\/wp\/v2\/pages\/140\/revisions"}],"predecessor-version":[{"id":625,"href":"https:\/\/colombahotel.com\/de\/wp-json\/wp\/v2\/pages\/140\/revisions\/625"}],"up":[{"embeddable":true,"href":"https:\/\/colombahotel.com\/de\/wp-json\/wp\/v2\/pages\/152"}],"wp:featuredmedia":[{"embeddable":true,"href":"https:\/\/colombahotel.com\/de\/wp-json\/wp\/v2\/media\/237"}],"wp:attachment":[{"href":"https:\/\/colombahotel.com\/de\/wp-json\/wp\/v2\/media?parent=140"}],"curies":[{"name":"wp","href":"https:\/\/api.w.org\/{rel}","templated":true}]}}